{"id":3,"date":"2022-12-06T22:04:01","date_gmt":"2022-12-06T22:04:01","guid":{"rendered":"http:\/\/localhost\/zois\/?page_id=3"},"modified":"2023-01-21T15:11:37","modified_gmt":"2023-01-21T15:11:37","slug":"privacy-policy","status":"publish","type":"page","link":"https:\/\/zois.al\/sq\/privacy-policy\/","title":{"rendered":"Politikat e Privat\u00ebsis\u00eb"},"content":{"rendered":"<h2 class=\"has-medium-font-size wp-block-heading\"><strong>SEKSIONI 1 \u2013 \u00c7FAR\u00cb B\u00cbJM\u00cb ME INFORMACIONIN TUAJ?<\/strong><\/h2>\n\n\n\n<p>Kur blini di\u00e7ka nga faqja online e ZOIS HAIR PRO, si pjes\u00eb e procesit t\u00eb blerjes dhe shitjes, ne mbledhim informacionin personal q\u00eb ju na jepni, si\u00e7 jan\u00eb emri, adresa dhe adresa e emailit tuaj.<\/p>\n\n\n\n<p>Kur shfletoni dyqanin ton\u00eb, ne gjithashtu marrim automatikisht adres\u00ebn e protokollit t\u00eb internetit (IP) t\u00eb kompjuterit tuaj, n\u00eb m\u00ebnyr\u00eb q\u00eb t\u00eb na japin informacione q\u00eb na ndihmojn\u00eb t\u00eb m\u00ebsojm\u00eb rreth shfletuesit tuaj dhe sistemit operues.<\/p>\n\n\n\n<p>Marketingu me email (n\u00ebse aplikohet): Me lejen tuaj, ne mund t&#8217;ju d\u00ebrgojm\u00eb email n\u00eb lidhje me dyqanin ton\u00eb, produkte t\u00eb reja dhe p\u00ebrdit\u00ebsime t\u00eb tjera.<\/p>\n\n\n\n<h2 class=\"has-medium-font-size wp-block-heading\"><strong>SEKSIONI 2 &#8211; MIRATIMI<\/strong><\/h2>\n\n\n\n<p>Klienti pyet: Si e merrni miratimin tim?<\/p>\n\n\n\n<p>Kur ju na jepni informacione personale p\u00ebr t\u00eb p\u00ebrfunduar nj\u00eb transaksion, p\u00ebr t\u00eb verifikuar kart\u00ebn tuaj t\u00eb kreditit, p\u00ebr t\u00eb kryer nj\u00eb porosi, p\u00ebr t\u00eb specifikuar nj\u00eb d\u00ebrges\u00eb ose p\u00ebr t\u00eb kthyer nj\u00eb blerje, ne n\u00ebnkuptojm\u00eb se ju pranoni q\u00eb ne ta mbledhim at\u00eb informacion dhe ta p\u00ebrdorim vet\u00ebm p\u00ebr at\u00eb arsye specifike.<\/p>\n\n\n\n<p>N\u00ebse k\u00ebrkojm\u00eb informacionin tuaj personal p\u00ebr nj\u00eb arsye dyt\u00ebsore, si reklamim, ne ose do t&#8217;ju k\u00ebrkojm\u00eb direkt p\u00eblqimin tuaj t\u00eb shprehur, ose do t&#8217;ju ofrojm\u00eb nj\u00eb mund\u00ebsi p\u00ebr t\u00eb th\u00ebn\u00eb jo.<\/p>\n\n\n\n<p>Klienti pyet p\u00ebrs\u00ebr: Si mund ta t\u00ebrheq miratimin tim?<\/p>\n\n\n\n<p>N\u00ebse pasi t\u00eb b\u00ebni zgjedhjen ju nd\u00ebrroni mendim, mund t\u00eb t\u00ebrhiqni miratimin tuaj q\u00eb ne t&#8217;ju kontaktojm\u00eb p\u00ebr mbledhjen e vazhdueshme apo p\u00ebrdorimin e informacionit tuaj, n\u00eb \u00e7do koh\u00eb, duke na kontaktuar n\u00eb <a href=\"mailto:zoishairpro@gmail.com\">zoishairpro@gmail.com<\/a>.<\/p>\n\n\n\n<h2 class=\"has-medium-font-size wp-block-heading\"><strong>SEKSIONI 3 &#8211; SIGURIA<\/strong><\/h2>\n\n\n\n<p>P\u00ebr t\u00eb mbrojtur informacionin tuaj personal, ne marrim masa paraprake t\u00eb arsyeshme dhe ndjekim praktikat m\u00eb t\u00eb mira t\u00eb industris\u00eb p\u00ebr t&#8217;u siguruar q\u00eb ai nuk \u00ebsht\u00eb humbur, keqp\u00ebrdorur, marr\u00eb, zbuluar ose ndryshuar n\u00eb m\u00ebnyr\u00eb jo t\u00eb duhur.<\/p>\n\n\n\n<h2 class=\"has-medium-font-size wp-block-heading\"><strong>SEKSIONI 4 \u2013 MOSHA E LEJUAR<\/strong><\/h2>\n\n\n\n<p>Duke p\u00ebrdorur k\u00ebt\u00eb faqe, ju aprovoni se jeni n\u00eb mosh\u00eb madhore n\u00eb shtetin tuaj dhe se jeni t\u00eb vet\u00ebdijsh\u00ebm p\u00ebr \u00e7do veprim q\u00eb kryeni.<\/p>\n\n\n\n<h2 class=\"has-medium-font-size wp-block-heading\"><strong>SEKSIONI 5 \u2013 NDRYSHIME N\u00cb K\u00cbT\u00cb POLITIK\u00cb PRIVAT\u00cbSIE<\/strong><\/h2>\n\n\n\n<p>Ne rezervojm\u00eb t\u00eb drejt\u00ebn p\u00ebr t\u00eb modifikuar k\u00ebt\u00eb politik\u00eb t\u00eb privat\u00ebsis\u00eb n\u00eb \u00e7do koh\u00eb, k\u00ebshtu q\u00eb ju lutemi ta rishikoni. Ndryshimet dhe sqarimet do t\u00eb hyjn\u00eb n\u00eb fuqi menj\u00ebher\u00eb pas postimit t\u00eb tyre n\u00eb faqen e internetit. N\u00ebse b\u00ebjm\u00eb ndryshime materiali n\u00eb k\u00ebt\u00eb politik\u00eb, ne do t&#8217;ju njoftojm\u00eb k\u00ebtu se \u00ebsht\u00eb p\u00ebrdit\u00ebsuar, n\u00eb m\u00ebnyr\u00eb q\u00eb t\u00eb jeni t\u00eb vet\u00ebdijsh\u00ebm se \u00e7far\u00eb informacioni mbledhim, si i p\u00ebrdorim ato dhe n\u00eb \u00e7far\u00eb rrethanash, n\u00ebse ka, ne i p\u00ebrdorim dhe\/ose e shpalosim at\u00eb.<\/p>\n\n\n\n<p>N\u00ebse kompania jon\u00eb \u00ebsht\u00eb bler\u00eb ose bashkuar me nj\u00eb kompani tjet\u00ebr, informacioni juaj mund t\u00eb transferohet te pronar\u00ebt e rinj n\u00eb m\u00ebnyr\u00eb q\u00eb ne t\u00eb mund t\u00eb vazhdojm\u00eb t\u00eb shesim produkte p\u00ebr ju.<\/p>\n\n\n\n<h2 class=\"has-medium-font-size wp-block-heading\"><strong>PYETJE DHE INFORMACIONE<\/strong><\/h2>\n\n\n\n<p>N\u00ebse d\u00ebshironi t\u00eb: hyni, korrigjoni, ndryshoni ose fshini \u00e7do informacion personal q\u00eb kemi, n\u00eb lidhje me ju, regjistroni nj\u00eb ankes\u00eb ose thjesht nese d\u00ebshironi m\u00eb shum\u00eb informacion kontaktoni n\u00eb <a href=\"mailto:zoishairpro@gmail.com\">zoishairpro@gmail.com<\/a>.<\/p>","protected":false},"excerpt":{"rendered":"<p>SEKSIONI 1 \u2013 \u00c7FAR\u00cb B\u00cbJM\u00cb ME INFORMACIONIN TUAJ? Kur blini di\u00e7ka nga faqja online e ZOIS HAIR PRO, si pjes\u00eb e procesit t\u00eb blerjes dhe shitjes, ne mbledhim informacionin personal q\u00eb ju na jepni, si\u00e7 jan\u00eb emri, adresa dhe adresa e emailit tuaj. Kur shfletoni dyqanin ton\u00eb, ne gjithashtu marrim automatikisht adres\u00ebn e protokollit t\u00eb [&hellip;]<\/p>\n","protected":false},"author":1,"featured_media":0,"parent":0,"menu_order":0,"comment_status":"closed","ping_status":"open","template":"","meta":{"site-sidebar-layout":"default","site-content-layout":"","ast-site-content-layout":"default","site-content-style":"default","site-sidebar-style":"default","ast-global-header-display":"","ast-banner-title-visibility":"","ast-main-header-display":"","ast-hfb-above-header-display":"","ast-hfb-below-header-display":"","ast-hfb-mobile-header-display":"","site-post-title":"","ast-breadcrumbs-content":"","ast-featured-img":"","footer-sml-layout":"","ast-disable-related-posts":"","theme-transparent-header-meta":"","adv-header-id-meta":"","stick-header-meta":"","header-above-stick-meta":"","header-main-stick-meta":"","header-below-stick-meta":"","astra-migrate-meta-layouts":"default","ast-page-background-enabled":"default","ast-page-background-meta":{"desktop":{"background-color":"var(--ast-global-color-4)","background-image":"","background-repeat":"repeat","background-position":"center center","background-size":"auto","background-attachment":"scroll","background-type":"","background-media":"","overlay-type":"","overlay-color":"","overlay-opacity":"","overlay-gradient":""},"tablet":{"background-color":"","background-image":"","background-repeat":"repeat","background-position":"center center","background-size":"auto","background-attachment":"scroll","background-type":"","background-media":"","overlay-type":"","overlay-color":"","overlay-opacity":"","overlay-gradient":""},"mobile":{"background-color":"","background-image":"","background-repeat":"repeat","background-position":"center center","background-size":"auto","background-attachment":"scroll","background-type":"","background-media":"","overlay-type":"","overlay-color":"","overlay-opacity":"","overlay-gradient":""}},"ast-content-background-meta":{"desktop":{"background-color":"var(--ast-global-color-5)","background-image":"","background-repeat":"repeat","background-position":"center center","background-size":"auto","background-attachment":"scroll","background-type":"","background-media":"","overlay-type":"","overlay-color":"","overlay-opacity":"","overlay-gradient":""},"tablet":{"background-color":"var(--ast-global-color-5)","background-image":"","background-repeat":"repeat","background-position":"center center","background-size":"auto","background-attachment":"scroll","background-type":"","background-media":"","overlay-type":"","overlay-color":"","overlay-opacity":"","overlay-gradient":""},"mobile":{"background-color":"var(--ast-global-color-5)","background-image":"","background-repeat":"repeat","background-position":"center center","background-size":"auto","background-attachment":"scroll","background-type":"","background-media":"","overlay-type":"","overlay-color":"","overlay-opacity":"","overlay-gradient":""}},"footnotes":""},"class_list":["post-3","page","type-page","status-publish","hentry"],"_links":{"self":[{"href":"https:\/\/zois.al\/sq\/wp-json\/wp\/v2\/pages\/3","targetHints":{"allow":["GET"]}}],"collection":[{"href":"https:\/\/zois.al\/sq\/wp-json\/wp\/v2\/pages"}],"about":[{"href":"https:\/\/zois.al\/sq\/wp-json\/wp\/v2\/types\/page"}],"author":[{"embeddable":true,"href":"https:\/\/zois.al\/sq\/wp-json\/wp\/v2\/users\/1"}],"replies":[{"embeddable":true,"href":"https:\/\/zois.al\/sq\/wp-json\/wp\/v2\/comments?post=3"}],"version-history":[{"count":2,"href":"https:\/\/zois.al\/sq\/wp-json\/wp\/v2\/pages\/3\/revisions"}],"predecessor-version":[{"id":2035,"href":"https:\/\/zois.al\/sq\/wp-json\/wp\/v2\/pages\/3\/revisions\/2035"}],"wp:attachment":[{"href":"https:\/\/zois.al\/sq\/wp-json\/wp\/v2\/media?parent=3"}],"curies":[{"name":"wp","href":"https:\/\/api.w.org\/{rel}","templated":true}]}}