{"id":381,"date":"2021-08-23T02:10:02","date_gmt":"2021-08-23T02:10:02","guid":{"rendered":"http:\/\/localhost\/zois\/about\/"},"modified":"2023-02-09T17:27:35","modified_gmt":"2023-02-09T17:27:35","slug":"about","status":"publish","type":"page","link":"https:\/\/zois.al\/sq\/about\/","title":{"rendered":"Rreth Nesh"},"content":{"rendered":"<div data-elementor-type=\"wp-page\" data-elementor-id=\"381\" class=\"elementor elementor-381\">\n\t\t\t\t\t\t<section class=\"elementor-section elementor-top-section elementor-element elementor-element-5968261 elementor-section-boxed elementor-section-height-default elementor-section-height-default\" data-id=\"5968261\" data-element_type=\"section\" data-e-type=\"section\" data-settings=\"{&quot;background_background&quot;:&quot;classic&quot;}\">\n\t\t\t\t\t\t\t<div class=\"elementor-background-overlay\"><\/div>\n\t\t\t\t\t\t\t<div class=\"elementor-container elementor-column-gap-no\">\n\t\t\t\t\t<div class=\"elementor-column elementor-col-100 elementor-top-column elementor-element elementor-element-c024d11\" data-id=\"c024d11\" data-element_type=\"column\" data-e-type=\"column\">\n\t\t\t<div class=\"elementor-widget-wrap elementor-element-populated\">\n\t\t\t\t\t\t<div class=\"elementor-element elementor-element-32a39d1 elementor-widget elementor-widget-heading\" data-id=\"32a39d1\" data-element_type=\"widget\" data-e-type=\"widget\" data-widget_type=\"heading.default\">\n\t\t\t\t<div class=\"elementor-widget-container\">\n\t\t\t\t\t<h1 class=\"elementor-heading-title elementor-size-default\">Rreth Nesh<\/h1>\t\t\t\t<\/div>\n\t\t\t\t<\/div>\n\t\t\t\t<div class=\"elementor-element elementor-element-61b752d elementor-widget elementor-widget-text-editor\" data-id=\"61b752d\" data-element_type=\"widget\" data-e-type=\"widget\" data-widget_type=\"text-editor.default\">\n\t\t\t\t<div class=\"elementor-widget-container\">\n\t\t\t\t\t\t\t\t\t<p>Reveal Your Beauty \u00ebsht\u00eb slogani yn\u00eb i zgjedhur me shum\u00eb dashuri p\u00ebr t\u00eb p\u00ebrfaq\u00ebsuar frym\u00ebzimin dhe dedikimin ton\u00eb.<\/p>\t\t\t\t\t\t\t\t<\/div>\n\t\t\t\t<\/div>\n\t\t\t\t<div class=\"elementor-element elementor-element-c10a498 elementor-widget-divider--view-line elementor-widget elementor-widget-divider\" data-id=\"c10a498\" data-element_type=\"widget\" data-e-type=\"widget\" data-widget_type=\"divider.default\">\n\t\t\t\t<div class=\"elementor-widget-container\">\n\t\t\t\t\t\t\t<div class=\"elementor-divider\">\n\t\t\t<span class=\"elementor-divider-separator\">\n\t\t\t\t\t\t<\/span>\n\t\t<\/div>\n\t\t\t\t\t\t<\/div>\n\t\t\t\t<\/div>\n\t\t\t\t\t<\/div>\n\t\t<\/div>\n\t\t\t\t\t<\/div>\n\t\t<\/section>\n\t\t\t\t<section class=\"elementor-section elementor-top-section elementor-element elementor-element-658d37d elementor-section-boxed elementor-section-height-default elementor-section-height-default\" data-id=\"658d37d\" data-element_type=\"section\" data-e-type=\"section\">\n\t\t\t\t\t\t<div class=\"elementor-container elementor-column-gap-no\">\n\t\t\t\t\t<div class=\"elementor-column elementor-col-50 elementor-top-column elementor-element elementor-element-a4d0abe\" data-id=\"a4d0abe\" data-element_type=\"column\" data-e-type=\"column\">\n\t\t\t<div class=\"elementor-widget-wrap elementor-element-populated\">\n\t\t\t\t\t\t<div class=\"elementor-element elementor-element-74114c2 elementor-widget elementor-widget-image\" data-id=\"74114c2\" data-element_type=\"widget\" data-e-type=\"widget\" data-widget_type=\"image.default\">\n\t\t\t\t<div class=\"elementor-widget-container\">\n\t\t\t\t\t\t\t\t\t\t\t\t\t\t\t<img decoding=\"async\" src=\"https:\/\/zois.al\/wp-content\/uploads\/elementor\/thumbs\/ZOIS-35-q1v1ul7jz7b3kzidstgtlz827432v26me4zt9oqsf8.jpg\" title=\"ZOIS-35\" alt=\"ZOIS-35\" loading=\"lazy\" \/>\t\t\t\t\t\t\t\t\t\t\t\t\t\t\t<\/div>\n\t\t\t\t<\/div>\n\t\t\t\t\t<\/div>\n\t\t<\/div>\n\t\t\t\t<div class=\"elementor-column elementor-col-50 elementor-top-column elementor-element elementor-element-2a3590d\" data-id=\"2a3590d\" data-element_type=\"column\" data-e-type=\"column\">\n\t\t\t<div class=\"elementor-widget-wrap elementor-element-populated\">\n\t\t\t\t\t\t<div class=\"elementor-element elementor-element-aa8df5f elementor-widget elementor-widget-heading\" data-id=\"aa8df5f\" data-element_type=\"widget\" data-e-type=\"widget\" data-widget_type=\"heading.default\">\n\t\t\t\t<div class=\"elementor-widget-container\">\n\t\t\t\t\t<h6 class=\"elementor-heading-title elementor-size-default\">Nga themeluesi<\/h6>\t\t\t\t<\/div>\n\t\t\t\t<\/div>\n\t\t\t\t<div class=\"elementor-element elementor-element-b881deb elementor-widget__width-auto elementor-view-default elementor-widget elementor-widget-icon\" data-id=\"b881deb\" data-element_type=\"widget\" data-e-type=\"widget\" data-widget_type=\"icon.default\">\n\t\t\t\t<div class=\"elementor-widget-container\">\n\t\t\t\t\t\t\t<div class=\"elementor-icon-wrapper\">\n\t\t\t<div class=\"elementor-icon\">\n\t\t\t<svg xmlns=\"http:\/\/www.w3.org\/2000\/svg\" width=\"67\" height=\"49\" viewbox=\"0 0 67 49\" fill=\"none\"><path d=\"M15.9996 48.4C10.9329 48.4 7.06628 46.8667 4.39961 43.8C1.86628 40.7333 0.599609 36.4667 0.599609 31C0.599609 25.8 1.53294 21.4 3.39961 17.8C5.26628 14.2 7.53294 11.2 10.1996 8.80001C12.9996 6.40001 15.7329 4.53334 18.3996 3.20001C21.1996 1.73333 23.5329 0.666666 25.3996 0L27.7996 5C25.5329 5.93333 23.1329 7.2 20.5996 8.80001C18.0663 10.4 15.8663 12.6667 13.9996 15.6C12.2663 18.4 11.3996 22.3333 11.3996 27.4C12.4663 26.8667 13.4663 26.5333 14.3996 26.4C15.3329 26.2667 16.3329 26.2 17.3996 26.2C21.2663 26.2 24.0663 27.2667 25.7996 29.4C27.6663 31.5333 28.5996 34 28.5996 36.8C28.5996 40 27.4663 42.7333 25.1996 45C23.0663 47.2667 19.9996 48.4 15.9996 48.4ZM53.9996 48.4C48.9329 48.4 45.0663 46.8667 42.3996 43.8C39.8663 40.7333 38.5996 36.4667 38.5996 31C38.5996 25.8 39.5329 21.4 41.3996 17.8C43.2663 14.2 45.5329 11.2 48.1996 8.80001C50.9996 6.40001 53.7329 4.53334 56.3996 3.20001C59.1996 1.73333 61.5329 0.666666 63.3996 0L65.7996 5C63.5329 5.93333 61.1329 7.2 58.5996 8.80001C56.0663 10.4 53.8663 12.6667 51.9996 15.6C50.2663 18.4 49.3996 22.3333 49.3996 27.4C50.4663 26.8667 51.4663 26.5333 52.3996 26.4C53.3329 26.2667 54.3329 26.2 55.3996 26.2C59.2663 26.2 62.0663 27.2667 63.7996 29.4C65.6663 31.5333 66.5996 34 66.5996 36.8C66.5996 40 65.4663 42.7333 63.1996 45C61.0663 47.2667 57.9996 48.4 53.9996 48.4Z\" fill=\"#27272A\"><\/path><\/svg>\t\t\t<\/div>\n\t\t<\/div>\n\t\t\t\t\t\t<\/div>\n\t\t\t\t<\/div>\n\t\t\t\t<div class=\"elementor-element elementor-element-c7d682d elementor-widget elementor-widget-testimonial\" data-id=\"c7d682d\" data-element_type=\"widget\" data-e-type=\"widget\" data-widget_type=\"testimonial.default\">\n\t\t\t\t<div class=\"elementor-widget-container\">\n\t\t\t\t\t\t\t<div class=\"elementor-testimonial-wrapper\">\n\t\t\t\t\t\t\t<div class=\"elementor-testimonial-content\">Q\u00ebllimi yn\u00eb \u00ebsht\u00eb t\u00eb zgjerojm\u00eb m\u00ebnyr\u00ebn se si trajtohet e bukura duke ofruar sh\u00ebrbime dhe produkte premium si dhe zgjidhje p\u00ebr \u00e7do problematik\u00eb t\u00eb mundshme. Angazhimi yn\u00eb \u00ebsht\u00eb q\u00eb p\u00ebrmes bashk\u00ebpunimit me brande t\u00eb njohura nd\u00ebrkomb\u00ebtare t\u00eb ofrojm\u00eb p\u00ebrzgjedhjen e duhur dhe t\u00eb ve\u00e7ant\u00eb t\u00eb produkteve profesionale p\u00ebr t\u2019i mund\u00ebsuar profesionist\u00ebve rezultate t\u00eb mahnitshme n\u00eb flok\u00eb t\u00eb sh\u00ebndetsh\u00ebm.<\/div>\n\t\t\t\n\t\t\t\t\t<\/div>\n\t\t\t\t\t\t<\/div>\n\t\t\t\t<\/div>\n\t\t\t\t<div class=\"elementor-element elementor-element-e0afb77 elementor-widget-divider--view-line elementor-widget elementor-widget-divider\" data-id=\"e0afb77\" data-element_type=\"widget\" data-e-type=\"widget\" data-widget_type=\"divider.default\">\n\t\t\t\t<div class=\"elementor-widget-container\">\n\t\t\t\t\t\t\t<div class=\"elementor-divider\">\n\t\t\t<span class=\"elementor-divider-separator\">\n\t\t\t\t\t\t<\/span>\n\t\t<\/div>\n\t\t\t\t\t\t<\/div>\n\t\t\t\t<\/div>\n\t\t\t\t<div class=\"elementor-element elementor-element-c6eb05c elementor-widget elementor-widget-heading\" data-id=\"c6eb05c\" data-element_type=\"widget\" data-e-type=\"widget\" data-widget_type=\"heading.default\">\n\t\t\t\t<div class=\"elementor-widget-container\">\n\t\t\t\t\t<h6 class=\"elementor-heading-title elementor-size-default\">Social Media<\/h6>\t\t\t\t<\/div>\n\t\t\t\t<\/div>\n\t\t\t\t<div class=\"elementor-element elementor-element-6e17c59 e-grid-align-left elementor-shape-rounded elementor-grid-0 elementor-widget elementor-widget-social-icons\" data-id=\"6e17c59\" data-element_type=\"widget\" data-e-type=\"widget\" data-widget_type=\"social-icons.default\">\n\t\t\t\t<div class=\"elementor-widget-container\">\n\t\t\t\t\t\t\t<div class=\"elementor-social-icons-wrapper elementor-grid\" role=\"list\">\n\t\t\t\t\t\t\t<span class=\"elementor-grid-item\" role=\"listitem\">\n\t\t\t\t\t<a class=\"elementor-icon elementor-social-icon elementor-social-icon-instagram elementor-repeater-item-572f217\" href=\"https:\/\/www.instagram.com\/zois.al\/?igshid=Zjc2ZTc4Nzk%3D\" target=\"_blank\">\n\t\t\t\t\t\t<span class=\"elementor-screen-only\">Instagram<\/span>\n\t\t\t\t\t\t<i aria-hidden=\"true\" class=\"fab fa-instagram\"><\/i>\t\t\t\t\t<\/a>\n\t\t\t\t<\/span>\n\t\t\t\t\t\t\t<span class=\"elementor-grid-item\" role=\"listitem\">\n\t\t\t\t\t<a class=\"elementor-icon elementor-social-icon elementor-social-icon-facebook elementor-repeater-item-35e46af\" href=\"https:\/\/www.facebook.com\/coiffance.al?mibextid=LQQJ4d\" target=\"_blank\">\n\t\t\t\t\t\t<span class=\"elementor-screen-only\">Facebook<\/span>\n\t\t\t\t\t\t<i aria-hidden=\"true\" class=\"fab fa-facebook\"><\/i>\t\t\t\t\t<\/a>\n\t\t\t\t<\/span>\n\t\t\t\t\t<\/div>\n\t\t\t\t\t\t<\/div>\n\t\t\t\t<\/div>\n\t\t\t\t\t<\/div>\n\t\t<\/div>\n\t\t\t\t\t<\/div>\n\t\t<\/section>\n\t\t\t\t<section class=\"elementor-section elementor-top-section elementor-element elementor-element-35b4dc5 elementor-section-boxed elementor-section-height-default elementor-section-height-default\" data-id=\"35b4dc5\" data-element_type=\"section\" data-e-type=\"section\" data-settings=\"{&quot;background_background&quot;:&quot;classic&quot;}\">\n\t\t\t\t\t\t<div class=\"elementor-container elementor-column-gap-no\">\n\t\t\t\t\t<div class=\"elementor-column elementor-col-100 elementor-top-column elementor-element elementor-element-b079bed\" data-id=\"b079bed\" data-element_type=\"column\" data-e-type=\"column\">\n\t\t\t<div class=\"elementor-widget-wrap elementor-element-populated\">\n\t\t\t\t\t\t<section class=\"elementor-section elementor-inner-section elementor-element elementor-element-9127852 elementor-section-boxed elementor-section-height-default elementor-section-height-default\" data-id=\"9127852\" data-element_type=\"section\" data-e-type=\"section\">\n\t\t\t\t\t\t<div class=\"elementor-container elementor-column-gap-no\">\n\t\t\t\t\t<div class=\"elementor-column elementor-col-50 elementor-inner-column elementor-element elementor-element-8bb13ce\" data-id=\"8bb13ce\" data-element_type=\"column\" data-e-type=\"column\">\n\t\t\t<div class=\"elementor-widget-wrap elementor-element-populated\">\n\t\t\t\t\t\t<div class=\"elementor-element elementor-element-674c899 elementor-widget elementor-widget-heading\" data-id=\"674c899\" data-element_type=\"widget\" data-e-type=\"widget\" data-widget_type=\"heading.default\">\n\t\t\t\t<div class=\"elementor-widget-container\">\n\t\t\t\t\t<h6 class=\"elementor-heading-title elementor-size-default\">Historia jon\u00eb<\/h6>\t\t\t\t<\/div>\n\t\t\t\t<\/div>\n\t\t\t\t\t<\/div>\n\t\t<\/div>\n\t\t\t\t<div class=\"elementor-column elementor-col-50 elementor-inner-column elementor-element elementor-element-260fae7\" data-id=\"260fae7\" data-element_type=\"column\" data-e-type=\"column\">\n\t\t\t<div class=\"elementor-widget-wrap elementor-element-populated\">\n\t\t\t\t\t\t<div class=\"elementor-element elementor-element-63a4144 elementor-widget elementor-widget-text-editor\" data-id=\"63a4144\" data-element_type=\"widget\" data-e-type=\"widget\" data-widget_type=\"text-editor.default\">\n\t\t\t\t<div class=\"elementor-widget-container\">\n\t\t\t\t\t\t\t\t\t<p>Zois Hair Pro nisi rrug\u00ebtimin n\u00eb vitin 2016 si rezultat i mend\u00ebsis\u00eb ton\u00eb se bukuria q\u00ebndron tek diversiteti, inovacioni, cil\u00ebsia dhe lul\u00ebzon me p\u00ebrkujdesje. Ne besojm\u00eb n\u00eb nj\u00eb bot\u00eb ku floku i kuruar \u00ebsht\u00eb gjysma e bukuris\u00eb, nj\u00eb bot\u00eb ku secili prej nesh ndihet i vler\u00ebsuar p\u00ebr origjinalitetin e tij.<\/p>\n<p>Me nj\u00eb eksperienc\u00eb shum\u00eb vje\u00e7are n\u00eb k\u00ebt\u00eb sektor, themeluesi i kompanis\u00eb vendosi t\u00eb sillte nj\u00eb risi n\u00eb tregun shqiptar, nj\u00eb linj\u00eb t\u00eb sofistikuar franceze t\u00eb kujdesit p\u00ebr flok\u00ebt: Coiffance. I bazuar n\u00eb Alsace, laboratori Coiffance Professionnel formulon produkte cil\u00ebsore p\u00ebr stilimin dhe p\u00ebrmir\u00ebsimin e flok\u00ebve. P\u00ebr m\u00eb shum\u00eb se 50 vite, ekspert\u00ebt e flok\u00ebve kan\u00eb krijuar me pasion produkte bukurie gjithnj\u00eb e m\u00eb efektive me p\u00ebrb\u00ebr\u00ebs aktiv\u00eb me origjin\u00eb bimore.&nbsp;<\/p>\n<p>Nd\u00ebrsa Coiffance filloi t\u00eb g\u00ebzonte popullaritet dhe p\u00ebrkrahje nga sallonet dhe klient\u00ebt n\u00eb tregun shqiptar dhe jo vet\u00ebm, ishte koha p\u00ebr t\u00eb vazhduar dhe p\u00ebrmbushur vizionin ton\u00eb. N\u00eb nj\u00eb periudh\u00eb pak vje\u00e7are Zois u b\u00eb distributor zyrtar i brandeve si: Hairfax, Brazilian Bond Build3r, Leaf &amp; Flower, Chopperhead dhe Ecosmetics. K\u00ebto produkte jan\u00eb fryt i teknologjive komplekse e t\u00eb sofistikuara t\u00eb cilat ofrojn\u00eb performanc\u00ebn, besueshm\u00ebrin\u00eb, q\u00ebndrueshm\u00ebrin\u00eb dhe p\u00ebrsosm\u00ebrin\u00eb q\u00eb mund ta siguroj\u00eb vet\u00ebm p\u00ebrkushtimi i v\u00ebrtet\u00eb!<\/p>\n<p>Sh\u00ebrbimi ndaj klient\u00ebve tan\u00eb ka qen\u00eb fokusi yn\u00eb q\u00eb prej fillimit. Shp\u00ebrblimi dhe lumturia jon\u00eb m\u00eb e madhe vjen nga ofrimi i nj\u00eb p\u00ebrvoje unike p\u00ebr kujdesin e flokut duke u dh\u00ebn\u00eb njer\u00ebzve lirin\u00eb p\u00ebr t\u00eb eksploruar bukurin\u00eb e tyre dhe p\u00ebr t\u00eb njohur versionin m\u00eb t\u00eb mir\u00eb t\u00eb vetes.<\/p>\t\t\t\t\t\t\t\t<\/div>\n\t\t\t\t<\/div>\n\t\t\t\t\t<\/div>\n\t\t<\/div>\n\t\t\t\t\t<\/div>\n\t\t<\/section>\n\t\t\t\t<div class=\"elementor-element elementor-element-4a9ea28 elementor-widget__width-initial elementor-widget-mobile__width-inherit elementor-view-stacked elementor-shape-circle elementor-position-block-start elementor-mobile-position-block-start elementor-widget elementor-widget-icon-box\" data-id=\"4a9ea28\" data-element_type=\"widget\" data-e-type=\"widget\" data-widget_type=\"icon-box.default\">\n\t\t\t\t<div class=\"elementor-widget-container\">\n\t\t\t\t\t\t\t<div class=\"elementor-icon-box-wrapper\">\n\n\t\t\t\t\t\t<div class=\"elementor-icon-box-icon\">\n\t\t\t\t<span  class=\"elementor-icon\">\n\t\t\t\t<i aria-hidden=\"true\" class=\"fas fa-hand-sparkles\"><\/i>\t\t\t\t<\/span>\n\t\t\t<\/div>\n\t\t\t\n\t\t\t\t\t\t<div class=\"elementor-icon-box-content\">\n\n\t\t\t\t\t\t\t\t\t<h5 class=\"elementor-icon-box-title\">\n\t\t\t\t\t\t<span  >\n\t\t\t\t\t\t\tP\u00ebr t\u00eb gjith\u00eb llojet e flok\u00ebve\t\t\t\t\t\t<\/span>\n\t\t\t\t\t<\/h5>\n\t\t\t\t\n\t\t\t\t\t\t\t\t\t<p class=\"elementor-icon-box-description\">\n\t\t\t\t\t\tZOIS ofron nj\u00eb gam\u00eb t\u00eb gjer\u00eb produktesh duke i mund\u00ebsuar secilit prej jush t\u00eb zgjedh\u00eb linj\u00ebn q\u00eb i p\u00ebrshtatet m\u00eb s\u00eb miri.\t\t\t\t\t<\/p>\n\t\t\t\t\n\t\t\t<\/div>\n\t\t\t\n\t\t<\/div>\n\t\t\t\t\t\t<\/div>\n\t\t\t\t<\/div>\n\t\t\t\t<div class=\"elementor-element elementor-element-59af046 elementor-widget__width-initial elementor-widget-mobile__width-inherit elementor-view-stacked elementor-shape-circle elementor-position-block-start elementor-mobile-position-block-start elementor-widget elementor-widget-icon-box\" data-id=\"59af046\" data-element_type=\"widget\" data-e-type=\"widget\" data-widget_type=\"icon-box.default\">\n\t\t\t\t<div class=\"elementor-widget-container\">\n\t\t\t\t\t\t\t<div class=\"elementor-icon-box-wrapper\">\n\n\t\t\t\t\t\t<div class=\"elementor-icon-box-icon\">\n\t\t\t\t<span  class=\"elementor-icon\">\n\t\t\t\t<i aria-hidden=\"true\" class=\"fas fa-leaf\"><\/i>\t\t\t\t<\/span>\n\t\t\t<\/div>\n\t\t\t\n\t\t\t\t\t\t<div class=\"elementor-icon-box-content\">\n\n\t\t\t\t\t\t\t\t\t<h5 class=\"elementor-icon-box-title\">\n\t\t\t\t\t\t<span  >\n\t\t\t\t\t\t\tProdukte t\u00eb \u00e7ertifikuara\t\t\t\t\t\t<\/span>\n\t\t\t\t\t<\/h5>\n\t\t\t\t\n\t\t\t\t\t\t\t\t\t<p class=\"elementor-icon-box-description\">\n\t\t\t\t\t\tZOIS \u00ebsht\u00eb distributor zyrtar i brandeve q\u00eb tregton dhe \u00e7do produkt \u00ebsht\u00eb i \u00e7ertifikuar.\t\t\t\t\t<\/p>\n\t\t\t\t\n\t\t\t<\/div>\n\t\t\t\n\t\t<\/div>\n\t\t\t\t\t\t<\/div>\n\t\t\t\t<\/div>\n\t\t\t\t<div class=\"elementor-element elementor-element-75e07f2 elementor-widget__width-initial elementor-widget-mobile__width-inherit elementor-view-stacked elementor-shape-circle elementor-position-block-start elementor-mobile-position-block-start elementor-widget elementor-widget-icon-box\" data-id=\"75e07f2\" data-element_type=\"widget\" data-e-type=\"widget\" data-widget_type=\"icon-box.default\">\n\t\t\t\t<div class=\"elementor-widget-container\">\n\t\t\t\t\t\t\t<div class=\"elementor-icon-box-wrapper\">\n\n\t\t\t\t\t\t<div class=\"elementor-icon-box-icon\">\n\t\t\t\t<span  class=\"elementor-icon\">\n\t\t\t\t<i aria-hidden=\"true\" class=\"fas fa-hand-holding-heart\"><\/i>\t\t\t\t<\/span>\n\t\t\t<\/div>\n\t\t\t\n\t\t\t\t\t\t<div class=\"elementor-icon-box-content\">\n\n\t\t\t\t\t\t\t\t\t<h5 class=\"elementor-icon-box-title\">\n\t\t\t\t\t\t<span  >\n\t\t\t\t\t\t\tP\u00ebrkujdesje profesionale\t\t\t\t\t\t<\/span>\n\t\t\t\t\t<\/h5>\n\t\t\t\t\n\t\t\t\t\t\t\t\t\t<p class=\"elementor-icon-box-description\">\n\t\t\t\t\t\tNe jemi kujdesur t\u00eb sjellim tek ju produktet m\u00eb t\u00eb mira n\u00eb tregun nd\u00ebrkomb\u00ebtar.\t\t\t\t\t<\/p>\n\t\t\t\t\n\t\t\t<\/div>\n\t\t\t\n\t\t<\/div>\n\t\t\t\t\t\t<\/div>\n\t\t\t\t<\/div>\n\t\t\t\t\t<\/div>\n\t\t<\/div>\n\t\t\t\t\t<\/div>\n\t\t<\/section>\n\t\t\t\t<section class=\"elementor-section elementor-top-section elementor-element elementor-element-63dbc9c elementor-section-boxed elementor-section-height-default elementor-section-height-default\" data-id=\"63dbc9c\" data-element_type=\"section\" data-e-type=\"section\">\n\t\t\t\t\t\t<div class=\"elementor-container elementor-column-gap-default\">\n\t\t\t\t\t<div class=\"elementor-column elementor-col-100 elementor-top-column elementor-element elementor-element-6ffbf49\" data-id=\"6ffbf49\" data-element_type=\"column\" data-e-type=\"column\">\n\t\t\t<div class=\"elementor-widget-wrap elementor-element-populated\">\n\t\t\t\t\t\t<div class=\"elementor-element elementor-element-7de34c1 elementor-widget elementor-widget-image\" data-id=\"7de34c1\" data-element_type=\"widget\" data-e-type=\"widget\" data-widget_type=\"image.default\">\n\t\t\t\t<div class=\"elementor-widget-container\">\n\t\t\t\t\t\t\t\t\t\t\t\t\t\t\t<img fetchpriority=\"high\" decoding=\"async\" width=\"1024\" height=\"670\" src=\"https:\/\/zois.al\/wp-content\/uploads\/2023\/02\/BeFunky-collage-3-1024x670.jpg\" class=\"attachment-large size-large wp-image-2614\" alt=\"\" srcset=\"https:\/\/zois.al\/wp-content\/uploads\/2023\/02\/BeFunky-collage-3-1024x670.jpg 1024w, https:\/\/zois.al\/wp-content\/uploads\/2023\/02\/BeFunky-collage-3-300x196.jpg 300w, https:\/\/zois.al\/wp-content\/uploads\/2023\/02\/BeFunky-collage-3-768x503.jpg 768w, https:\/\/zois.al\/wp-content\/uploads\/2023\/02\/BeFunky-collage-3-1536x1005.jpg 1536w, https:\/\/zois.al\/wp-content\/uploads\/2023\/02\/BeFunky-collage-3-2048x1340.jpg 2048w, https:\/\/zois.al\/wp-content\/uploads\/2023\/02\/BeFunky-collage-3-18x12.jpg 18w, https:\/\/zois.al\/wp-content\/uploads\/2023\/02\/BeFunky-collage-3-200x131.jpg 200w, https:\/\/zois.al\/wp-content\/uploads\/2023\/02\/BeFunky-collage-3-600x393.jpg 600w\" sizes=\"(max-width: 1024px) 100vw, 1024px\" \/>\t\t\t\t\t\t\t\t\t\t\t\t\t\t\t<\/div>\n\t\t\t\t<\/div>\n\t\t\t\t\t<\/div>\n\t\t<\/div>\n\t\t\t\t\t<\/div>\n\t\t<\/section>\n\t\t\t\t<\/div>","protected":false},"excerpt":{"rendered":"<p>About From Concept to Creation From Founder Our goal is to expand the way beauty is treated by offering premium services and products as well as solutions to every possible problem. Our commitment is to offer the right and special selection of professional products through cooperation with well-known international brands to enable professionals to achieve [&hellip;]<\/p>\n","protected":false},"author":1,"featured_media":0,"parent":0,"menu_order":0,"comment_status":"closed","ping_status":"closed","template":"","meta":{"site-sidebar-layout":"no-sidebar","site-content-layout":"page-builder","ast-site-content-layout":"default","site-content-style":"default","site-sidebar-style":"default","ast-global-header-display":"","ast-banner-title-visibility":"","ast-main-header-display":"","ast-hfb-above-header-display":"","ast-hfb-below-header-display":"","ast-hfb-mobile-header-display":"","site-post-title":"disabled","ast-breadcrumbs-content":"disabled","ast-featured-img":"disabled","footer-sml-layout":"","ast-disable-related-posts":"","theme-transparent-header-meta":"enabled","adv-header-id-meta":"","stick-header-meta":"","header-above-stick-meta":"","header-main-stick-meta":"","header-below-stick-meta":"","astra-migrate-meta-layouts":"default","ast-page-background-enabled":"default","ast-page-background-meta":{"desktop":{"background-color":"var(--ast-global-color-4)","background-image":"","background-repeat":"repeat","background-position":"center center","background-size":"auto","background-attachment":"scroll","background-type":"","background-media":"","overlay-type":"","overlay-color":"","overlay-opacity":"","overlay-gradient":""},"tablet":{"background-color":"","background-image":"","background-repeat":"repeat","background-position":"center center","background-size":"auto","background-attachment":"scroll","background-type":"","background-media":"","overlay-type":"","overlay-color":"","overlay-opacity":"","overlay-gradient":""},"mobile":{"background-color":"","background-image":"","background-repeat":"repeat","background-position":"center center","background-size":"auto","background-attachment":"scroll","background-type":"","background-media":"","overlay-type":"","overlay-color":"","overlay-opacity":"","overlay-gradient":""}},"ast-content-background-meta":{"desktop":{"background-color":"var(--ast-global-color-5)","background-image":"","background-repeat":"repeat","background-position":"center center","background-size":"auto","background-attachment":"scroll","background-type":"","background-media":"","overlay-type":"","overlay-color":"","overlay-opacity":"","overlay-gradient":""},"tablet":{"background-color":"var(--ast-global-color-5)","background-image":"","background-repeat":"repeat","background-position":"center center","background-size":"auto","background-attachment":"scroll","background-type":"","background-media":"","overlay-type":"","overlay-color":"","overlay-opacity":"","overlay-gradient":""},"mobile":{"background-color":"var(--ast-global-color-5)","background-image":"","background-repeat":"repeat","background-position":"center center","background-size":"auto","background-attachment":"scroll","background-type":"","background-media":"","overlay-type":"","overlay-color":"","overlay-opacity":"","overlay-gradient":""}},"footnotes":""},"class_list":["post-381","page","type-page","status-publish","hentry"],"_links":{"self":[{"href":"https:\/\/zois.al\/sq\/wp-json\/wp\/v2\/pages\/381","targetHints":{"allow":["GET"]}}],"collection":[{"href":"https:\/\/zois.al\/sq\/wp-json\/wp\/v2\/pages"}],"about":[{"href":"https:\/\/zois.al\/sq\/wp-json\/wp\/v2\/types\/page"}],"author":[{"embeddable":true,"href":"https:\/\/zois.al\/sq\/wp-json\/wp\/v2\/users\/1"}],"replies":[{"embeddable":true,"href":"https:\/\/zois.al\/sq\/wp-json\/wp\/v2\/comments?post=381"}],"version-history":[{"count":106,"href":"https:\/\/zois.al\/sq\/wp-json\/wp\/v2\/pages\/381\/revisions"}],"predecessor-version":[{"id":2623,"href":"https:\/\/zois.al\/sq\/wp-json\/wp\/v2\/pages\/381\/revisions\/2623"}],"wp:attachment":[{"href":"https:\/\/zois.al\/sq\/wp-json\/wp\/v2\/media?parent=381"}],"curies":[{"name":"wp","href":"https:\/\/api.w.org\/{rel}","templated":true}]}}