{"id":1511,"date":"2023-01-07T00:11:04","date_gmt":"2023-01-07T00:11:04","guid":{"rendered":"http:\/\/localhost\/zois\/?post_type=product&#038;p=1511"},"modified":"2024-12-03T19:39:28","modified_gmt":"2024-12-03T19:39:28","slug":"platinum-recolouring-treatment","status":"publish","type":"product","link":"https:\/\/zois.al\/sq\/produkt\/platinum-recolouring-treatment\/","title":{"rendered":"COLOR BOOSTER &#8211; RECOLORING CARE PLATINIUM"},"content":{"rendered":"<p><strong>P\u00ebrb\u00ebr\u00ebsit:<\/strong><br \/>\n\u2022 Pasuruar me vajra t\u00eb luleve Kamelia dhe Macademia<br \/>\n\u2022 Kompleks bimor me ekstrakt Bambuje p\u00ebr nj\u00eb ngjyr\u00eb q\u00eb jeton gjat\u00eb<br \/>\n\u2022 Pigmente ngjyrash<\/p>\n<p><strong>Benefite:<\/strong><br \/>\n\u2022 Ristrukturon, hidraton dhe rivitalizon<br \/>\n\u2022 E mban ngjyr\u00ebn rrezatuese nd\u00ebrmjet dy aplikimeve t\u00eb boj\u00ebs<br \/>\n\u2022 T\u00eb p\u00ebrdoret 15 dit\u00eb pas aplikimit t\u00eb par\u00eb t\u00eb boj\u00ebs<br \/>\n\u2022 Ngjyra zgjat deri n\u00eb 2-3 larje me shampo<br \/>\n\u2022 Mund t\u00eb kombinohet me ngjyruesin oksidues p\u00ebr t\u00eb theksuar nuancat e fijeve<\/p>\n<p><strong>P\u00ebrdorimi:<\/strong><br \/>\nVendosni doreza p\u00ebr t\u00eb parandaluar njollat n\u00eb disa tipe l\u00ebkure. Aplikoni mbi zonat e d\u00ebshiruara n\u00eb flok\u00eb t\u00eb lar\u00eb dhe t\u00eb thar\u00eb me peshqir. L\u00ebreni p\u00ebr 2-5 minuta. Mund ta lini edhe m\u00eb shum\u00eb p\u00ebr t\u00eb theksuar nuancat. Shtoni pak uj\u00eb t\u00eb ngroht\u00eb mbi flok\u00ebt tuaja dhe shkum\u00ebzoni. Shp\u00eblani mir\u00eb me uj\u00eb deri sa uji i shplarjes q\u00eb del t\u00eb jet\u00eb plot\u00ebsisht i past\u00ebr.<\/p>","protected":false},"excerpt":{"rendered":"<p style=\"text-align: justify;\">Nuanc\u00eb intensive e cila shton but\u00ebsi dhe shk\u00eblqim ekstrem. \u00cbsht\u00eb ristrukturues p\u00ebr majat e flok\u00ebve dhe n\u00eb t\u00eb nj\u00ebjt\u00ebn koh\u00eb i jep ngjyr\u00eb thell\u00ebsisht fibr\u00ebs s\u00eb flokut.<\/p>\n<p>250 ml &#8211; 8.45 fl.oz<\/p>","protected":false},"featured_media":1512,"comment_status":"open","ping_status":"closed","template":"","meta":{"site-sidebar-layout":"default","site-content-layout":"default","ast-site-content-layout":"default","site-content-style":"default","site-sidebar-style":"default","ast-global-header-display":"","ast-banner-title-visibility":"","ast-main-header-display":"","ast-hfb-above-header-display":"","ast-hfb-below-header-display":"","ast-hfb-mobile-header-display":"","site-post-title":"","ast-breadcrumbs-content":"","ast-featured-img":"","footer-sml-layout":"","ast-disable-related-posts":"","theme-transparent-header-meta":"default","adv-header-id-meta":"","stick-header-meta":"","header-above-stick-meta":"","header-main-stick-meta":"","header-below-stick-meta":"","astra-migrate-meta-layouts":"default","ast-page-background-enabled":"default","ast-page-background-meta":{"desktop":{"background-color":"var(--ast-global-color-4)","background-image":"","background-repeat":"repeat","background-position":"center center","background-size":"auto","background-attachment":"scroll","background-type":"","background-media":"","overlay-type":"","overlay-color":"","overlay-opacity":"","overlay-gradient":""},"tablet":{"background-color":"","background-image":"","background-repeat":"repeat","background-position":"center center","background-size":"auto","background-attachment":"scroll","background-type":"","background-media":"","overlay-type":"","overlay-color":"","overlay-opacity":"","overlay-gradient":""},"mobile":{"background-color":"","background-image":"","background-repeat":"repeat","background-position":"center center","background-size":"auto","background-attachment":"scroll","background-type":"","background-media":"","overlay-type":"","overlay-color":"","overlay-opacity":"","overlay-gradient":""}},"ast-content-background-meta":{"desktop":{"background-color":"var(--ast-global-color-5)","background-image":"","background-repeat":"repeat","background-position":"center center","background-size":"auto","background-attachment":"scroll","background-type":"","background-media":"","overlay-type":"","overlay-color":"","overlay-opacity":"","overlay-gradient":""},"tablet":{"background-color":"var(--ast-global-color-5)","background-image":"","background-repeat":"repeat","background-position":"center center","background-size":"auto","background-attachment":"scroll","background-type":"","background-media":"","overlay-type":"","overlay-color":"","overlay-opacity":"","overlay-gradient":""},"mobile":{"background-color":"var(--ast-global-color-5)","background-image":"","background-repeat":"repeat","background-position":"center center","background-size":"auto","background-attachment":"scroll","background-type":"","background-media":"","overlay-type":"","overlay-color":"","overlay-opacity":"","overlay-gradient":""}}},"product_brand":[],"product_cat":[62,25,50],"product_tag":[],"class_list":{"0":"post-1511","1":"product","2":"type-product","3":"status-publish","4":"has-post-thumbnail","6":"product_cat-award-winning","7":"product_cat-coiffance","8":"product_cat-color-booster","9":"desktop-align-left","10":"tablet-align-left","11":"mobile-align-left","13":"first","14":"instock","15":"shipping-taxable","16":"purchasable","17":"product-type-simple"},"_links":{"self":[{"href":"https:\/\/zois.al\/sq\/wp-json\/wp\/v2\/product\/1511","targetHints":{"allow":["GET"]}}],"collection":[{"href":"https:\/\/zois.al\/sq\/wp-json\/wp\/v2\/product"}],"about":[{"href":"https:\/\/zois.al\/sq\/wp-json\/wp\/v2\/types\/product"}],"replies":[{"embeddable":true,"href":"https:\/\/zois.al\/sq\/wp-json\/wp\/v2\/comments?post=1511"}],"wp:featuredmedia":[{"embeddable":true,"href":"https:\/\/zois.al\/sq\/wp-json\/wp\/v2\/media\/1512"}],"wp:attachment":[{"href":"https:\/\/zois.al\/sq\/wp-json\/wp\/v2\/media?parent=1511"}],"wp:term":[{"taxonomy":"product_brand","embeddable":true,"href":"https:\/\/zois.al\/sq\/wp-json\/wp\/v2\/product_brand?post=1511"},{"taxonomy":"product_cat","embeddable":true,"href":"https:\/\/zois.al\/sq\/wp-json\/wp\/v2\/product_cat?post=1511"},{"taxonomy":"product_tag","embeddable":true,"href":"https:\/\/zois.al\/sq\/wp-json\/wp\/v2\/product_tag?post=1511"}],"curies":[{"name":"wp","href":"https:\/\/api.w.org\/{rel}","templated":true}]}}