{"id":1629,"date":"2023-01-16T21:46:01","date_gmt":"2023-01-16T21:46:01","guid":{"rendered":"http:\/\/localhost\/zois\/?post_type=product&#038;p=1629"},"modified":"2024-12-03T19:39:28","modified_gmt":"2024-12-03T19:39:28","slug":"color-moisturizing-leave-in-spray","status":"publish","type":"product","link":"https:\/\/zois.al\/sq\/produkt\/color-moisturizing-leave-in-spray\/","title":{"rendered":"COLOR &#8211; MOISTURIZING LEAVE-IN SPRAY"},"content":{"rendered":"<p><strong>\u2022 PA SULFATE, PA PARABEN \u2022<\/strong><\/p>\n<p><strong>P\u00ebrb\u00ebr\u00ebsit :<\/strong><br \/>\n\u2022 ekstrakt i Kuinoes<br \/>\n\u2022 ekstrakt i Lules s\u00eb Amberit<br \/>\n\u2022 luledielli<br \/>\n\u2022 gjalp Mangoje<br \/>\n\u2022 ph 3.5 &#8211; roz\u00eb &#8211; arom\u00eb e frutit t\u00eb kuq<\/p>\n<p><strong>Benefite:<\/strong><br \/>\n\u2022 Ushqen flok\u00ebt e trajtuar me boj\u00eb<br \/>\n\u2022 Shkriftim direkt\/ Krehje shum\u00eb e leht\u00eb<br \/>\n\u2022 Ruan bukurin\u00eb e ngjyr\u00ebs dhe rrezatimin e saj<br \/>\n\u2022 Nuk shplahet (Leave-In)<\/p>\n<p><strong>P\u00ebrdorimi:<\/strong><br \/>\nTundeni shishen mir\u00eb p\u00ebrpara p\u00ebrdorimit pastaj spruconi n\u00eb m\u00ebnyr\u00eb t\u00eb nj\u00ebjt\u00eb flok\u00ebt q\u00eb mund t\u00eb jen\u00eb\u00a0 t\u00eb sapo lara, t\u00eb thara me peshqir ose krejt\u00ebsisht t\u00eb thara. Vazhdoni direkt me stilimin, pa i shp\u00eblar\u00eb flok\u00ebt.<\/p>","protected":false},"excerpt":{"rendered":"<p style=\"text-align: justify;\">Karakteristikat hidratuese dhe super antioksiduese ristrukturojn\u00eb menj\u00ebher\u00eb flok\u00ebt e trajtuar me boj\u00eb ose delikat\u00eb. Flok\u00ebt tuaj do t\u00eb shkriftohen leht\u00ebsisht, do t\u00eb jen\u00eb t\u00eb buta dhe t\u00eb hidratuara me ngjyra t\u00eb gjalla dhe shk\u00eblqim fantastik.<\/p>\n<p>150 ml &#8211; 5.07 fl.oz<\/p>","protected":false},"featured_media":1628,"comment_status":"open","ping_status":"closed","template":"","meta":{"site-sidebar-layout":"default","site-content-layout":"default","ast-site-content-layout":"default","site-content-style":"default","site-sidebar-style":"default","ast-global-header-display":"","ast-banner-title-visibility":"","ast-main-header-display":"","ast-hfb-above-header-display":"","ast-hfb-below-header-display":"","ast-hfb-mobile-header-display":"","site-post-title":"","ast-breadcrumbs-content":"","ast-featured-img":"","footer-sml-layout":"","ast-disable-related-posts":"","theme-transparent-header-meta":"default","adv-header-id-meta":"","stick-header-meta":"","header-above-stick-meta":"","header-main-stick-meta":"","header-below-stick-meta":"","astra-migrate-meta-layouts":"default","ast-page-background-enabled":"default","ast-page-background-meta":{"desktop":{"background-color":"var(--ast-global-color-4)","background-image":"","background-repeat":"repeat","background-position":"center center","background-size":"auto","background-attachment":"scroll","background-type":"","background-media":"","overlay-type":"","overlay-color":"","overlay-opacity":"","overlay-gradient":""},"tablet":{"background-color":"","background-image":"","background-repeat":"repeat","background-position":"center center","background-size":"auto","background-attachment":"scroll","background-type":"","background-media":"","overlay-type":"","overlay-color":"","overlay-opacity":"","overlay-gradient":""},"mobile":{"background-color":"","background-image":"","background-repeat":"repeat","background-position":"center center","background-size":"auto","background-attachment":"scroll","background-type":"","background-media":"","overlay-type":"","overlay-color":"","overlay-opacity":"","overlay-gradient":""}},"ast-content-background-meta":{"desktop":{"background-color":"var(--ast-global-color-5)","background-image":"","background-repeat":"repeat","background-position":"center center","background-size":"auto","background-attachment":"scroll","background-type":"","background-media":"","overlay-type":"","overlay-color":"","overlay-opacity":"","overlay-gradient":""},"tablet":{"background-color":"var(--ast-global-color-5)","background-image":"","background-repeat":"repeat","background-position":"center center","background-size":"auto","background-attachment":"scroll","background-type":"","background-media":"","overlay-type":"","overlay-color":"","overlay-opacity":"","overlay-gradient":""},"mobile":{"background-color":"var(--ast-global-color-5)","background-image":"","background-repeat":"repeat","background-position":"center center","background-size":"auto","background-attachment":"scroll","background-type":"","background-media":"","overlay-type":"","overlay-color":"","overlay-opacity":"","overlay-gradient":""}}},"product_brand":[],"product_cat":[25,37],"product_tag":[],"class_list":{"0":"post-1629","1":"product","2":"type-product","3":"status-publish","4":"has-post-thumbnail","6":"product_cat-coiffance","7":"product_cat-coiffance-color","8":"desktop-align-left","9":"tablet-align-left","10":"mobile-align-left","12":"first","13":"instock","14":"shipping-taxable","15":"purchasable","16":"product-type-simple"},"_links":{"self":[{"href":"https:\/\/zois.al\/sq\/wp-json\/wp\/v2\/product\/1629","targetHints":{"allow":["GET"]}}],"collection":[{"href":"https:\/\/zois.al\/sq\/wp-json\/wp\/v2\/product"}],"about":[{"href":"https:\/\/zois.al\/sq\/wp-json\/wp\/v2\/types\/product"}],"replies":[{"embeddable":true,"href":"https:\/\/zois.al\/sq\/wp-json\/wp\/v2\/comments?post=1629"}],"wp:featuredmedia":[{"embeddable":true,"href":"https:\/\/zois.al\/sq\/wp-json\/wp\/v2\/media\/1628"}],"wp:attachment":[{"href":"https:\/\/zois.al\/sq\/wp-json\/wp\/v2\/media?parent=1629"}],"wp:term":[{"taxonomy":"product_brand","embeddable":true,"href":"https:\/\/zois.al\/sq\/wp-json\/wp\/v2\/product_brand?post=1629"},{"taxonomy":"product_cat","embeddable":true,"href":"https:\/\/zois.al\/sq\/wp-json\/wp\/v2\/product_cat?post=1629"},{"taxonomy":"product_tag","embeddable":true,"href":"https:\/\/zois.al\/sq\/wp-json\/wp\/v2\/product_tag?post=1629"}],"curies":[{"name":"wp","href":"https:\/\/api.w.org\/{rel}","templated":true}]}}