{"id":1634,"date":"2023-01-16T21:53:21","date_gmt":"2023-01-16T21:53:21","guid":{"rendered":"http:\/\/localhost\/zois\/?post_type=product&#038;p=1634"},"modified":"2024-12-03T19:39:28","modified_gmt":"2024-12-03T19:39:28","slug":"color-intense-intense-nourishing-mask","status":"publish","type":"product","link":"https:\/\/zois.al\/sq\/produkt\/color-intense-intense-nourishing-mask\/","title":{"rendered":"COLOR INTENSE &#8211; INTENSE NOURISHING MASK"},"content":{"rendered":"<p><strong>\u2022 PA SULFATE, PA PARABEN \u2022<\/strong><\/p>\n<p><strong>P\u00ebrb\u00ebr\u00ebsit<\/strong> :<br \/>\n\u2022 ekstrakt i Kuinoes<br \/>\n\u2022 ekstrakt i Lules s\u00eb Amberit<br \/>\n\u2022 luledielli<br \/>\n\u2022 ph 4.2 &#8211; roz\u00eb &#8211; arom\u00eb e frutit t\u00eb kuq<\/p>\n<p><strong>Benefite:<\/strong><br \/>\n\u2022 ngjyra q\u00ebndron dit\u00eb pas dite me nj\u00eb shk\u00eblqim sublim<br \/>\n\u2022 Fibra thell\u00ebsisht e rigjeneruar<br \/>\n\u2022 Flok\u00eb t\u00eb sh\u00ebndetsh\u00ebm, me shk\u00eblqim<\/p>\n<p><strong>P\u00ebrdorimi:<\/strong><br \/>\nAplikoni nj\u00eb sasi t\u00eb mjaftueshme t\u00eb Mask\u00ebs Ushqyese Intensive mbi flok\u00eb t\u00eb lar\u00eb me shampo, t\u00eb thar\u00eb me peshqir. Krehni flok\u00ebt dhe l\u00ebreni p\u00ebr 5 min, masazhojeni ngadal\u00eb dhe shp\u00eblajeni mir\u00eb.<\/p>","protected":false},"excerpt":{"rendered":"<p style=\"text-align: justify;\">Krijuar me ekstrakte t\u00eb Kuinoas, Lules s\u00eb Amberit dhe Lulediellit, Maska Ushqyese Intensive rigjeneron thell\u00ebsisht dhe ushqen me intensitet flok\u00ebt tuaj. But\u00ebsia e flok\u00ebve dhe elasticiteti rikthehen. Rrezatimi i Ngjyr\u00ebs s\u00eb Flok\u00ebve ruhet dit\u00eb pas dite.<\/p>\n<p> 200 ml &#8211; 6.76 fl.oz<\/p>","protected":false},"featured_media":1631,"comment_status":"open","ping_status":"closed","template":"","meta":{"site-sidebar-layout":"default","site-content-layout":"default","ast-site-content-layout":"default","site-content-style":"default","site-sidebar-style":"default","ast-global-header-display":"","ast-banner-title-visibility":"","ast-main-header-display":"","ast-hfb-above-header-display":"","ast-hfb-below-header-display":"","ast-hfb-mobile-header-display":"","site-post-title":"","ast-breadcrumbs-content":"","ast-featured-img":"","footer-sml-layout":"","ast-disable-related-posts":"","theme-transparent-header-meta":"default","adv-header-id-meta":"","stick-header-meta":"","header-above-stick-meta":"","header-main-stick-meta":"","header-below-stick-meta":"","astra-migrate-meta-layouts":"default","ast-page-background-enabled":"default","ast-page-background-meta":{"desktop":{"background-color":"var(--ast-global-color-4)","background-image":"","background-repeat":"repeat","background-position":"center center","background-size":"auto","background-attachment":"scroll","background-type":"","background-media":"","overlay-type":"","overlay-color":"","overlay-opacity":"","overlay-gradient":""},"tablet":{"background-color":"","background-image":"","background-repeat":"repeat","background-position":"center center","background-size":"auto","background-attachment":"scroll","background-type":"","background-media":"","overlay-type":"","overlay-color":"","overlay-opacity":"","overlay-gradient":""},"mobile":{"background-color":"","background-image":"","background-repeat":"repeat","background-position":"center center","background-size":"auto","background-attachment":"scroll","background-type":"","background-media":"","overlay-type":"","overlay-color":"","overlay-opacity":"","overlay-gradient":""}},"ast-content-background-meta":{"desktop":{"background-color":"var(--ast-global-color-5)","background-image":"","background-repeat":"repeat","background-position":"center center","background-size":"auto","background-attachment":"scroll","background-type":"","background-media":"","overlay-type":"","overlay-color":"","overlay-opacity":"","overlay-gradient":""},"tablet":{"background-color":"var(--ast-global-color-5)","background-image":"","background-repeat":"repeat","background-position":"center center","background-size":"auto","background-attachment":"scroll","background-type":"","background-media":"","overlay-type":"","overlay-color":"","overlay-opacity":"","overlay-gradient":""},"mobile":{"background-color":"var(--ast-global-color-5)","background-image":"","background-repeat":"repeat","background-position":"center center","background-size":"auto","background-attachment":"scroll","background-type":"","background-media":"","overlay-type":"","overlay-color":"","overlay-opacity":"","overlay-gradient":""}}},"product_brand":[],"product_cat":[25,38],"product_tag":[],"class_list":{"0":"post-1634","1":"product","2":"type-product","3":"status-publish","4":"has-post-thumbnail","6":"product_cat-coiffance","7":"product_cat-coiffance-color-intense","8":"desktop-align-left","9":"tablet-align-left","10":"mobile-align-left","12":"first","13":"instock","14":"shipping-taxable","15":"purchasable","16":"product-type-simple"},"_links":{"self":[{"href":"https:\/\/zois.al\/sq\/wp-json\/wp\/v2\/product\/1634","targetHints":{"allow":["GET"]}}],"collection":[{"href":"https:\/\/zois.al\/sq\/wp-json\/wp\/v2\/product"}],"about":[{"href":"https:\/\/zois.al\/sq\/wp-json\/wp\/v2\/types\/product"}],"replies":[{"embeddable":true,"href":"https:\/\/zois.al\/sq\/wp-json\/wp\/v2\/comments?post=1634"}],"wp:featuredmedia":[{"embeddable":true,"href":"https:\/\/zois.al\/sq\/wp-json\/wp\/v2\/media\/1631"}],"wp:attachment":[{"href":"https:\/\/zois.al\/sq\/wp-json\/wp\/v2\/media?parent=1634"}],"wp:term":[{"taxonomy":"product_brand","embeddable":true,"href":"https:\/\/zois.al\/sq\/wp-json\/wp\/v2\/product_brand?post=1634"},{"taxonomy":"product_cat","embeddable":true,"href":"https:\/\/zois.al\/sq\/wp-json\/wp\/v2\/product_cat?post=1634"},{"taxonomy":"product_tag","embeddable":true,"href":"https:\/\/zois.al\/sq\/wp-json\/wp\/v2\/product_tag?post=1634"}],"curies":[{"name":"wp","href":"https:\/\/api.w.org\/{rel}","templated":true}]}}