{"id":1641,"date":"2023-01-16T22:09:27","date_gmt":"2023-01-16T22:09:27","guid":{"rendered":"http:\/\/localhost\/zois\/?post_type=product&#038;p=1641"},"modified":"2024-12-03T19:39:28","modified_gmt":"2024-12-03T19:39:28","slug":"curl-line-curl-defining-creme","status":"publish","type":"product","link":"https:\/\/zois.al\/sq\/produkt\/curl-line-curl-defining-creme\/","title":{"rendered":"CURL LINE &#8211; CURL DEFINING CREME"},"content":{"rendered":"<p><strong>P\u00ebrb\u00ebr\u00ebsit :<\/strong><br \/>\n\u2022 Proteina M\u00ebndafshi<\/p>\n<p><strong>Benefite :<\/strong><br \/>\n\u2022 Konturet e ondeve p\u00ebrcaktohen n\u00eb m\u00ebnyr\u00eb perfekte<br \/>\n\u2022 Mbron kund\u00ebr ngrirjes<br \/>\n\u2022 Hidraton flok\u00ebt<br \/>\n\u2022 Tekstur\u00eb e leht\u00eb, nuk i r\u00ebndon flok\u00ebt posht\u00eb<br \/>\n\u2022 Krijon leht\u00ebsi n\u00eb stilim<\/p>\n<p><strong>P\u00ebrdorimi :<\/strong><br \/>\nAplikoni nj\u00eb sasi t\u00eb vog\u00ebl t\u00eb xhelit n\u00eb duart tuaja. Vendoseni mbi flok\u00ebt t\u00eb lagur ose t\u00eb that\u00eb p\u00ebr t\u00eb shtuar tekstur\u00eb flok\u00ebve. Mos e shp\u00eblani.<\/p>","protected":false},"excerpt":{"rendered":"<p style=\"text-align: justify;\">Rip\u00ebrcaktoni ondet dhe ka\u00e7urrelat tuaja. Ky xhel kremoz dhe hidratues shton p\u00ebrkulshm\u00ebri dhe shk\u00eblqim flok\u00ebve tuaja. P\u00ebr onde super\u00a0 t\u00eb m\u00ebndafshta, pa efekt ngrirje.<\/p>\n<p>140 ml &#8211; 4.73 fl.oz<\/p>","protected":false},"featured_media":1638,"comment_status":"open","ping_status":"closed","template":"","meta":{"site-sidebar-layout":"default","site-content-layout":"default","ast-site-content-layout":"default","site-content-style":"default","site-sidebar-style":"default","ast-global-header-display":"","ast-banner-title-visibility":"","ast-main-header-display":"","ast-hfb-above-header-display":"","ast-hfb-below-header-display":"","ast-hfb-mobile-header-display":"","site-post-title":"","ast-breadcrumbs-content":"","ast-featured-img":"","footer-sml-layout":"","ast-disable-related-posts":"","theme-transparent-header-meta":"default","adv-header-id-meta":"","stick-header-meta":"","header-above-stick-meta":"","header-main-stick-meta":"","header-below-stick-meta":"","astra-migrate-meta-layouts":"default","ast-page-background-enabled":"default","ast-page-background-meta":{"desktop":{"background-color":"var(--ast-global-color-4)","background-image":"","background-repeat":"repeat","background-position":"center center","background-size":"auto","background-attachment":"scroll","background-type":"","background-media":"","overlay-type":"","overlay-color":"","overlay-opacity":"","overlay-gradient":""},"tablet":{"background-color":"","background-image":"","background-repeat":"repeat","background-position":"center center","background-size":"auto","background-attachment":"scroll","background-type":"","background-media":"","overlay-type":"","overlay-color":"","overlay-opacity":"","overlay-gradient":""},"mobile":{"background-color":"","background-image":"","background-repeat":"repeat","background-position":"center center","background-size":"auto","background-attachment":"scroll","background-type":"","background-media":"","overlay-type":"","overlay-color":"","overlay-opacity":"","overlay-gradient":""}},"ast-content-background-meta":{"desktop":{"background-color":"var(--ast-global-color-5)","background-image":"","background-repeat":"repeat","background-position":"center center","background-size":"auto","background-attachment":"scroll","background-type":"","background-media":"","overlay-type":"","overlay-color":"","overlay-opacity":"","overlay-gradient":""},"tablet":{"background-color":"var(--ast-global-color-5)","background-image":"","background-repeat":"repeat","background-position":"center center","background-size":"auto","background-attachment":"scroll","background-type":"","background-media":"","overlay-type":"","overlay-color":"","overlay-opacity":"","overlay-gradient":""},"mobile":{"background-color":"var(--ast-global-color-5)","background-image":"","background-repeat":"repeat","background-position":"center center","background-size":"auto","background-attachment":"scroll","background-type":"","background-media":"","overlay-type":"","overlay-color":"","overlay-opacity":"","overlay-gradient":""}}},"product_brand":[],"product_cat":[25,48],"product_tag":[],"class_list":{"0":"post-1641","1":"product","2":"type-product","3":"status-publish","4":"has-post-thumbnail","6":"product_cat-coiffance","7":"product_cat-coiffance-styling","8":"desktop-align-left","9":"tablet-align-left","10":"mobile-align-left","12":"first","13":"instock","14":"shipping-taxable","15":"purchasable","16":"product-type-simple"},"_links":{"self":[{"href":"https:\/\/zois.al\/sq\/wp-json\/wp\/v2\/product\/1641","targetHints":{"allow":["GET"]}}],"collection":[{"href":"https:\/\/zois.al\/sq\/wp-json\/wp\/v2\/product"}],"about":[{"href":"https:\/\/zois.al\/sq\/wp-json\/wp\/v2\/types\/product"}],"replies":[{"embeddable":true,"href":"https:\/\/zois.al\/sq\/wp-json\/wp\/v2\/comments?post=1641"}],"wp:featuredmedia":[{"embeddable":true,"href":"https:\/\/zois.al\/sq\/wp-json\/wp\/v2\/media\/1638"}],"wp:attachment":[{"href":"https:\/\/zois.al\/sq\/wp-json\/wp\/v2\/media?parent=1641"}],"wp:term":[{"taxonomy":"product_brand","embeddable":true,"href":"https:\/\/zois.al\/sq\/wp-json\/wp\/v2\/product_brand?post=1641"},{"taxonomy":"product_cat","embeddable":true,"href":"https:\/\/zois.al\/sq\/wp-json\/wp\/v2\/product_cat?post=1641"},{"taxonomy":"product_tag","embeddable":true,"href":"https:\/\/zois.al\/sq\/wp-json\/wp\/v2\/product_tag?post=1641"}],"curies":[{"name":"wp","href":"https:\/\/api.w.org\/{rel}","templated":true}]}}