{"id":1645,"date":"2023-01-16T22:13:39","date_gmt":"2023-01-16T22:13:39","guid":{"rendered":"http:\/\/localhost\/zois\/?post_type=product&#038;p=1645"},"modified":"2024-12-03T19:39:27","modified_gmt":"2024-12-03T19:39:27","slug":"liss-line-thermal-styling-spray","status":"publish","type":"product","link":"https:\/\/zois.al\/sq\/produkt\/liss-line-thermal-styling-spray\/","title":{"rendered":"LISS LINE &#8211; THERMAL STYLING SPRAY"},"content":{"rendered":"<p><strong>P\u00ebrb\u00ebr\u00ebsit :<\/strong><br \/>\n\u2022 Proteina M\u00ebndafshi<\/p>\n<p><strong>Benefite :<\/strong><br \/>\n\u2022 Tendos shkall\u00ebzimet<br \/>\n\u2022 Aplikim i leht\u00eb dhe shkrift\u00ebsim i menj\u00ebhersh\u00ebm<br \/>\n\u2022 Flok\u00eb t\u00eb m\u00ebndafshta, t\u00eb buta<br \/>\n\u2022 Shton hidratim dhe shk\u00eblqim<br \/>\n\u2022 Mbron flok\u00ebt nga nxeht\u00ebsia<br \/>\n\u2022 Efekt anti-frizz ( kund\u00ebr ngrirjes )<\/p>\n<p><strong>P\u00ebrdorimi :<\/strong><br \/>\nSp\u00ebrkasni mbi flok\u00eb t\u00eb lar\u00eb dhe t\u00eb thar\u00eb me peshqir ose mbi flok\u00eb t\u00eb that\u00eb p\u00ebrpara stilimit.<\/p>","protected":false},"excerpt":{"rendered":"<p>Siguron q\u00ebndrueshm\u00ebri perfekte dhe veprim t\u00eb kontrolluar zbut\u00ebs. Kontrollon ngrirjen fal\u00eb veprimin t\u00eb tij q\u00eb zgjat n\u00eb koh\u00eb dhe mbrojtjes kund\u00ebr hidratimit. Flok\u00ebt tuaja mbrohen n\u00eb m\u00ebnyr\u00eb perfekte. Efekt mbrojt\u00ebs 220\u00b0.<\/p>\n<p>200 ml &#8211; 6.76 fl.oz<\/p>","protected":false},"featured_media":1644,"comment_status":"open","ping_status":"closed","template":"","meta":{"site-sidebar-layout":"default","site-content-layout":"default","ast-site-content-layout":"default","site-content-style":"default","site-sidebar-style":"default","ast-global-header-display":"","ast-banner-title-visibility":"","ast-main-header-display":"","ast-hfb-above-header-display":"","ast-hfb-below-header-display":"","ast-hfb-mobile-header-display":"","site-post-title":"","ast-breadcrumbs-content":"","ast-featured-img":"","footer-sml-layout":"","ast-disable-related-posts":"","theme-transparent-header-meta":"default","adv-header-id-meta":"","stick-header-meta":"","header-above-stick-meta":"","header-main-stick-meta":"","header-below-stick-meta":"","astra-migrate-meta-layouts":"default","ast-page-background-enabled":"default","ast-page-background-meta":{"desktop":{"background-color":"var(--ast-global-color-4)","background-image":"","background-repeat":"repeat","background-position":"center center","background-size":"auto","background-attachment":"scroll","background-type":"","background-media":"","overlay-type":"","overlay-color":"","overlay-opacity":"","overlay-gradient":""},"tablet":{"background-color":"","background-image":"","background-repeat":"repeat","background-position":"center center","background-size":"auto","background-attachment":"scroll","background-type":"","background-media":"","overlay-type":"","overlay-color":"","overlay-opacity":"","overlay-gradient":""},"mobile":{"background-color":"","background-image":"","background-repeat":"repeat","background-position":"center center","background-size":"auto","background-attachment":"scroll","background-type":"","background-media":"","overlay-type":"","overlay-color":"","overlay-opacity":"","overlay-gradient":""}},"ast-content-background-meta":{"desktop":{"background-color":"var(--ast-global-color-5)","background-image":"","background-repeat":"repeat","background-position":"center center","background-size":"auto","background-attachment":"scroll","background-type":"","background-media":"","overlay-type":"","overlay-color":"","overlay-opacity":"","overlay-gradient":""},"tablet":{"background-color":"var(--ast-global-color-5)","background-image":"","background-repeat":"repeat","background-position":"center center","background-size":"auto","background-attachment":"scroll","background-type":"","background-media":"","overlay-type":"","overlay-color":"","overlay-opacity":"","overlay-gradient":""},"mobile":{"background-color":"var(--ast-global-color-5)","background-image":"","background-repeat":"repeat","background-position":"center center","background-size":"auto","background-attachment":"scroll","background-type":"","background-media":"","overlay-type":"","overlay-color":"","overlay-opacity":"","overlay-gradient":""}}},"product_brand":[],"product_cat":[25,48],"product_tag":[],"class_list":{"0":"post-1645","1":"product","2":"type-product","3":"status-publish","4":"has-post-thumbnail","6":"product_cat-coiffance","7":"product_cat-coiffance-styling","8":"desktop-align-left","9":"tablet-align-left","10":"mobile-align-left","12":"first","13":"instock","14":"shipping-taxable","15":"purchasable","16":"product-type-simple"},"_links":{"self":[{"href":"https:\/\/zois.al\/sq\/wp-json\/wp\/v2\/product\/1645","targetHints":{"allow":["GET"]}}],"collection":[{"href":"https:\/\/zois.al\/sq\/wp-json\/wp\/v2\/product"}],"about":[{"href":"https:\/\/zois.al\/sq\/wp-json\/wp\/v2\/types\/product"}],"replies":[{"embeddable":true,"href":"https:\/\/zois.al\/sq\/wp-json\/wp\/v2\/comments?post=1645"}],"wp:featuredmedia":[{"embeddable":true,"href":"https:\/\/zois.al\/sq\/wp-json\/wp\/v2\/media\/1644"}],"wp:attachment":[{"href":"https:\/\/zois.al\/sq\/wp-json\/wp\/v2\/media?parent=1645"}],"wp:term":[{"taxonomy":"product_brand","embeddable":true,"href":"https:\/\/zois.al\/sq\/wp-json\/wp\/v2\/product_brand?post=1645"},{"taxonomy":"product_cat","embeddable":true,"href":"https:\/\/zois.al\/sq\/wp-json\/wp\/v2\/product_cat?post=1645"},{"taxonomy":"product_tag","embeddable":true,"href":"https:\/\/zois.al\/sq\/wp-json\/wp\/v2\/product_tag?post=1645"}],"curies":[{"name":"wp","href":"https:\/\/api.w.org\/{rel}","templated":true}]}}