{"id":1657,"date":"2023-01-16T22:27:54","date_gmt":"2023-01-16T22:27:54","guid":{"rendered":"http:\/\/localhost\/zois\/?post_type=product&#038;p=1657"},"modified":"2024-12-03T19:39:27","modified_gmt":"2024-12-03T19:39:27","slug":"volume-line-volume-mousse","status":"publish","type":"product","link":"https:\/\/zois.al\/sq\/produkt\/volume-line-volume-mousse\/","title":{"rendered":"VOLUME LINE &#8211; VOLUME MOUSSE"},"content":{"rendered":"<p><strong>P\u00ebrb\u00ebr\u00ebsit :<\/strong><br \/>\n\u2022 Proteina M\u00ebndafshi<\/p>\n<p><strong>Benefite :<\/strong><br \/>\n\u2022 Shton volum perfekt<br \/>\n\u2022 E vesh fibr\u00ebn e flokut<br \/>\n\u2022 Efekt q\u00eb zgjat shum\u00eb<br \/>\n\u2022 Zbutje dhe elasticitet<\/p>\n<p><strong>P\u00ebrdorimi :<\/strong><br \/>\nTundni shishen. Hidhni nj\u00eb sasi t\u00eb vog\u00ebl t\u00eb produktit p\u00ebrgjat\u00eb gjat\u00ebsis\u00eb s\u00eb flok\u00ebve t\u00eb lara dhe t\u00eb thara p\u00ebrpara stilimit. Gjithashtu aplikoni mbi rr\u00ebnj\u00eb p\u00ebr efekt optimal.<\/p>","protected":false},"excerpt":{"rendered":"<p>Shtoni volum perfekt q\u00eb zgjat dhe mbrojtje optimale p\u00ebr flok\u00ebt tuaj. Kjo shkum\u00eb vesh flokun dhe i jep volum qe mban shum\u00eb gjat\u00eb n\u00eb koh\u00eb.<\/p>\n<p style=\"text-align: justify;\">300 ml &#8211; 10.14 fl.oz<\/p>","protected":false},"featured_media":1655,"comment_status":"open","ping_status":"closed","template":"","meta":{"site-sidebar-layout":"default","site-content-layout":"default","ast-site-content-layout":"default","site-content-style":"default","site-sidebar-style":"default","ast-global-header-display":"","ast-banner-title-visibility":"","ast-main-header-display":"","ast-hfb-above-header-display":"","ast-hfb-below-header-display":"","ast-hfb-mobile-header-display":"","site-post-title":"","ast-breadcrumbs-content":"","ast-featured-img":"","footer-sml-layout":"","ast-disable-related-posts":"","theme-transparent-header-meta":"default","adv-header-id-meta":"","stick-header-meta":"","header-above-stick-meta":"","header-main-stick-meta":"","header-below-stick-meta":"","astra-migrate-meta-layouts":"default","ast-page-background-enabled":"default","ast-page-background-meta":{"desktop":{"background-color":"var(--ast-global-color-4)","background-image":"","background-repeat":"repeat","background-position":"center center","background-size":"auto","background-attachment":"scroll","background-type":"","background-media":"","overlay-type":"","overlay-color":"","overlay-opacity":"","overlay-gradient":""},"tablet":{"background-color":"","background-image":"","background-repeat":"repeat","background-position":"center center","background-size":"auto","background-attachment":"scroll","background-type":"","background-media":"","overlay-type":"","overlay-color":"","overlay-opacity":"","overlay-gradient":""},"mobile":{"background-color":"","background-image":"","background-repeat":"repeat","background-position":"center center","background-size":"auto","background-attachment":"scroll","background-type":"","background-media":"","overlay-type":"","overlay-color":"","overlay-opacity":"","overlay-gradient":""}},"ast-content-background-meta":{"desktop":{"background-color":"var(--ast-global-color-5)","background-image":"","background-repeat":"repeat","background-position":"center center","background-size":"auto","background-attachment":"scroll","background-type":"","background-media":"","overlay-type":"","overlay-color":"","overlay-opacity":"","overlay-gradient":""},"tablet":{"background-color":"var(--ast-global-color-5)","background-image":"","background-repeat":"repeat","background-position":"center center","background-size":"auto","background-attachment":"scroll","background-type":"","background-media":"","overlay-type":"","overlay-color":"","overlay-opacity":"","overlay-gradient":""},"mobile":{"background-color":"var(--ast-global-color-5)","background-image":"","background-repeat":"repeat","background-position":"center center","background-size":"auto","background-attachment":"scroll","background-type":"","background-media":"","overlay-type":"","overlay-color":"","overlay-opacity":"","overlay-gradient":""}}},"product_brand":[],"product_cat":[25,48],"product_tag":[],"class_list":{"0":"post-1657","1":"product","2":"type-product","3":"status-publish","4":"has-post-thumbnail","6":"product_cat-coiffance","7":"product_cat-coiffance-styling","8":"desktop-align-left","9":"tablet-align-left","10":"mobile-align-left","12":"first","13":"instock","14":"shipping-taxable","15":"purchasable","16":"product-type-simple"},"_links":{"self":[{"href":"https:\/\/zois.al\/sq\/wp-json\/wp\/v2\/product\/1657","targetHints":{"allow":["GET"]}}],"collection":[{"href":"https:\/\/zois.al\/sq\/wp-json\/wp\/v2\/product"}],"about":[{"href":"https:\/\/zois.al\/sq\/wp-json\/wp\/v2\/types\/product"}],"replies":[{"embeddable":true,"href":"https:\/\/zois.al\/sq\/wp-json\/wp\/v2\/comments?post=1657"}],"wp:featuredmedia":[{"embeddable":true,"href":"https:\/\/zois.al\/sq\/wp-json\/wp\/v2\/media\/1655"}],"wp:attachment":[{"href":"https:\/\/zois.al\/sq\/wp-json\/wp\/v2\/media?parent=1657"}],"wp:term":[{"taxonomy":"product_brand","embeddable":true,"href":"https:\/\/zois.al\/sq\/wp-json\/wp\/v2\/product_brand?post=1657"},{"taxonomy":"product_cat","embeddable":true,"href":"https:\/\/zois.al\/sq\/wp-json\/wp\/v2\/product_cat?post=1657"},{"taxonomy":"product_tag","embeddable":true,"href":"https:\/\/zois.al\/sq\/wp-json\/wp\/v2\/product_tag?post=1657"}],"curies":[{"name":"wp","href":"https:\/\/api.w.org\/{rel}","templated":true}]}}