{"id":1663,"date":"2023-01-16T22:32:46","date_gmt":"2023-01-16T22:32:46","guid":{"rendered":"http:\/\/localhost\/zois\/?post_type=product&#038;p=1663"},"modified":"2024-12-03T19:39:27","modified_gmt":"2024-12-03T19:39:27","slug":"blonde-brightening-shampoo","status":"publish","type":"product","link":"https:\/\/zois.al\/sq\/produkt\/blonde-brightening-shampoo\/","title":{"rendered":"BLONDE &#8211; BRIGHTENING SHAMPOO"},"content":{"rendered":"<p><strong>\u2022 PA SULFATE, PA PARABEN \u2022<\/strong><\/p>\n<p><strong>P\u00ebrb\u00ebr\u00ebsit :<\/strong><br \/>\n\u2022 Amino acide Gruri, veprojn\u00eb mbi zonat e d\u00ebmtuara t\u00eb flokut p\u00ebr ti restauruar, ristrukturojn\u00eb fibr\u00ebn<br \/>\n\u2022 Pigmente Viol\u00eb, neutralizojn\u00eb reflekset e verdha<br \/>\n\u2022 pH 5 &#8211; violet-blu &#8211; arom\u00eb bajame<\/p>\n<p><strong>Benefite:<\/strong><br \/>\n\u2022 Hidraton dhe mbron boshtin e flokut<br \/>\n\u2022 Largon tonalitetet e verdha dhe rigjall\u00ebron rrezatimin e flok\u00ebve bjonde, me fije ose t\u00eb thinjura<br \/>\n\u2022 Flok\u00ebt fitojn\u00eb shk\u00eblqim rrezatues natyral<\/p>\n<p><strong>P\u00ebrdorimi:<\/strong><br \/>\nAplikoni nj\u00eb sasi t\u00eb vog\u00ebl t\u00eb Shampos mbi flok\u00eb t\u00eb lagur, shkum\u00ebzoni, masazhoni leht\u00ebsisht dhe shp\u00eblani mir\u00eb. P\u00ebrs\u00ebrisni veprimin n\u00ebse \u00ebsht\u00eb e nevojshme. L\u00ebreni p\u00ebr 2-3 minuta. Shp\u00eblani mir\u00eb n\u00eb p\u00ebrfundim.<\/p>","protected":false},"excerpt":{"rendered":"<p style=\"text-align: justify;\">Fal\u00eb shkum\u00ebs s\u00eb saj t\u00eb leht\u00eb, kjo shampo p\u00ebr \u00e7eljen e ngjyr\u00ebs i pastron flok\u00ebt pa i r\u00ebnduar. P\u00ebrmban pigmente viol\u00eb n\u00eb doza specifike p\u00ebr t\u00eb neutralizuar reflekset e pak\u00ebndshme t\u00eb flok\u00ebve bjonde, me fije apo t\u00eb thinjura. Amino acidet e Grurit penetrojn\u00eb thell\u00ebsisht n\u00eb trupin e keratin\u00ebs p\u00ebr t\u00eb bashkuar zonat e d\u00ebmtuara dhe p\u00ebr ti sh\u00ebruar ato. Flok\u00ebt riparohen, mbrohen dhe bukuria e tyre dhe rrezatimi i tyre rikthehen.<\/p>\n<p style=\"text-align: left;\">250 ml &#8211; 8.45 fl.oz<\/p>\n<p>&nbsp;<\/p>","protected":false},"featured_media":1660,"comment_status":"open","ping_status":"closed","template":"","meta":{"site-sidebar-layout":"default","site-content-layout":"default","ast-site-content-layout":"default","site-content-style":"default","site-sidebar-style":"default","ast-global-header-display":"","ast-banner-title-visibility":"","ast-main-header-display":"","ast-hfb-above-header-display":"","ast-hfb-below-header-display":"","ast-hfb-mobile-header-display":"","site-post-title":"","ast-breadcrumbs-content":"","ast-featured-img":"","footer-sml-layout":"","ast-disable-related-posts":"","theme-transparent-header-meta":"default","adv-header-id-meta":"","stick-header-meta":"","header-above-stick-meta":"","header-main-stick-meta":"","header-below-stick-meta":"","astra-migrate-meta-layouts":"default","ast-page-background-enabled":"default","ast-page-background-meta":{"desktop":{"background-color":"var(--ast-global-color-4)","background-image":"","background-repeat":"repeat","background-position":"center center","background-size":"auto","background-attachment":"scroll","background-type":"","background-media":"","overlay-type":"","overlay-color":"","overlay-opacity":"","overlay-gradient":""},"tablet":{"background-color":"","background-image":"","background-repeat":"repeat","background-position":"center center","background-size":"auto","background-attachment":"scroll","background-type":"","background-media":"","overlay-type":"","overlay-color":"","overlay-opacity":"","overlay-gradient":""},"mobile":{"background-color":"","background-image":"","background-repeat":"repeat","background-position":"center center","background-size":"auto","background-attachment":"scroll","background-type":"","background-media":"","overlay-type":"","overlay-color":"","overlay-opacity":"","overlay-gradient":""}},"ast-content-background-meta":{"desktop":{"background-color":"var(--ast-global-color-5)","background-image":"","background-repeat":"repeat","background-position":"center center","background-size":"auto","background-attachment":"scroll","background-type":"","background-media":"","overlay-type":"","overlay-color":"","overlay-opacity":"","overlay-gradient":""},"tablet":{"background-color":"var(--ast-global-color-5)","background-image":"","background-repeat":"repeat","background-position":"center center","background-size":"auto","background-attachment":"scroll","background-type":"","background-media":"","overlay-type":"","overlay-color":"","overlay-opacity":"","overlay-gradient":""},"mobile":{"background-color":"var(--ast-global-color-5)","background-image":"","background-repeat":"repeat","background-position":"center center","background-size":"auto","background-attachment":"scroll","background-type":"","background-media":"","overlay-type":"","overlay-color":"","overlay-opacity":"","overlay-gradient":""}}},"product_brand":[],"product_cat":[25,43],"product_tag":[],"class_list":{"0":"post-1663","1":"product","2":"type-product","3":"status-publish","4":"has-post-thumbnail","6":"product_cat-coiffance","7":"product_cat-coiffance-blonde","8":"desktop-align-left","9":"tablet-align-left","10":"mobile-align-left","12":"first","13":"instock","14":"shipping-taxable","15":"purchasable","16":"product-type-simple"},"_links":{"self":[{"href":"https:\/\/zois.al\/sq\/wp-json\/wp\/v2\/product\/1663","targetHints":{"allow":["GET"]}}],"collection":[{"href":"https:\/\/zois.al\/sq\/wp-json\/wp\/v2\/product"}],"about":[{"href":"https:\/\/zois.al\/sq\/wp-json\/wp\/v2\/types\/product"}],"replies":[{"embeddable":true,"href":"https:\/\/zois.al\/sq\/wp-json\/wp\/v2\/comments?post=1663"}],"wp:featuredmedia":[{"embeddable":true,"href":"https:\/\/zois.al\/sq\/wp-json\/wp\/v2\/media\/1660"}],"wp:attachment":[{"href":"https:\/\/zois.al\/sq\/wp-json\/wp\/v2\/media?parent=1663"}],"wp:term":[{"taxonomy":"product_brand","embeddable":true,"href":"https:\/\/zois.al\/sq\/wp-json\/wp\/v2\/product_brand?post=1663"},{"taxonomy":"product_cat","embeddable":true,"href":"https:\/\/zois.al\/sq\/wp-json\/wp\/v2\/product_cat?post=1663"},{"taxonomy":"product_tag","embeddable":true,"href":"https:\/\/zois.al\/sq\/wp-json\/wp\/v2\/product_tag?post=1663"}],"curies":[{"name":"wp","href":"https:\/\/api.w.org\/{rel}","templated":true}]}}