{"id":1666,"date":"2023-01-16T22:34:14","date_gmt":"2023-01-16T22:34:14","guid":{"rendered":"http:\/\/localhost\/zois\/?post_type=product&#038;p=1666"},"modified":"2024-12-03T19:39:27","modified_gmt":"2024-12-03T19:39:27","slug":"blonde-moisturizing-leave-in-spray","status":"publish","type":"product","link":"https:\/\/zois.al\/sq\/produkt\/blonde-moisturizing-leave-in-spray\/","title":{"rendered":"BLONDE &#8211; MOISTURIZING LEAVE-IN SPRAY"},"content":{"rendered":"<p>\u2022<strong> PA SULFATE, PA PARABEN \u2022<\/strong><\/p>\n<p><strong>P\u00ebrb\u00ebr\u00ebsit :<\/strong><br \/>\n\u2022 Amino acide Gruri, veprojn\u00eb mbi zonat e d\u00ebmtuara t\u00eb flokut p\u00ebr ti restauruar, ristrukturojn\u00eb fibr\u00ebn<br \/>\n\u2022 Pigmente Viol\u00eb, neutralizojn\u00eb reflekset e verdha<br \/>\n\u2022 pH 3 &#8211; violet-blu &#8211; arom\u00eb ekzotike<\/p>\n<p><strong>Benefite:<\/strong><br \/>\n\u2022 Hidraton dhe mbron boshtin e flokut<br \/>\n\u2022 Largon tonalitetet e verdha dhe nga flok\u00ebt bondje dhe t\u00eb thinjura<br \/>\n\u2022 P\u00ebr t\u00eb theksuar rrezatimin dhe p\u00ebr t\u00eb shtuar shk\u00eblqim<\/p>\n<p><strong>P\u00ebrdorimi:<\/strong><br \/>\nTundni shishen mir\u00eb p\u00ebrpara \u00e7do aplikimi. M\u00eb pas sp\u00ebrkasni nj\u00ebtrajt\u00ebsisht mbi flok\u00eb t\u00eb lara me shampo dhe t\u00eb thara me peshqir ose t\u00ebr\u00ebsisht t\u00eb thara. Stiloni direkt pa i shp\u00eblar\u00eb.<\/p>","protected":false},"excerpt":{"rendered":"<p style=\"text-align: justify;\">Nj\u00eb veprim i dyfisht\u00eb i cili \u00ebsht\u00eb formuluar posa\u00e7\u00ebrisht p\u00ebr p\u00ebrkujdesjen e Flok\u00ebve Bjonde dhe T\u00eb Thinjura. Neutralizon tonet e verdha, kafe t\u00eb cel\u00ebt t\u00eb krijuara p\u00ebrpara kohe dhe i rikthen proteinat e humbura flok\u00ebve. Flok\u00ebt tuaj do t\u00eb ristrukturohen, dhe do t\u00eb marrin nj\u00eb tonalitet t\u00eb leht\u00eb me shk\u00eblqim rrezatues.<\/p>\n<p>150 ml &#8211; 5.07 fl.oz<\/p>","protected":false},"featured_media":1662,"comment_status":"open","ping_status":"closed","template":"","meta":{"site-sidebar-layout":"default","site-content-layout":"default","ast-site-content-layout":"default","site-content-style":"default","site-sidebar-style":"default","ast-global-header-display":"","ast-banner-title-visibility":"","ast-main-header-display":"","ast-hfb-above-header-display":"","ast-hfb-below-header-display":"","ast-hfb-mobile-header-display":"","site-post-title":"","ast-breadcrumbs-content":"","ast-featured-img":"","footer-sml-layout":"","ast-disable-related-posts":"","theme-transparent-header-meta":"default","adv-header-id-meta":"","stick-header-meta":"","header-above-stick-meta":"","header-main-stick-meta":"","header-below-stick-meta":"","astra-migrate-meta-layouts":"default","ast-page-background-enabled":"default","ast-page-background-meta":{"desktop":{"background-color":"var(--ast-global-color-4)","background-image":"","background-repeat":"repeat","background-position":"center center","background-size":"auto","background-attachment":"scroll","background-type":"","background-media":"","overlay-type":"","overlay-color":"","overlay-opacity":"","overlay-gradient":""},"tablet":{"background-color":"","background-image":"","background-repeat":"repeat","background-position":"center center","background-size":"auto","background-attachment":"scroll","background-type":"","background-media":"","overlay-type":"","overlay-color":"","overlay-opacity":"","overlay-gradient":""},"mobile":{"background-color":"","background-image":"","background-repeat":"repeat","background-position":"center center","background-size":"auto","background-attachment":"scroll","background-type":"","background-media":"","overlay-type":"","overlay-color":"","overlay-opacity":"","overlay-gradient":""}},"ast-content-background-meta":{"desktop":{"background-color":"var(--ast-global-color-5)","background-image":"","background-repeat":"repeat","background-position":"center center","background-size":"auto","background-attachment":"scroll","background-type":"","background-media":"","overlay-type":"","overlay-color":"","overlay-opacity":"","overlay-gradient":""},"tablet":{"background-color":"var(--ast-global-color-5)","background-image":"","background-repeat":"repeat","background-position":"center center","background-size":"auto","background-attachment":"scroll","background-type":"","background-media":"","overlay-type":"","overlay-color":"","overlay-opacity":"","overlay-gradient":""},"mobile":{"background-color":"var(--ast-global-color-5)","background-image":"","background-repeat":"repeat","background-position":"center center","background-size":"auto","background-attachment":"scroll","background-type":"","background-media":"","overlay-type":"","overlay-color":"","overlay-opacity":"","overlay-gradient":""}}},"product_brand":[],"product_cat":[25,43],"product_tag":[],"class_list":{"0":"post-1666","1":"product","2":"type-product","3":"status-publish","4":"has-post-thumbnail","6":"product_cat-coiffance","7":"product_cat-coiffance-blonde","8":"desktop-align-left","9":"tablet-align-left","10":"mobile-align-left","12":"first","13":"instock","14":"shipping-taxable","15":"purchasable","16":"product-type-simple"},"_links":{"self":[{"href":"https:\/\/zois.al\/sq\/wp-json\/wp\/v2\/product\/1666","targetHints":{"allow":["GET"]}}],"collection":[{"href":"https:\/\/zois.al\/sq\/wp-json\/wp\/v2\/product"}],"about":[{"href":"https:\/\/zois.al\/sq\/wp-json\/wp\/v2\/types\/product"}],"replies":[{"embeddable":true,"href":"https:\/\/zois.al\/sq\/wp-json\/wp\/v2\/comments?post=1666"}],"wp:featuredmedia":[{"embeddable":true,"href":"https:\/\/zois.al\/sq\/wp-json\/wp\/v2\/media\/1662"}],"wp:attachment":[{"href":"https:\/\/zois.al\/sq\/wp-json\/wp\/v2\/media?parent=1666"}],"wp:term":[{"taxonomy":"product_brand","embeddable":true,"href":"https:\/\/zois.al\/sq\/wp-json\/wp\/v2\/product_brand?post=1666"},{"taxonomy":"product_cat","embeddable":true,"href":"https:\/\/zois.al\/sq\/wp-json\/wp\/v2\/product_cat?post=1666"},{"taxonomy":"product_tag","embeddable":true,"href":"https:\/\/zois.al\/sq\/wp-json\/wp\/v2\/product_tag?post=1666"}],"curies":[{"name":"wp","href":"https:\/\/api.w.org\/{rel}","templated":true}]}}