{"id":1683,"date":"2023-01-16T22:47:24","date_gmt":"2023-01-16T22:47:24","guid":{"rendered":"http:\/\/localhost\/zois\/?post_type=product&#038;p=1683"},"modified":"2024-12-03T19:39:27","modified_gmt":"2024-12-03T19:39:27","slug":"booster-length-lotion","status":"publish","type":"product","link":"https:\/\/zois.al\/sq\/produkt\/booster-length-lotion\/","title":{"rendered":"BOOSTER LENGTH LOTION"},"content":{"rendered":"<p><strong>\u2022 Pa paraben \u2022 100% i prodhuar n\u00eb Franc\u00eb \u2022 I pa testuar te kafsh\u00ebt<\/strong><\/p>\n<p><strong>P\u00ebrb\u00ebr\u00ebsit :<\/strong><\/p>\n<p><strong>94% P\u00cbRB\u00cbR\u00cbS ME ORIGJIN\u00cb NATYRORE<\/strong><\/p>\n<ul>\n<li><strong>Keratina<\/strong>: forcon struktur\u00ebn e flok\u00ebve, rikthen but\u00ebsin\u00eb dhe shk\u00eblqimin<\/li>\n<li><strong>Vaj Inca Inchi<\/strong>: vaj i rrall\u00eb i pasur me vitamin\u00eb E me veti ristrukturuese<\/li>\n<li><strong>Kompleksi anti-plakje<\/strong>: parandalon r\u00ebnien e flok\u00ebve dhe forcon fuqish\u00ebm ankorimin e flok\u00ebve<\/li>\n<li><strong>Kompleksi kund\u00ebr r\u00ebnies s\u00eb flok\u00ebve<\/strong>: ndalon r\u00ebnien e flok\u00ebve, p\u00ebrmir\u00ebson cil\u00ebsin\u00eb e flok\u00ebve dhe stimulon rritjen<\/li>\n<\/ul>\n<p><strong>Benefite:<\/strong><\/p>\n<ul>\n<li>Mbron l\u00ebkur\u00ebn e kok\u00ebs<\/li>\n<li>Ndalon r\u00ebnien e flok\u00ebve<\/li>\n<li>P\u00ebrshpejton rritjen e flok\u00ebve m\u00eb t\u00eb sh\u00ebndetsh\u00ebm<\/li>\n<\/ul>\n<p><strong>P\u00ebrdorimi:<\/strong><br \/>\nSp\u00ebrkatni locionin direkt n\u00eb skalp. Masazhoni leht\u00eb. Mos shp\u00eblani. Rekomandohet p\u00ebrdorim i p\u00ebrditsh\u00ebm p\u00ebr 2 muaj.<\/p>","protected":false},"excerpt":{"rendered":"<p style=\"text-align: justify;\">Fal\u00eb p\u00ebrb\u00ebr\u00ebsve aktiv\u00eb forcues, ky locion parandalon r\u00ebnien e flok\u00ebve dhe ofron nj\u00eb veprim shum\u00eb efektiv kund\u00ebr humbjes s\u00eb densitetit. Stimulon dhe mbron skalpin e kok\u00ebs, forcon fibrat dhe p\u00ebrshpejton rritjen e flok\u00ebve m\u00eb t\u00eb sh\u00ebndetsh\u00ebm. Pas 2 muajsh p\u00ebrdorimi, flok\u00ebt jan\u00eb duksh\u00ebm m\u00eb t\u00eb trash\u00eb dhe m\u00eb t\u00eb fort\u00eb.<\/p>\n<p> 100 ml &#8211; 3.38 fl.oz<\/p>","protected":false},"featured_media":1681,"comment_status":"open","ping_status":"closed","template":"","meta":{"site-sidebar-layout":"default","site-content-layout":"default","ast-site-content-layout":"default","site-content-style":"default","site-sidebar-style":"default","ast-global-header-display":"","ast-banner-title-visibility":"","ast-main-header-display":"","ast-hfb-above-header-display":"","ast-hfb-below-header-display":"","ast-hfb-mobile-header-display":"","site-post-title":"","ast-breadcrumbs-content":"","ast-featured-img":"","footer-sml-layout":"","ast-disable-related-posts":"","theme-transparent-header-meta":"default","adv-header-id-meta":"","stick-header-meta":"","header-above-stick-meta":"","header-main-stick-meta":"","header-below-stick-meta":"","astra-migrate-meta-layouts":"default","ast-page-background-enabled":"default","ast-page-background-meta":{"desktop":{"background-color":"var(--ast-global-color-4)","background-image":"","background-repeat":"repeat","background-position":"center center","background-size":"auto","background-attachment":"scroll","background-type":"","background-media":"","overlay-type":"","overlay-color":"","overlay-opacity":"","overlay-gradient":""},"tablet":{"background-color":"","background-image":"","background-repeat":"repeat","background-position":"center center","background-size":"auto","background-attachment":"scroll","background-type":"","background-media":"","overlay-type":"","overlay-color":"","overlay-opacity":"","overlay-gradient":""},"mobile":{"background-color":"","background-image":"","background-repeat":"repeat","background-position":"center center","background-size":"auto","background-attachment":"scroll","background-type":"","background-media":"","overlay-type":"","overlay-color":"","overlay-opacity":"","overlay-gradient":""}},"ast-content-background-meta":{"desktop":{"background-color":"var(--ast-global-color-5)","background-image":"","background-repeat":"repeat","background-position":"center center","background-size":"auto","background-attachment":"scroll","background-type":"","background-media":"","overlay-type":"","overlay-color":"","overlay-opacity":"","overlay-gradient":""},"tablet":{"background-color":"var(--ast-global-color-5)","background-image":"","background-repeat":"repeat","background-position":"center center","background-size":"auto","background-attachment":"scroll","background-type":"","background-media":"","overlay-type":"","overlay-color":"","overlay-opacity":"","overlay-gradient":""},"mobile":{"background-color":"var(--ast-global-color-5)","background-image":"","background-repeat":"repeat","background-position":"center center","background-size":"auto","background-attachment":"scroll","background-type":"","background-media":"","overlay-type":"","overlay-color":"","overlay-opacity":"","overlay-gradient":""}}},"product_brand":[],"product_cat":[39,25],"product_tag":[],"class_list":{"0":"post-1683","1":"product","2":"type-product","3":"status-publish","4":"has-post-thumbnail","6":"product_cat-booster","7":"product_cat-coiffance","8":"desktop-align-left","9":"tablet-align-left","10":"mobile-align-left","12":"first","13":"instock","14":"shipping-taxable","15":"purchasable","16":"product-type-simple"},"_links":{"self":[{"href":"https:\/\/zois.al\/sq\/wp-json\/wp\/v2\/product\/1683","targetHints":{"allow":["GET"]}}],"collection":[{"href":"https:\/\/zois.al\/sq\/wp-json\/wp\/v2\/product"}],"about":[{"href":"https:\/\/zois.al\/sq\/wp-json\/wp\/v2\/types\/product"}],"replies":[{"embeddable":true,"href":"https:\/\/zois.al\/sq\/wp-json\/wp\/v2\/comments?post=1683"}],"wp:featuredmedia":[{"embeddable":true,"href":"https:\/\/zois.al\/sq\/wp-json\/wp\/v2\/media\/1681"}],"wp:attachment":[{"href":"https:\/\/zois.al\/sq\/wp-json\/wp\/v2\/media?parent=1683"}],"wp:term":[{"taxonomy":"product_brand","embeddable":true,"href":"https:\/\/zois.al\/sq\/wp-json\/wp\/v2\/product_brand?post=1683"},{"taxonomy":"product_cat","embeddable":true,"href":"https:\/\/zois.al\/sq\/wp-json\/wp\/v2\/product_cat?post=1683"},{"taxonomy":"product_tag","embeddable":true,"href":"https:\/\/zois.al\/sq\/wp-json\/wp\/v2\/product_tag?post=1683"}],"curies":[{"name":"wp","href":"https:\/\/api.w.org\/{rel}","templated":true}]}}