{"id":1686,"date":"2023-01-16T22:53:46","date_gmt":"2023-01-16T22:53:46","guid":{"rendered":"http:\/\/localhost\/zois\/?post_type=product&#038;p=1686"},"modified":"2024-12-03T19:38:57","modified_gmt":"2024-12-03T19:38:57","slug":"booster-pre-wash-serum","status":"publish","type":"product","link":"https:\/\/zois.al\/sq\/produkt\/booster-pre-wash-serum\/","title":{"rendered":"BOOSTER PRE WASH SERUM"},"content":{"rendered":"<p><strong>\u2022\u00a0 Pa silikon \u2022 Pa paraben \u2022 Pa vaj mineral \u2022 100% i prodhuar n\u00eb Franc\u00eb \u2022 I pa testuar te kafsh\u00ebt<\/strong><\/p>\n<p><strong>P\u00ebrb\u00ebr\u00ebsit :<\/strong><\/p>\n<p><strong>88% P\u00cbRB\u00cbR\u00cbS ME ORIGJIN\u00cb NATYRORE<\/strong><\/p>\n<ul>\n<li><strong>Vaji i arganit<\/strong>: mbron dhe ushqen intensivisht fibr\u00ebn, sjell but\u00ebsi dhe shk\u00eblqim<\/li>\n<li><strong>Vaj Inca Inchi<\/strong>: vaj i rrall\u00eb i pasur me vitamin\u00eb E me veti ristrukturuese<\/li>\n<li><strong>Kompleksi kund\u00ebr plakjes<\/strong>: parandalon r\u00ebnien e flok\u00ebve dhe forcon fuqish\u00ebm ankorimin e flok\u00ebve<\/li>\n<li><strong>Kompleksi kund\u00ebr r\u00ebnies s\u00eb flok\u00ebve<\/strong>: ndalon r\u00ebnien e flok\u00ebve, p\u00ebrmir\u00ebson cil\u00ebsin\u00eb e flok\u00ebve dhe stimulon rritjen<\/li>\n<\/ul>\n<p><strong>Benefite:<\/strong><\/p>\n<ul>\n<li>Stimulon skalpin e kok\u00ebs<\/li>\n<li>Nxit rritjen<\/li>\n<li>Rikthen forc\u00ebn dhe vitalitetin<\/li>\n<\/ul>\n<p><strong>P\u00ebrdorimi :<\/strong><br \/>\nTundeni shishen p\u00ebrpara p\u00ebrdorimit. P\u00ebrpara se t\u00eb lani flokun me shampo, shp\u00ebrndani 2 deri n\u00eb 3 pipeta serum n\u00eb t\u00eb gjith\u00eb skalpin e kok\u00ebs. Masazhojeni but\u00ebsisht dhe l\u00ebreni p\u00ebr 15 deri n\u00eb 20 minuta. Shp\u00eblajeni me kujdes.<\/p>","protected":false},"excerpt":{"rendered":"<p>Ky product ka\u00a0 fituar Cmim n\u00eb <em><strong>Victoires of Beauty<\/strong><\/em> 2022-2023.<\/p>\n<p>Nj\u00eb koncentrat i v\u00ebrtet\u00eb i forc\u00ebs dhe rritjes, ky trajtim para-shampo me nj\u00eb tekstur\u00eb delikate dhe nota fem\u00ebrore rikthen vitalitetin dhe shk\u00eblqimin e flok\u00ebve m\u00eb t\u00eb brisht\u00eb. Formula e tij me p\u00ebrb\u00ebr\u00ebs aktiv\u00eb stimulues forcon skalpin p\u00ebr t\u00eb nxitur rritjen e flok\u00ebve m\u00eb t\u00eb bukur dhe m\u00eb t\u00eb sh\u00ebndetsh\u00ebm.<\/p>\n<p>50 ml &#8211; 1.69 fl.oz<\/p>","protected":false},"featured_media":1672,"comment_status":"open","ping_status":"closed","template":"","meta":{"site-sidebar-layout":"default","site-content-layout":"default","ast-site-content-layout":"default","site-content-style":"default","site-sidebar-style":"default","ast-global-header-display":"","ast-banner-title-visibility":"","ast-main-header-display":"","ast-hfb-above-header-display":"","ast-hfb-below-header-display":"","ast-hfb-mobile-header-display":"","site-post-title":"","ast-breadcrumbs-content":"","ast-featured-img":"","footer-sml-layout":"","ast-disable-related-posts":"","theme-transparent-header-meta":"default","adv-header-id-meta":"","stick-header-meta":"","header-above-stick-meta":"","header-main-stick-meta":"","header-below-stick-meta":"","astra-migrate-meta-layouts":"default","ast-page-background-enabled":"default","ast-page-background-meta":{"desktop":{"background-color":"var(--ast-global-color-4)","background-image":"","background-repeat":"repeat","background-position":"center center","background-size":"auto","background-attachment":"scroll","background-type":"","background-media":"","overlay-type":"","overlay-color":"","overlay-opacity":"","overlay-gradient":""},"tablet":{"background-color":"","background-image":"","background-repeat":"repeat","background-position":"center center","background-size":"auto","background-attachment":"scroll","background-type":"","background-media":"","overlay-type":"","overlay-color":"","overlay-opacity":"","overlay-gradient":""},"mobile":{"background-color":"","background-image":"","background-repeat":"repeat","background-position":"center center","background-size":"auto","background-attachment":"scroll","background-type":"","background-media":"","overlay-type":"","overlay-color":"","overlay-opacity":"","overlay-gradient":""}},"ast-content-background-meta":{"desktop":{"background-color":"var(--ast-global-color-5)","background-image":"","background-repeat":"repeat","background-position":"center center","background-size":"auto","background-attachment":"scroll","background-type":"","background-media":"","overlay-type":"","overlay-color":"","overlay-opacity":"","overlay-gradient":""},"tablet":{"background-color":"var(--ast-global-color-5)","background-image":"","background-repeat":"repeat","background-position":"center center","background-size":"auto","background-attachment":"scroll","background-type":"","background-media":"","overlay-type":"","overlay-color":"","overlay-opacity":"","overlay-gradient":""},"mobile":{"background-color":"var(--ast-global-color-5)","background-image":"","background-repeat":"repeat","background-position":"center center","background-size":"auto","background-attachment":"scroll","background-type":"","background-media":"","overlay-type":"","overlay-color":"","overlay-opacity":"","overlay-gradient":""}}},"product_brand":[],"product_cat":[62,39,25],"product_tag":[],"class_list":{"0":"post-1686","1":"product","2":"type-product","3":"status-publish","4":"has-post-thumbnail","6":"product_cat-award-winning","7":"product_cat-booster","8":"product_cat-coiffance","9":"desktop-align-left","10":"tablet-align-left","11":"mobile-align-left","13":"first","14":"instock","15":"shipping-taxable","16":"purchasable","17":"product-type-simple"},"_links":{"self":[{"href":"https:\/\/zois.al\/sq\/wp-json\/wp\/v2\/product\/1686","targetHints":{"allow":["GET"]}}],"collection":[{"href":"https:\/\/zois.al\/sq\/wp-json\/wp\/v2\/product"}],"about":[{"href":"https:\/\/zois.al\/sq\/wp-json\/wp\/v2\/types\/product"}],"replies":[{"embeddable":true,"href":"https:\/\/zois.al\/sq\/wp-json\/wp\/v2\/comments?post=1686"}],"wp:featuredmedia":[{"embeddable":true,"href":"https:\/\/zois.al\/sq\/wp-json\/wp\/v2\/media\/1672"}],"wp:attachment":[{"href":"https:\/\/zois.al\/sq\/wp-json\/wp\/v2\/media?parent=1686"}],"wp:term":[{"taxonomy":"product_brand","embeddable":true,"href":"https:\/\/zois.al\/sq\/wp-json\/wp\/v2\/product_brand?post=1686"},{"taxonomy":"product_cat","embeddable":true,"href":"https:\/\/zois.al\/sq\/wp-json\/wp\/v2\/product_cat?post=1686"},{"taxonomy":"product_tag","embeddable":true,"href":"https:\/\/zois.al\/sq\/wp-json\/wp\/v2\/product_tag?post=1686"}],"curies":[{"name":"wp","href":"https:\/\/api.w.org\/{rel}","templated":true}]}}