{"id":1692,"date":"2023-01-16T22:59:24","date_gmt":"2023-01-16T22:59:24","guid":{"rendered":"http:\/\/localhost\/zois\/?post_type=product&#038;p=1692"},"modified":"2024-12-03T19:38:57","modified_gmt":"2024-12-03T19:38:57","slug":"coiffance-karite-argan-shampoo","status":"publish","type":"product","link":"https:\/\/zois.al\/sq\/produkt\/coiffance-karite-argan-shampoo\/","title":{"rendered":"COIFFANCE KARITE-ARGAN SHAMPOO"},"content":{"rendered":"<p><strong>\u2022 Pa paraben \u2022 100% prodhuar n\u00eb Franc\u00eb \u2022 Nuk \u00ebsht\u00eb testuar te kafsh\u00ebt<\/strong><\/p>\n<p><strong>P\u00ebrb\u00ebr\u00ebsit :<\/strong><\/p>\n<ul>\n<li><strong>Vaji organik i Arganit<\/strong>: mbron dhe ushqen fibrat, sjell but\u00ebsi dhe shk\u00eblqim<\/li>\n<li><strong>Shea Butter<\/strong>: ushqen flok\u00ebt n\u00eb thell\u00ebsi, rikthen vitalitetin dhe shk\u00eblqimin<\/li>\n<\/ul>\n<p><strong>Benefite:<\/strong><\/p>\n<ul>\n<li>Rigjall\u00ebron dhe sjell but\u00ebsi t\u00eb pakrahasueshme<\/li>\n<li>Ruan fibr\u00ebn nga oksidimi<\/li>\n<\/ul>\n<p><strong>P\u00ebrdorimi:<\/strong><\/p>\n<p>Aplikoni nj\u00eb sasi t\u00eb vog\u00ebl n\u00eb flok\u00eb t\u00eb lagur, emulsifikoni, masazhoni but\u00ebsisht dhe shp\u00eblajeni t\u00ebr\u00ebsisht. B\u00ebni nj\u00eb aplikim t\u00eb dyt\u00eb n\u00ebse \u00ebsht\u00eb e nevojshme.<\/p>\n<p><strong>PARFUM VANILJE<\/strong><\/p>","protected":false},"excerpt":{"rendered":"<p>Ideal p\u00ebr flok\u00eb t\u00eb that\u00eb, pa jet\u00eb dhe t\u00eb d\u00ebmtuar, trajtimi pastrues i Shea Argan riparon dhe forcon flok\u00ebt sapo lahen. Pastron but\u00ebsisht dhe formula e tij e pasuruar me bim\u00eb pastruese dhe qet\u00ebsuese mbron fibr\u00ebn dhe e rigjeneron at\u00eb menj\u00ebher\u00eb.<\/p>\n<p>250 ml &#8211; 8.45 fl.oz<\/p>","protected":false},"featured_media":1687,"comment_status":"open","ping_status":"closed","template":"","meta":{"site-sidebar-layout":"default","site-content-layout":"default","ast-site-content-layout":"default","site-content-style":"default","site-sidebar-style":"default","ast-global-header-display":"","ast-banner-title-visibility":"","ast-main-header-display":"","ast-hfb-above-header-display":"","ast-hfb-below-header-display":"","ast-hfb-mobile-header-display":"","site-post-title":"","ast-breadcrumbs-content":"","ast-featured-img":"","footer-sml-layout":"","ast-disable-related-posts":"","theme-transparent-header-meta":"default","adv-header-id-meta":"","stick-header-meta":"","header-above-stick-meta":"","header-main-stick-meta":"","header-below-stick-meta":"","astra-migrate-meta-layouts":"default","ast-page-background-enabled":"default","ast-page-background-meta":{"desktop":{"background-color":"var(--ast-global-color-4)","background-image":"","background-repeat":"repeat","background-position":"center center","background-size":"auto","background-attachment":"scroll","background-type":"","background-media":"","overlay-type":"","overlay-color":"","overlay-opacity":"","overlay-gradient":""},"tablet":{"background-color":"","background-image":"","background-repeat":"repeat","background-position":"center center","background-size":"auto","background-attachment":"scroll","background-type":"","background-media":"","overlay-type":"","overlay-color":"","overlay-opacity":"","overlay-gradient":""},"mobile":{"background-color":"","background-image":"","background-repeat":"repeat","background-position":"center center","background-size":"auto","background-attachment":"scroll","background-type":"","background-media":"","overlay-type":"","overlay-color":"","overlay-opacity":"","overlay-gradient":""}},"ast-content-background-meta":{"desktop":{"background-color":"var(--ast-global-color-5)","background-image":"","background-repeat":"repeat","background-position":"center center","background-size":"auto","background-attachment":"scroll","background-type":"","background-media":"","overlay-type":"","overlay-color":"","overlay-opacity":"","overlay-gradient":""},"tablet":{"background-color":"var(--ast-global-color-5)","background-image":"","background-repeat":"repeat","background-position":"center center","background-size":"auto","background-attachment":"scroll","background-type":"","background-media":"","overlay-type":"","overlay-color":"","overlay-opacity":"","overlay-gradient":""},"mobile":{"background-color":"var(--ast-global-color-5)","background-image":"","background-repeat":"repeat","background-position":"center center","background-size":"auto","background-attachment":"scroll","background-type":"","background-media":"","overlay-type":"","overlay-color":"","overlay-opacity":"","overlay-gradient":""}}},"product_brand":[],"product_cat":[25,49],"product_tag":[],"class_list":{"0":"post-1692","1":"product","2":"type-product","3":"status-publish","4":"has-post-thumbnail","6":"product_cat-coiffance","7":"product_cat-coiffance-carite","8":"desktop-align-left","9":"tablet-align-left","10":"mobile-align-left","12":"first","13":"instock","14":"shipping-taxable","15":"purchasable","16":"product-type-simple"},"_links":{"self":[{"href":"https:\/\/zois.al\/sq\/wp-json\/wp\/v2\/product\/1692","targetHints":{"allow":["GET"]}}],"collection":[{"href":"https:\/\/zois.al\/sq\/wp-json\/wp\/v2\/product"}],"about":[{"href":"https:\/\/zois.al\/sq\/wp-json\/wp\/v2\/types\/product"}],"replies":[{"embeddable":true,"href":"https:\/\/zois.al\/sq\/wp-json\/wp\/v2\/comments?post=1692"}],"wp:featuredmedia":[{"embeddable":true,"href":"https:\/\/zois.al\/sq\/wp-json\/wp\/v2\/media\/1687"}],"wp:attachment":[{"href":"https:\/\/zois.al\/sq\/wp-json\/wp\/v2\/media?parent=1692"}],"wp:term":[{"taxonomy":"product_brand","embeddable":true,"href":"https:\/\/zois.al\/sq\/wp-json\/wp\/v2\/product_brand?post=1692"},{"taxonomy":"product_cat","embeddable":true,"href":"https:\/\/zois.al\/sq\/wp-json\/wp\/v2\/product_cat?post=1692"},{"taxonomy":"product_tag","embeddable":true,"href":"https:\/\/zois.al\/sq\/wp-json\/wp\/v2\/product_tag?post=1692"}],"curies":[{"name":"wp","href":"https:\/\/api.w.org\/{rel}","templated":true}]}}