{"id":1693,"date":"2023-01-16T23:00:37","date_gmt":"2023-01-16T23:00:37","guid":{"rendered":"http:\/\/localhost\/zois\/?post_type=product&#038;p=1693"},"modified":"2024-12-03T19:38:57","modified_gmt":"2024-12-03T19:38:57","slug":"coiffance-karite-argan-mask","status":"publish","type":"product","link":"https:\/\/zois.al\/sq\/produkt\/coiffance-karite-argan-mask\/","title":{"rendered":"COIFFANCE KARITE &#8211; ARGAN MASK"},"content":{"rendered":"<p><strong>\u2022 Pa paraben \u2022 100% i prodhuar n\u00eb Franc\u00eb \u2022 I pa testuar te kafsh\u00ebt<\/strong><\/p>\n<p><strong>P\u00ebrb\u00ebr\u00ebsit :<\/strong><\/p>\n<p><strong>96% P\u00cbRB\u00cbR\u00cbS ME ORIGJIN\u00cb NATYRORE<\/strong><\/p>\n<ul>\n<li><strong>Vaji organik i arganit<\/strong>: mbron intensivisht fibr\u00ebn, jep but\u00ebsi dhe shk\u00eblqim<\/li>\n<li><strong>Shea Butter<\/strong>: ushqen thell\u00ebsisht flok\u00ebt, rikthen vitalitetin dhe shk\u00eblqimin<\/li>\n<\/ul>\n<p><strong>Benefite:<\/strong><\/p>\n<ul>\n<li>Rigjall\u00ebron dhe jep but\u00ebsi t\u00eb pakrahasueshme<\/li>\n<li>Ruan fibr\u00ebn nga oksidimi<\/li>\n<\/ul>\n<p><strong>P\u00ebrdorimi:<\/strong><\/p>\n<p>Aplikojeni mask\u00ebn seksion pas seksioni n\u00eb flok\u00eb t\u00eb lar\u00eb dhe t\u00eb thar\u00eb me peshqir, l\u00ebreni t\u00eb veproj\u00eb p\u00ebr 5 minuta, emulsohuni but\u00ebsisht dhe shp\u00eblajeni t\u00ebr\u00ebsisht.<\/p>\n<p>K\u00ebshill\u00eb: p\u00ebr nj\u00eb trajtim akoma m\u00eb intensiv dhe t\u00eb personalizuar, shtoni 3 pompa vaji t\u00eb \u00e7muar (Coiffance Precious Oil) n\u00eb doz\u00ebn e mask\u00ebs.<\/p>\n<p><strong>TEKSTUR\u00cb KREMOZE DHE PARFUM VANILJE<\/strong><\/p>","protected":false},"excerpt":{"rendered":"<p style=\"text-align: justify;\">Kjo mask\u00eb rigjall\u00ebron thell\u00ebsisht flok\u00ebt dhe i shnd\u00ebrron gjat\u00ebsit\u00eb e thata dhe t\u00eb brishta n\u00eb nj\u00eb tekstur\u00eb t\u00eb but\u00eb dhe t\u00eb m\u00ebndafsht\u00eb. Flok\u00ebt mbrohen nga oksidimi dhe ushqehen n\u00eb m\u00ebnyr\u00eb t\u00eb q\u00ebndrueshme.<\/p>\n<p>200 ml &#8211; 6.76 fl.oz<\/p>","protected":false},"featured_media":1689,"comment_status":"open","ping_status":"closed","template":"","meta":{"site-sidebar-layout":"default","site-content-layout":"default","ast-site-content-layout":"default","site-content-style":"default","site-sidebar-style":"default","ast-global-header-display":"","ast-banner-title-visibility":"","ast-main-header-display":"","ast-hfb-above-header-display":"","ast-hfb-below-header-display":"","ast-hfb-mobile-header-display":"","site-post-title":"","ast-breadcrumbs-content":"","ast-featured-img":"","footer-sml-layout":"","ast-disable-related-posts":"","theme-transparent-header-meta":"default","adv-header-id-meta":"","stick-header-meta":"","header-above-stick-meta":"","header-main-stick-meta":"","header-below-stick-meta":"","astra-migrate-meta-layouts":"default","ast-page-background-enabled":"default","ast-page-background-meta":{"desktop":{"background-color":"var(--ast-global-color-4)","background-image":"","background-repeat":"repeat","background-position":"center center","background-size":"auto","background-attachment":"scroll","background-type":"","background-media":"","overlay-type":"","overlay-color":"","overlay-opacity":"","overlay-gradient":""},"tablet":{"background-color":"","background-image":"","background-repeat":"repeat","background-position":"center center","background-size":"auto","background-attachment":"scroll","background-type":"","background-media":"","overlay-type":"","overlay-color":"","overlay-opacity":"","overlay-gradient":""},"mobile":{"background-color":"","background-image":"","background-repeat":"repeat","background-position":"center center","background-size":"auto","background-attachment":"scroll","background-type":"","background-media":"","overlay-type":"","overlay-color":"","overlay-opacity":"","overlay-gradient":""}},"ast-content-background-meta":{"desktop":{"background-color":"var(--ast-global-color-5)","background-image":"","background-repeat":"repeat","background-position":"center center","background-size":"auto","background-attachment":"scroll","background-type":"","background-media":"","overlay-type":"","overlay-color":"","overlay-opacity":"","overlay-gradient":""},"tablet":{"background-color":"var(--ast-global-color-5)","background-image":"","background-repeat":"repeat","background-position":"center center","background-size":"auto","background-attachment":"scroll","background-type":"","background-media":"","overlay-type":"","overlay-color":"","overlay-opacity":"","overlay-gradient":""},"mobile":{"background-color":"var(--ast-global-color-5)","background-image":"","background-repeat":"repeat","background-position":"center center","background-size":"auto","background-attachment":"scroll","background-type":"","background-media":"","overlay-type":"","overlay-color":"","overlay-opacity":"","overlay-gradient":""}}},"product_brand":[],"product_cat":[25,49],"product_tag":[],"class_list":{"0":"post-1693","1":"product","2":"type-product","3":"status-publish","4":"has-post-thumbnail","6":"product_cat-coiffance","7":"product_cat-coiffance-carite","8":"desktop-align-left","9":"tablet-align-left","10":"mobile-align-left","12":"first","13":"instock","14":"shipping-taxable","15":"purchasable","16":"product-type-simple"},"_links":{"self":[{"href":"https:\/\/zois.al\/sq\/wp-json\/wp\/v2\/product\/1693","targetHints":{"allow":["GET"]}}],"collection":[{"href":"https:\/\/zois.al\/sq\/wp-json\/wp\/v2\/product"}],"about":[{"href":"https:\/\/zois.al\/sq\/wp-json\/wp\/v2\/types\/product"}],"replies":[{"embeddable":true,"href":"https:\/\/zois.al\/sq\/wp-json\/wp\/v2\/comments?post=1693"}],"wp:featuredmedia":[{"embeddable":true,"href":"https:\/\/zois.al\/sq\/wp-json\/wp\/v2\/media\/1689"}],"wp:attachment":[{"href":"https:\/\/zois.al\/sq\/wp-json\/wp\/v2\/media?parent=1693"}],"wp:term":[{"taxonomy":"product_brand","embeddable":true,"href":"https:\/\/zois.al\/sq\/wp-json\/wp\/v2\/product_brand?post=1693"},{"taxonomy":"product_cat","embeddable":true,"href":"https:\/\/zois.al\/sq\/wp-json\/wp\/v2\/product_cat?post=1693"},{"taxonomy":"product_tag","embeddable":true,"href":"https:\/\/zois.al\/sq\/wp-json\/wp\/v2\/product_tag?post=1693"}],"curies":[{"name":"wp","href":"https:\/\/api.w.org\/{rel}","templated":true}]}}