{"id":1694,"date":"2023-01-16T23:01:28","date_gmt":"2023-01-16T23:01:28","guid":{"rendered":"http:\/\/localhost\/zois\/?post_type=product&#038;p=1694"},"modified":"2024-12-03T19:38:57","modified_gmt":"2024-12-03T19:38:57","slug":"coiffance-karite-argan-serum","status":"publish","type":"product","link":"https:\/\/zois.al\/sq\/produkt\/coiffance-karite-argan-serum\/","title":{"rendered":"COIFFANCE KARITE-ARGAN SERUM"},"content":{"rendered":"<p><strong>\u2022 Pa vaj mineral \u2022 pa Silikon \u2022 100% e prodhuar n\u00eb Franc\u00eb \u2022 Nuk \u00ebsht\u00eb testuar n\u00eb kafsh\u00eb<\/strong><\/p>\n<p><strong>P\u00ebrb\u00ebr\u00ebsit :<\/strong><\/p>\n<p><strong>99% P\u00cbRB\u00cbR\u00cbS ME ORIGJIN\u00cb NATYRORE<\/strong><\/p>\n<ul>\n<li><strong>Vaji organik i Arganit<\/strong>: mbron dhe ushqen fibrat, sjell but\u00ebsi dhe shk\u00eblqim<\/li>\n<li><strong>Shea Butter<\/strong>: ushqen thell\u00ebsisht flok\u00ebt, rikthen vitalitetin dhe shk\u00eblqimin<\/li>\n<li><strong>Ekstrakti i Kalendul\u00ebs<\/strong>: p\u00ebrb\u00ebr\u00ebs aktiv shum\u00eb antioksidant, qet\u00ebson dhe riparon n\u00eb m\u00ebnyr\u00eb t\u00eb q\u00ebndrueshme<\/li>\n<li><strong>Vaji Marula<\/strong>: zbut dhe mb\u00ebshtjell, mbron nga dehidratimi dhe ushqen<\/li>\n<li><strong>Vaji i Quinoas<\/strong>: ushqen, rrit shk\u00eblqimin dhe mbron ngjyr\u00ebn<\/li>\n<li><strong>Vaj Inca Inchi radiance<\/strong>: vaj i rrall\u00eb i pasur me vitamin\u00eb E me veti ristrukturuese<\/li>\n<\/ul>\n<p><strong>Benefite:<\/strong><\/p>\n<ul>\n<li>Rigjeneron intensivisht<\/li>\n<li>Sjell forc\u00eb dhe vitalitet<\/li>\n<li>Rrit shk\u00eblqimin<\/li>\n<\/ul>\n<p><strong>P\u00ebrdorimi:<\/strong><\/p>\n<p>Aplikojeni eliksirin n\u00eb flok\u00eb t\u00eb that\u00eb, masazhojeni but\u00ebsisht, l\u00ebreni t\u00eb veproj\u00eb p\u00ebr 15 minuta, shp\u00eblajeni t\u00ebr\u00ebsisht dhe m\u00eb pas vazhdoni me pastrimin\/larjen.<\/p>\n<p><strong>TEKSTUR\u00cb VAJORE &amp; PARFUM ME AROM\u00cb FRUTASH T\u00cb THATA<\/strong><\/p>","protected":false},"excerpt":{"rendered":"<p style=\"text-align: justify;\">Serumi shkrihet me flok\u00ebt p\u00ebr t&#8217;i riparuar intensivisht. I pasuruar me Shea Butter dhe vaj organik antioksidant t\u00eb arganit, ky trajtim par-shampo rikthen forc\u00ebn dhe elasticitetin tek flok\u00ebt m\u00eb t\u00eb d\u00ebmtuar.<\/p>\n<p>50 ml &#8211; 1.69 fl.oz<\/p>","protected":false},"featured_media":1690,"comment_status":"open","ping_status":"closed","template":"","meta":{"site-sidebar-layout":"default","site-content-layout":"default","ast-site-content-layout":"default","site-content-style":"default","site-sidebar-style":"default","ast-global-header-display":"","ast-banner-title-visibility":"","ast-main-header-display":"","ast-hfb-above-header-display":"","ast-hfb-below-header-display":"","ast-hfb-mobile-header-display":"","site-post-title":"","ast-breadcrumbs-content":"","ast-featured-img":"","footer-sml-layout":"","ast-disable-related-posts":"","theme-transparent-header-meta":"default","adv-header-id-meta":"","stick-header-meta":"","header-above-stick-meta":"","header-main-stick-meta":"","header-below-stick-meta":"","astra-migrate-meta-layouts":"default","ast-page-background-enabled":"default","ast-page-background-meta":{"desktop":{"background-color":"var(--ast-global-color-4)","background-image":"","background-repeat":"repeat","background-position":"center center","background-size":"auto","background-attachment":"scroll","background-type":"","background-media":"","overlay-type":"","overlay-color":"","overlay-opacity":"","overlay-gradient":""},"tablet":{"background-color":"","background-image":"","background-repeat":"repeat","background-position":"center center","background-size":"auto","background-attachment":"scroll","background-type":"","background-media":"","overlay-type":"","overlay-color":"","overlay-opacity":"","overlay-gradient":""},"mobile":{"background-color":"","background-image":"","background-repeat":"repeat","background-position":"center center","background-size":"auto","background-attachment":"scroll","background-type":"","background-media":"","overlay-type":"","overlay-color":"","overlay-opacity":"","overlay-gradient":""}},"ast-content-background-meta":{"desktop":{"background-color":"var(--ast-global-color-5)","background-image":"","background-repeat":"repeat","background-position":"center center","background-size":"auto","background-attachment":"scroll","background-type":"","background-media":"","overlay-type":"","overlay-color":"","overlay-opacity":"","overlay-gradient":""},"tablet":{"background-color":"var(--ast-global-color-5)","background-image":"","background-repeat":"repeat","background-position":"center center","background-size":"auto","background-attachment":"scroll","background-type":"","background-media":"","overlay-type":"","overlay-color":"","overlay-opacity":"","overlay-gradient":""},"mobile":{"background-color":"var(--ast-global-color-5)","background-image":"","background-repeat":"repeat","background-position":"center center","background-size":"auto","background-attachment":"scroll","background-type":"","background-media":"","overlay-type":"","overlay-color":"","overlay-opacity":"","overlay-gradient":""}}},"product_brand":[],"product_cat":[25,49],"product_tag":[],"class_list":{"0":"post-1694","1":"product","2":"type-product","3":"status-publish","4":"has-post-thumbnail","6":"product_cat-coiffance","7":"product_cat-coiffance-carite","8":"desktop-align-left","9":"tablet-align-left","10":"mobile-align-left","12":"first","13":"instock","14":"shipping-taxable","15":"purchasable","16":"product-type-simple"},"_links":{"self":[{"href":"https:\/\/zois.al\/sq\/wp-json\/wp\/v2\/product\/1694","targetHints":{"allow":["GET"]}}],"collection":[{"href":"https:\/\/zois.al\/sq\/wp-json\/wp\/v2\/product"}],"about":[{"href":"https:\/\/zois.al\/sq\/wp-json\/wp\/v2\/types\/product"}],"replies":[{"embeddable":true,"href":"https:\/\/zois.al\/sq\/wp-json\/wp\/v2\/comments?post=1694"}],"wp:featuredmedia":[{"embeddable":true,"href":"https:\/\/zois.al\/sq\/wp-json\/wp\/v2\/media\/1690"}],"wp:attachment":[{"href":"https:\/\/zois.al\/sq\/wp-json\/wp\/v2\/media?parent=1694"}],"wp:term":[{"taxonomy":"product_brand","embeddable":true,"href":"https:\/\/zois.al\/sq\/wp-json\/wp\/v2\/product_brand?post=1694"},{"taxonomy":"product_cat","embeddable":true,"href":"https:\/\/zois.al\/sq\/wp-json\/wp\/v2\/product_cat?post=1694"},{"taxonomy":"product_tag","embeddable":true,"href":"https:\/\/zois.al\/sq\/wp-json\/wp\/v2\/product_tag?post=1694"}],"curies":[{"name":"wp","href":"https:\/\/api.w.org\/{rel}","templated":true}]}}