{"id":1701,"date":"2023-01-16T23:07:32","date_gmt":"2023-01-16T23:07:32","guid":{"rendered":"http:\/\/localhost\/zois\/?post_type=product&#038;p=1701"},"modified":"2024-12-03T19:38:57","modified_gmt":"2024-12-03T19:38:57","slug":"daily-balancing-shampoo","status":"publish","type":"product","link":"https:\/\/zois.al\/sq\/produkt\/daily-balancing-shampoo\/","title":{"rendered":"DAILY &#8211; BALANCING SHAMPOO"},"content":{"rendered":"<p><strong>\u2022 PA SILIKON, PA PARABEN \u2022<\/strong><\/p>\n<p><strong>P\u00ebrb\u00ebr\u00ebsit :<\/strong><br \/>\n\u2022 Keratin<br \/>\n\u2022 Proteina M\u00ebndafshi<br \/>\n\u2022 Gjalp Bambuje<br \/>\n\u2022 pH 5 &#8211; e bardh\u00eb &#8211; arom\u00eb qitro<\/p>\n<p><strong>Benefite:<\/strong><br \/>\n\u2022 Pastron rr\u00ebnj\u00ebt, rigjeneron majat<br \/>\n\u2022 Rifitohet bukuria e flokut<br \/>\n\u2022 T\u00eb mos p\u00ebrdoren maska. T\u00eb zgjidhen sp\u00ebrkat\u00ebs p\u00ebr hidratim<\/p>\n<p><strong>P\u00ebrdorimi:<\/strong><br \/>\nAplikoni nj\u00eb sasi t\u00eb vog\u00ebl t\u00eb Shampos Balancuese mbi flok\u00eb t\u00eb lagur, shkum\u00ebzoni, masazhoni leht\u00ebsisht dhe shp\u00eblani mir\u00eb. P\u00ebrs\u00ebrisni n\u00ebse \u00ebsht\u00eb e nevojshme.<\/p>","protected":false},"excerpt":{"rendered":"<p>Shampo Balancuese \u00ebsht\u00eb krijuar p\u00ebr t\u00eb pastruar n\u00eb m\u00ebnyr\u00eb efektive skalpin e yndyrsh\u00ebm. Kjo shampo pastron rr\u00ebnj\u00ebsisht flok\u00ebt tuaj duke filluar nga skalpi nd\u00ebrsa plot\u00ebson but\u00ebsin\u00eb e flok\u00ebve n\u00eb t\u00eb nj\u00ebjt\u00ebn koh\u00eb, fal\u00eb vetive pastruese dhe ushqyese t\u00eb Gjalpit t\u00eb Bambus\u00eb. Flok\u00ebt tuaja jan\u00eb t\u00eb buta dhe shp\u00ebrthejn\u00eb n\u00eb vitalitet.<\/p>\n<p>250 ml &#8211; 8.45 fl.oz<\/p>","protected":false},"featured_media":1695,"comment_status":"open","ping_status":"closed","template":"","meta":{"site-sidebar-layout":"default","site-content-layout":"default","ast-site-content-layout":"default","site-content-style":"default","site-sidebar-style":"default","ast-global-header-display":"","ast-banner-title-visibility":"","ast-main-header-display":"","ast-hfb-above-header-display":"","ast-hfb-below-header-display":"","ast-hfb-mobile-header-display":"","site-post-title":"","ast-breadcrumbs-content":"","ast-featured-img":"","footer-sml-layout":"","ast-disable-related-posts":"","theme-transparent-header-meta":"default","adv-header-id-meta":"","stick-header-meta":"","header-above-stick-meta":"","header-main-stick-meta":"","header-below-stick-meta":"","astra-migrate-meta-layouts":"default","ast-page-background-enabled":"default","ast-page-background-meta":{"desktop":{"background-color":"var(--ast-global-color-4)","background-image":"","background-repeat":"repeat","background-position":"center center","background-size":"auto","background-attachment":"scroll","background-type":"","background-media":"","overlay-type":"","overlay-color":"","overlay-opacity":"","overlay-gradient":""},"tablet":{"background-color":"","background-image":"","background-repeat":"repeat","background-position":"center center","background-size":"auto","background-attachment":"scroll","background-type":"","background-media":"","overlay-type":"","overlay-color":"","overlay-opacity":"","overlay-gradient":""},"mobile":{"background-color":"","background-image":"","background-repeat":"repeat","background-position":"center center","background-size":"auto","background-attachment":"scroll","background-type":"","background-media":"","overlay-type":"","overlay-color":"","overlay-opacity":"","overlay-gradient":""}},"ast-content-background-meta":{"desktop":{"background-color":"var(--ast-global-color-5)","background-image":"","background-repeat":"repeat","background-position":"center center","background-size":"auto","background-attachment":"scroll","background-type":"","background-media":"","overlay-type":"","overlay-color":"","overlay-opacity":"","overlay-gradient":""},"tablet":{"background-color":"var(--ast-global-color-5)","background-image":"","background-repeat":"repeat","background-position":"center center","background-size":"auto","background-attachment":"scroll","background-type":"","background-media":"","overlay-type":"","overlay-color":"","overlay-opacity":"","overlay-gradient":""},"mobile":{"background-color":"var(--ast-global-color-5)","background-image":"","background-repeat":"repeat","background-position":"center center","background-size":"auto","background-attachment":"scroll","background-type":"","background-media":"","overlay-type":"","overlay-color":"","overlay-opacity":"","overlay-gradient":""}}},"product_brand":[],"product_cat":[25,42],"product_tag":[],"class_list":{"0":"post-1701","1":"product","2":"type-product","3":"status-publish","4":"has-post-thumbnail","6":"product_cat-coiffance","7":"product_cat-coiffance-daily","8":"desktop-align-left","9":"tablet-align-left","10":"mobile-align-left","12":"first","13":"instock","14":"shipping-taxable","15":"purchasable","16":"product-type-simple"},"_links":{"self":[{"href":"https:\/\/zois.al\/sq\/wp-json\/wp\/v2\/product\/1701","targetHints":{"allow":["GET"]}}],"collection":[{"href":"https:\/\/zois.al\/sq\/wp-json\/wp\/v2\/product"}],"about":[{"href":"https:\/\/zois.al\/sq\/wp-json\/wp\/v2\/types\/product"}],"replies":[{"embeddable":true,"href":"https:\/\/zois.al\/sq\/wp-json\/wp\/v2\/comments?post=1701"}],"wp:featuredmedia":[{"embeddable":true,"href":"https:\/\/zois.al\/sq\/wp-json\/wp\/v2\/media\/1695"}],"wp:attachment":[{"href":"https:\/\/zois.al\/sq\/wp-json\/wp\/v2\/media?parent=1701"}],"wp:term":[{"taxonomy":"product_brand","embeddable":true,"href":"https:\/\/zois.al\/sq\/wp-json\/wp\/v2\/product_brand?post=1701"},{"taxonomy":"product_cat","embeddable":true,"href":"https:\/\/zois.al\/sq\/wp-json\/wp\/v2\/product_cat?post=1701"},{"taxonomy":"product_tag","embeddable":true,"href":"https:\/\/zois.al\/sq\/wp-json\/wp\/v2\/product_tag?post=1701"}],"curies":[{"name":"wp","href":"https:\/\/api.w.org\/{rel}","templated":true}]}}