{"id":1703,"date":"2023-01-16T23:10:58","date_gmt":"2023-01-16T23:10:58","guid":{"rendered":"http:\/\/localhost\/zois\/?post_type=product&#038;p=1703"},"modified":"2024-12-03T19:38:57","modified_gmt":"2024-12-03T19:38:57","slug":"daily-moisturizing-leave-in-spray","status":"publish","type":"product","link":"https:\/\/zois.al\/sq\/produkt\/daily-moisturizing-leave-in-spray\/","title":{"rendered":"DAILY &#8211; MOISTURIZING LEAVE- IN SPRAY"},"content":{"rendered":"<p><strong>\u2022 PA SULFATE, PA PARABEN \u2022<\/strong><\/p>\n<p><strong>P\u00ebrb\u00ebr\u00ebsit :<\/strong><br \/>\n\u2022 Proteina Kashmiri<br \/>\n\u2022 pH 3.5 &#8211; blu &#8211; arom\u00eb ekzotike<\/p>\n<p><strong>Benefite:<\/strong><br \/>\n\u2022 Pa shp\u00eblarje ( Leave-In )<br \/>\n\u2022 P\u00ebrmban Proteina Kashmiri<br \/>\n\u2022 Ristrukturon<br \/>\n\u2022 I l\u00eb flok\u00ebt t\u00eb but\u00eb dhe t\u00eb m\u00ebndafsht\u00eb<br \/>\n\u2022 Flok\u00eb t\u00eb lehta p\u00ebr tu stiluar<\/p>\n<p><strong>P\u00ebrdorimi:<\/strong><br \/>\nTundni shishen e Kondicionerit Hidratues me Sp\u00ebrkatje mir\u00eb p\u00ebrpara \u00e7do aplikimi. M\u00eb pas shp\u00ebrndani nj\u00ebtrajt\u00ebsisht mbi flok\u00eb t\u00eb past\u00eb t\u00eb lar\u00eb me shampo, dhe t\u00eb thar\u00eb me peshqir ose t\u00ebr\u00ebsisht t\u00eb thar\u00eb. Stiloni direkt, mos shp\u00eblani.<\/p>","protected":false},"excerpt":{"rendered":"<p>Pasuruar me Proteina Kashmiri me veti t\u00eb larta ristrukturuese. Kondicioneri Hidratues me Sp\u00ebrkatje forcon dhe hidraton flok\u00ebt tuaj. But\u00ebsia e flok\u00ebve, p\u00ebrkulshm\u00ebria dhe vitaliteti rifitohen.<\/p>\n<p>150 ml &#8211; 5.07 fl.oz<\/p>","protected":false},"featured_media":1700,"comment_status":"open","ping_status":"closed","template":"","meta":{"site-sidebar-layout":"default","site-content-layout":"default","ast-site-content-layout":"default","site-content-style":"default","site-sidebar-style":"default","ast-global-header-display":"","ast-banner-title-visibility":"","ast-main-header-display":"","ast-hfb-above-header-display":"","ast-hfb-below-header-display":"","ast-hfb-mobile-header-display":"","site-post-title":"","ast-breadcrumbs-content":"","ast-featured-img":"","footer-sml-layout":"","ast-disable-related-posts":"","theme-transparent-header-meta":"default","adv-header-id-meta":"","stick-header-meta":"","header-above-stick-meta":"","header-main-stick-meta":"","header-below-stick-meta":"","astra-migrate-meta-layouts":"default","ast-page-background-enabled":"default","ast-page-background-meta":{"desktop":{"background-color":"var(--ast-global-color-4)","background-image":"","background-repeat":"repeat","background-position":"center center","background-size":"auto","background-attachment":"scroll","background-type":"","background-media":"","overlay-type":"","overlay-color":"","overlay-opacity":"","overlay-gradient":""},"tablet":{"background-color":"","background-image":"","background-repeat":"repeat","background-position":"center center","background-size":"auto","background-attachment":"scroll","background-type":"","background-media":"","overlay-type":"","overlay-color":"","overlay-opacity":"","overlay-gradient":""},"mobile":{"background-color":"","background-image":"","background-repeat":"repeat","background-position":"center center","background-size":"auto","background-attachment":"scroll","background-type":"","background-media":"","overlay-type":"","overlay-color":"","overlay-opacity":"","overlay-gradient":""}},"ast-content-background-meta":{"desktop":{"background-color":"var(--ast-global-color-5)","background-image":"","background-repeat":"repeat","background-position":"center center","background-size":"auto","background-attachment":"scroll","background-type":"","background-media":"","overlay-type":"","overlay-color":"","overlay-opacity":"","overlay-gradient":""},"tablet":{"background-color":"var(--ast-global-color-5)","background-image":"","background-repeat":"repeat","background-position":"center center","background-size":"auto","background-attachment":"scroll","background-type":"","background-media":"","overlay-type":"","overlay-color":"","overlay-opacity":"","overlay-gradient":""},"mobile":{"background-color":"var(--ast-global-color-5)","background-image":"","background-repeat":"repeat","background-position":"center center","background-size":"auto","background-attachment":"scroll","background-type":"","background-media":"","overlay-type":"","overlay-color":"","overlay-opacity":"","overlay-gradient":""}}},"product_brand":[],"product_cat":[25,42],"product_tag":[],"class_list":{"0":"post-1703","1":"product","2":"type-product","3":"status-publish","4":"has-post-thumbnail","6":"product_cat-coiffance","7":"product_cat-coiffance-daily","8":"desktop-align-left","9":"tablet-align-left","10":"mobile-align-left","12":"first","13":"instock","14":"shipping-taxable","15":"purchasable","16":"product-type-simple"},"_links":{"self":[{"href":"https:\/\/zois.al\/sq\/wp-json\/wp\/v2\/product\/1703","targetHints":{"allow":["GET"]}}],"collection":[{"href":"https:\/\/zois.al\/sq\/wp-json\/wp\/v2\/product"}],"about":[{"href":"https:\/\/zois.al\/sq\/wp-json\/wp\/v2\/types\/product"}],"replies":[{"embeddable":true,"href":"https:\/\/zois.al\/sq\/wp-json\/wp\/v2\/comments?post=1703"}],"wp:featuredmedia":[{"embeddable":true,"href":"https:\/\/zois.al\/sq\/wp-json\/wp\/v2\/media\/1700"}],"wp:attachment":[{"href":"https:\/\/zois.al\/sq\/wp-json\/wp\/v2\/media?parent=1703"}],"wp:term":[{"taxonomy":"product_brand","embeddable":true,"href":"https:\/\/zois.al\/sq\/wp-json\/wp\/v2\/product_brand?post=1703"},{"taxonomy":"product_cat","embeddable":true,"href":"https:\/\/zois.al\/sq\/wp-json\/wp\/v2\/product_cat?post=1703"},{"taxonomy":"product_tag","embeddable":true,"href":"https:\/\/zois.al\/sq\/wp-json\/wp\/v2\/product_tag?post=1703"}],"curies":[{"name":"wp","href":"https:\/\/api.w.org\/{rel}","templated":true}]}}