{"id":1709,"date":"2023-01-16T23:28:26","date_gmt":"2023-01-16T23:28:26","guid":{"rendered":"http:\/\/localhost\/zois\/?post_type=product&#038;p=1709"},"modified":"2024-12-03T19:38:57","modified_gmt":"2024-12-03T19:38:57","slug":"elixir-brillance","status":"publish","type":"product","link":"https:\/\/zois.al\/sq\/produkt\/elixir-brillance\/","title":{"rendered":"ELIXIR &#8211; ELIXIR FOR NUTRITION AND BRILLIANT SHINE"},"content":{"rendered":"<p><strong>\u2022 PA SULFATE\u00a0 \u2022 PA PARABEN\u00a0<\/strong><\/p>\n<p><strong>P\u00ebrb\u00ebr\u00ebsit :<\/strong><br \/>\n\u2022 <strong>Proteina M\u00ebndafshi<\/strong> &#8211; Forcon dhe mbron flok\u00ebt tuaj, thekson volumin dhe shk\u00eblqimin, duke rritur elasticitetin<br \/>\n\u2022 <strong>Vaj Babasu<\/strong> &#8211; Mbron flok\u00ebt nga dehidratimi, rikthen shk\u00eblqimin dhe volumin, forcon flokun<\/p>\n<p><strong>Benefite:<\/strong><br \/>\n\u2022 Ushqen dhe mbron flokun<br \/>\n\u2022 I l\u00eb flok\u00ebt m\u00eb t\u00eb buta dhe m\u00eb elastike<br \/>\n\u2022 L\u00ebmohet fibra<br \/>\n\u2022 Flok\u00ebt kan\u00eb m\u00eb shum\u00eb shk\u00eblqim<\/p>\n<p><strong>P\u00ebrdorimi:<\/strong><br \/>\nAplikoni 2 ose 3 pika nga Eliksiri mbi flok\u00ebt t\u00eb past\u00ebr t\u00eb sapo lar\u00eb me shampo, t\u00eb thara me pershqir, p\u00ebrpara tharjes me nxeht\u00ebsi ( me thar\u00ebse ), ose mbi flok\u00eb t\u00ebr\u00ebsisht t\u00eb thara. Shp\u00ebrndani n\u00eb m\u00ebnyr\u00eb t\u00eb nj\u00ebtrajtshme mbi mesin e gjat\u00ebsis\u00eb deri n\u00eb maja. Mos e shp\u00eblani.<\/p>","protected":false},"excerpt":{"rendered":"<p>Ky Eliksir i mrekulluesh\u00ebm \u00ebsht\u00eb i pasuruar me Vaj Babasu dhe Proteina M\u00ebndafshi t\u00eb cilat nxjerrin menj\u00ebher\u00eb n\u00eb pah shk\u00eblqim t\u00eb pabesuesh\u00ebm. Flok\u00ebt tuaja ndri\u00e7ohen, b\u00ebhen m\u00eb t\u00eb lehta dhe t\u00eb mahnitshme. Jan\u00eb m\u00eb t\u00eb lehta p\u00ebr tu stiluar, m\u00eb t\u00eb p\u00ebrkulshme dhe mbajn\u00eb nj\u00eb arom\u00eb t\u00eb delikate.<\/p>\n<p>50 ml &#8211; 1.69 fl.oz<\/p>\n<p>&nbsp;<\/p>","protected":false},"featured_media":1706,"comment_status":"open","ping_status":"closed","template":"","meta":{"site-sidebar-layout":"default","site-content-layout":"default","ast-site-content-layout":"default","site-content-style":"default","site-sidebar-style":"default","ast-global-header-display":"","ast-banner-title-visibility":"","ast-main-header-display":"","ast-hfb-above-header-display":"","ast-hfb-below-header-display":"","ast-hfb-mobile-header-display":"","site-post-title":"","ast-breadcrumbs-content":"","ast-featured-img":"","footer-sml-layout":"","ast-disable-related-posts":"","theme-transparent-header-meta":"default","adv-header-id-meta":"","stick-header-meta":"","header-above-stick-meta":"","header-main-stick-meta":"","header-below-stick-meta":"","astra-migrate-meta-layouts":"default","ast-page-background-enabled":"default","ast-page-background-meta":{"desktop":{"background-color":"var(--ast-global-color-4)","background-image":"","background-repeat":"repeat","background-position":"center center","background-size":"auto","background-attachment":"scroll","background-type":"","background-media":"","overlay-type":"","overlay-color":"","overlay-opacity":"","overlay-gradient":""},"tablet":{"background-color":"","background-image":"","background-repeat":"repeat","background-position":"center center","background-size":"auto","background-attachment":"scroll","background-type":"","background-media":"","overlay-type":"","overlay-color":"","overlay-opacity":"","overlay-gradient":""},"mobile":{"background-color":"","background-image":"","background-repeat":"repeat","background-position":"center center","background-size":"auto","background-attachment":"scroll","background-type":"","background-media":"","overlay-type":"","overlay-color":"","overlay-opacity":"","overlay-gradient":""}},"ast-content-background-meta":{"desktop":{"background-color":"var(--ast-global-color-5)","background-image":"","background-repeat":"repeat","background-position":"center center","background-size":"auto","background-attachment":"scroll","background-type":"","background-media":"","overlay-type":"","overlay-color":"","overlay-opacity":"","overlay-gradient":""},"tablet":{"background-color":"var(--ast-global-color-5)","background-image":"","background-repeat":"repeat","background-position":"center center","background-size":"auto","background-attachment":"scroll","background-type":"","background-media":"","overlay-type":"","overlay-color":"","overlay-opacity":"","overlay-gradient":""},"mobile":{"background-color":"var(--ast-global-color-5)","background-image":"","background-repeat":"repeat","background-position":"center center","background-size":"auto","background-attachment":"scroll","background-type":"","background-media":"","overlay-type":"","overlay-color":"","overlay-opacity":"","overlay-gradient":""}}},"product_brand":[],"product_cat":[25,47],"product_tag":[],"class_list":{"0":"post-1709","1":"product","2":"type-product","3":"status-publish","4":"has-post-thumbnail","6":"product_cat-coiffance","7":"product_cat-coiffance-elixir","8":"desktop-align-left","9":"tablet-align-left","10":"mobile-align-left","12":"first","13":"instock","14":"shipping-taxable","15":"purchasable","16":"product-type-simple"},"_links":{"self":[{"href":"https:\/\/zois.al\/sq\/wp-json\/wp\/v2\/product\/1709","targetHints":{"allow":["GET"]}}],"collection":[{"href":"https:\/\/zois.al\/sq\/wp-json\/wp\/v2\/product"}],"about":[{"href":"https:\/\/zois.al\/sq\/wp-json\/wp\/v2\/types\/product"}],"replies":[{"embeddable":true,"href":"https:\/\/zois.al\/sq\/wp-json\/wp\/v2\/comments?post=1709"}],"wp:featuredmedia":[{"embeddable":true,"href":"https:\/\/zois.al\/sq\/wp-json\/wp\/v2\/media\/1706"}],"wp:attachment":[{"href":"https:\/\/zois.al\/sq\/wp-json\/wp\/v2\/media?parent=1709"}],"wp:term":[{"taxonomy":"product_brand","embeddable":true,"href":"https:\/\/zois.al\/sq\/wp-json\/wp\/v2\/product_brand?post=1709"},{"taxonomy":"product_cat","embeddable":true,"href":"https:\/\/zois.al\/sq\/wp-json\/wp\/v2\/product_cat?post=1709"},{"taxonomy":"product_tag","embeddable":true,"href":"https:\/\/zois.al\/sq\/wp-json\/wp\/v2\/product_tag?post=1709"}],"curies":[{"name":"wp","href":"https:\/\/api.w.org\/{rel}","templated":true}]}}