{"id":1714,"date":"2023-01-16T23:34:14","date_gmt":"2023-01-16T23:34:14","guid":{"rendered":"http:\/\/localhost\/zois\/?post_type=product&#038;p=1714"},"modified":"2024-12-03T19:38:56","modified_gmt":"2024-12-03T19:38:56","slug":"nutri-daily-moisturizing-shampoo","status":"publish","type":"product","link":"https:\/\/zois.al\/sq\/produkt\/nutri-daily-moisturizing-shampoo\/","title":{"rendered":"NUTRI &#8211; DAILY MOISTURIZING SHAMPOO"},"content":{"rendered":"<p><strong>\u2022 PA SILIKON, PA GLUTEN, PA SULFATE, PA PARABEN<\/strong><\/p>\n<p><strong>P\u00ebrb\u00ebr\u00ebsit :<\/strong><br \/>\n\u2022 proteina Kashmiri<br \/>\n\u2022 Pro-Vitamin B5<br \/>\n\u2022 Ceramide Mimetike<br \/>\n\u2022 pH 5.3 &#8211; portokalli &#8211; arom\u00eb ekzotike<\/p>\n<p><strong>Benefite:<\/strong><br \/>\n\u2022 hidraton dhe ushqen fibr\u00ebn<br \/>\n\u2022 Flok\u00eb t\u00eb but\u00eb, t\u00eb sh\u00ebndetsh\u00ebm<\/p>\n<p><strong>P\u00ebrdorimi:<\/strong><br \/>\nP\u00ebrdorni nj\u00eb sasi t\u00eb vog\u00ebl t\u00eb Shampos Ditore Hidratuese mbi flok\u00ebt t\u00eb lagur, shkumoni, masazhoni but\u00eb dhe shplani mir\u00eb. P\u00ebrs\u00ebriteni veprimin n\u00eb rast se \u00ebsht\u00eb e nevojshme.<\/p>","protected":false},"excerpt":{"rendered":"<p>Pasuruar me Proteina Kashmiri dhe Pro-Vitamin B5, Shampoja Ditore Hidratuese riparon dhe ushqen flok\u00ebt e that\u00eb. Ristrukturon dhe forcon zonat e d\u00ebmtuara n\u00eb flok\u00ebt tuaj, duke rikthyer nj\u00ebkoh\u00ebsisht vitalitetin dhe shk\u00eblqimin. Fal\u00eb Ceramideve Mimetike, flok\u00ebt tuaja l\u00ebmohen, jan\u00eb m\u00eb t\u00eb leht\u00eb p\u00ebr tu krehur dhe jasht\u00ebzakonisht t\u00eb shkrif\u00ebt.<\/p>\n<p>250 ml &#8211; 8.45 fl.oz<\/p>","protected":false},"featured_media":1711,"comment_status":"open","ping_status":"closed","template":"","meta":{"site-sidebar-layout":"default","site-content-layout":"default","ast-site-content-layout":"default","site-content-style":"default","site-sidebar-style":"default","ast-global-header-display":"","ast-banner-title-visibility":"","ast-main-header-display":"","ast-hfb-above-header-display":"","ast-hfb-below-header-display":"","ast-hfb-mobile-header-display":"","site-post-title":"","ast-breadcrumbs-content":"","ast-featured-img":"","footer-sml-layout":"","ast-disable-related-posts":"","theme-transparent-header-meta":"default","adv-header-id-meta":"","stick-header-meta":"","header-above-stick-meta":"","header-main-stick-meta":"","header-below-stick-meta":"","astra-migrate-meta-layouts":"default","ast-page-background-enabled":"default","ast-page-background-meta":{"desktop":{"background-color":"var(--ast-global-color-4)","background-image":"","background-repeat":"repeat","background-position":"center center","background-size":"auto","background-attachment":"scroll","background-type":"","background-media":"","overlay-type":"","overlay-color":"","overlay-opacity":"","overlay-gradient":""},"tablet":{"background-color":"","background-image":"","background-repeat":"repeat","background-position":"center center","background-size":"auto","background-attachment":"scroll","background-type":"","background-media":"","overlay-type":"","overlay-color":"","overlay-opacity":"","overlay-gradient":""},"mobile":{"background-color":"","background-image":"","background-repeat":"repeat","background-position":"center center","background-size":"auto","background-attachment":"scroll","background-type":"","background-media":"","overlay-type":"","overlay-color":"","overlay-opacity":"","overlay-gradient":""}},"ast-content-background-meta":{"desktop":{"background-color":"var(--ast-global-color-5)","background-image":"","background-repeat":"repeat","background-position":"center center","background-size":"auto","background-attachment":"scroll","background-type":"","background-media":"","overlay-type":"","overlay-color":"","overlay-opacity":"","overlay-gradient":""},"tablet":{"background-color":"var(--ast-global-color-5)","background-image":"","background-repeat":"repeat","background-position":"center center","background-size":"auto","background-attachment":"scroll","background-type":"","background-media":"","overlay-type":"","overlay-color":"","overlay-opacity":"","overlay-gradient":""},"mobile":{"background-color":"var(--ast-global-color-5)","background-image":"","background-repeat":"repeat","background-position":"center center","background-size":"auto","background-attachment":"scroll","background-type":"","background-media":"","overlay-type":"","overlay-color":"","overlay-opacity":"","overlay-gradient":""}}},"product_brand":[],"product_cat":[25,40],"product_tag":[],"class_list":{"0":"post-1714","1":"product","2":"type-product","3":"status-publish","4":"has-post-thumbnail","6":"product_cat-coiffance","7":"product_cat-coiffance-nutri","8":"desktop-align-left","9":"tablet-align-left","10":"mobile-align-left","12":"first","13":"instock","14":"shipping-taxable","15":"purchasable","16":"product-type-simple"},"_links":{"self":[{"href":"https:\/\/zois.al\/sq\/wp-json\/wp\/v2\/product\/1714","targetHints":{"allow":["GET"]}}],"collection":[{"href":"https:\/\/zois.al\/sq\/wp-json\/wp\/v2\/product"}],"about":[{"href":"https:\/\/zois.al\/sq\/wp-json\/wp\/v2\/types\/product"}],"replies":[{"embeddable":true,"href":"https:\/\/zois.al\/sq\/wp-json\/wp\/v2\/comments?post=1714"}],"wp:featuredmedia":[{"embeddable":true,"href":"https:\/\/zois.al\/sq\/wp-json\/wp\/v2\/media\/1711"}],"wp:attachment":[{"href":"https:\/\/zois.al\/sq\/wp-json\/wp\/v2\/media?parent=1714"}],"wp:term":[{"taxonomy":"product_brand","embeddable":true,"href":"https:\/\/zois.al\/sq\/wp-json\/wp\/v2\/product_brand?post=1714"},{"taxonomy":"product_cat","embeddable":true,"href":"https:\/\/zois.al\/sq\/wp-json\/wp\/v2\/product_cat?post=1714"},{"taxonomy":"product_tag","embeddable":true,"href":"https:\/\/zois.al\/sq\/wp-json\/wp\/v2\/product_tag?post=1714"}],"curies":[{"name":"wp","href":"https:\/\/api.w.org\/{rel}","templated":true}]}}