{"id":1715,"date":"2023-01-16T23:35:56","date_gmt":"2023-01-16T23:35:56","guid":{"rendered":"http:\/\/localhost\/zois\/?post_type=product&#038;p=1715"},"modified":"2024-12-03T19:38:56","modified_gmt":"2024-12-03T19:38:56","slug":"nutri-daily-conditioner","status":"publish","type":"product","link":"https:\/\/zois.al\/sq\/produkt\/nutri-daily-conditioner\/","title":{"rendered":"NUTRI &#8211; DAILY CONDITIONER"},"content":{"rendered":"<p><strong>\u2022 PA SILIKON, PA SULFATE, PA PARABEN \u2022<\/strong><\/p>\n<p><strong>P\u00ebrb\u00ebr\u00ebsit :<\/strong><br \/>\n\u2022 proteina Kashmiri<br \/>\n\u2022 Vaj Kokosi<br \/>\n\u2022 Ceramide Mimetike<br \/>\n\u2022 pH 5.3 &#8211; portokalli &#8211; arom\u00eb ekzotike<\/p>\n<p><strong>Benefite:<\/strong><br \/>\n\u2022 Ofron hidratim optimal<br \/>\n\u2022 Flok\u00eb t\u00eb leht\u00eb, t\u00eb m\u00ebndafsht\u00eb<\/p>\n<p><strong>P\u00ebrdorimi:<\/strong><br \/>\nAplikoni nj\u00eb sasi t\u00eb vog\u00ebl t\u00eb produktit mbi flok\u00eb t\u00eb lar\u00eb m\u00eb par\u00eb me shampo dhe t\u00eb thar\u00eb me peshqir. L\u00ebreni p\u00ebr 2 minuta dhe shp\u00eblani mir\u00eb. Mund t\u00eb p\u00ebrdoret n\u00eb baz\u00eb t\u00eb nj\u00eb rutine ditore ose javore.<\/p>","protected":false},"excerpt":{"rendered":"<p style=\"text-align: justify;\">But\u00ebsia, forca dhe shk\u00eblqimi i flok\u00ebve t\u00eb that\u00eb e t\u00eb brisht\u00eb, rikthehet fal\u00eb k\u00ebtij produkti i cili \u00ebsht\u00eb i pasur me Proteina Kasmiri, Ceramide Mimetike dhe Vaj Kokosi. Ofron hidratim optimal dhe ushqyerje n\u00eb m\u00ebnyr\u00eb t\u00eb till\u00eb q\u00eb flok\u00ebt tuaj t\u00eb jen\u00eb jasht\u00ebzakonisht t\u00eb leht\u00eb, t\u00eb m\u00ebndafsht\u00eb dhe shum\u00eb t\u00eb leht\u00eb p\u00ebr tu stiluar.<\/p>\n<p style=\"text-align: left;\">200 ml &#8211; 6.76 fl.oz<\/p>","protected":false},"featured_media":1710,"comment_status":"open","ping_status":"closed","template":"","meta":{"site-sidebar-layout":"default","site-content-layout":"default","ast-site-content-layout":"default","site-content-style":"default","site-sidebar-style":"default","ast-global-header-display":"","ast-banner-title-visibility":"","ast-main-header-display":"","ast-hfb-above-header-display":"","ast-hfb-below-header-display":"","ast-hfb-mobile-header-display":"","site-post-title":"","ast-breadcrumbs-content":"","ast-featured-img":"","footer-sml-layout":"","ast-disable-related-posts":"","theme-transparent-header-meta":"default","adv-header-id-meta":"","stick-header-meta":"","header-above-stick-meta":"","header-main-stick-meta":"","header-below-stick-meta":"","astra-migrate-meta-layouts":"default","ast-page-background-enabled":"default","ast-page-background-meta":{"desktop":{"background-color":"var(--ast-global-color-4)","background-image":"","background-repeat":"repeat","background-position":"center center","background-size":"auto","background-attachment":"scroll","background-type":"","background-media":"","overlay-type":"","overlay-color":"","overlay-opacity":"","overlay-gradient":""},"tablet":{"background-color":"","background-image":"","background-repeat":"repeat","background-position":"center center","background-size":"auto","background-attachment":"scroll","background-type":"","background-media":"","overlay-type":"","overlay-color":"","overlay-opacity":"","overlay-gradient":""},"mobile":{"background-color":"","background-image":"","background-repeat":"repeat","background-position":"center center","background-size":"auto","background-attachment":"scroll","background-type":"","background-media":"","overlay-type":"","overlay-color":"","overlay-opacity":"","overlay-gradient":""}},"ast-content-background-meta":{"desktop":{"background-color":"var(--ast-global-color-5)","background-image":"","background-repeat":"repeat","background-position":"center center","background-size":"auto","background-attachment":"scroll","background-type":"","background-media":"","overlay-type":"","overlay-color":"","overlay-opacity":"","overlay-gradient":""},"tablet":{"background-color":"var(--ast-global-color-5)","background-image":"","background-repeat":"repeat","background-position":"center center","background-size":"auto","background-attachment":"scroll","background-type":"","background-media":"","overlay-type":"","overlay-color":"","overlay-opacity":"","overlay-gradient":""},"mobile":{"background-color":"var(--ast-global-color-5)","background-image":"","background-repeat":"repeat","background-position":"center center","background-size":"auto","background-attachment":"scroll","background-type":"","background-media":"","overlay-type":"","overlay-color":"","overlay-opacity":"","overlay-gradient":""}}},"product_brand":[],"product_cat":[25,40],"product_tag":[],"class_list":{"0":"post-1715","1":"product","2":"type-product","3":"status-publish","4":"has-post-thumbnail","6":"product_cat-coiffance","7":"product_cat-coiffance-nutri","8":"desktop-align-left","9":"tablet-align-left","10":"mobile-align-left","12":"first","13":"instock","14":"shipping-taxable","15":"purchasable","16":"product-type-simple"},"_links":{"self":[{"href":"https:\/\/zois.al\/sq\/wp-json\/wp\/v2\/product\/1715","targetHints":{"allow":["GET"]}}],"collection":[{"href":"https:\/\/zois.al\/sq\/wp-json\/wp\/v2\/product"}],"about":[{"href":"https:\/\/zois.al\/sq\/wp-json\/wp\/v2\/types\/product"}],"replies":[{"embeddable":true,"href":"https:\/\/zois.al\/sq\/wp-json\/wp\/v2\/comments?post=1715"}],"wp:featuredmedia":[{"embeddable":true,"href":"https:\/\/zois.al\/sq\/wp-json\/wp\/v2\/media\/1710"}],"wp:attachment":[{"href":"https:\/\/zois.al\/sq\/wp-json\/wp\/v2\/media?parent=1715"}],"wp:term":[{"taxonomy":"product_brand","embeddable":true,"href":"https:\/\/zois.al\/sq\/wp-json\/wp\/v2\/product_brand?post=1715"},{"taxonomy":"product_cat","embeddable":true,"href":"https:\/\/zois.al\/sq\/wp-json\/wp\/v2\/product_cat?post=1715"},{"taxonomy":"product_tag","embeddable":true,"href":"https:\/\/zois.al\/sq\/wp-json\/wp\/v2\/product_tag?post=1715"}],"curies":[{"name":"wp","href":"https:\/\/api.w.org\/{rel}","templated":true}]}}