{"id":1716,"date":"2023-01-16T23:37:11","date_gmt":"2023-01-16T23:37:11","guid":{"rendered":"http:\/\/localhost\/zois\/?post_type=product&#038;p=1716"},"modified":"2024-12-03T19:38:56","modified_gmt":"2024-12-03T19:38:56","slug":"nutri-moisturizing-leave-in-spray","status":"publish","type":"product","link":"https:\/\/zois.al\/sq\/produkt\/nutri-moisturizing-leave-in-spray\/","title":{"rendered":"NUTRI &#8211; MOISTURIZING LEAVE-IN SPRAY"},"content":{"rendered":"<p><strong>\u2022 PA SULFATE, PA PARABEN \u2022<\/strong><\/p>\n<p><strong>P\u00ebrb\u00ebr\u00ebsit :<\/strong><br \/>\n\u2022 proteina Kashmiri<br \/>\n\u2022 pH 4 &#8211; bezh &#8211; arom\u00eb lulesh<\/p>\n<p><strong>Benefite:<\/strong><br \/>\n\u2022 Nuk shp\u00eblahet ( Leave-In)<br \/>\n\u2022 Hidraton flokun<br \/>\n\u2022 E l\u00eb flokun t\u00eb but\u00eb dhe t\u00eb m\u00ebndafsht\u00eb<br \/>\n\u2022 Krijon leht\u00ebsi n\u00eb krehje<\/p>\n<p><strong>P\u00ebrdorimi:<\/strong><br \/>\nTundni mir\u00eb shishen p\u00ebrpara \u00e7do p\u00ebrdorimi. M\u00eb pas sp\u00ebrkatni n\u00eb m\u00ebnyr\u00eb t\u00eb nj\u00ebtrajtshme mbi flok\u00eb t\u00eb past\u00eb t\u00eb sapo lar\u00eb, dhe t\u00eb thar\u00eb me peshqir ose t\u00ebr\u00ebsisht t\u00eb thar\u00eb. Stiloni direkt, pa shp\u00eblarje.<\/p>","protected":false},"excerpt":{"rendered":"<p style=\"text-align: justify;\">Pasuruar me Proteina Kashmiri me veti t\u00eb larta ristrukturuese, ky produkt rigjeneron dhe zbut flok\u00ebt delikat\u00eb. Flok\u00ebt tuaja jan\u00eb mjaft t\u00eb hidratuara, t\u00eb mbrojtura dhe jasht\u00ebzakonisht t\u00eb l\u00ebmuara. P\u00ebrkulshm\u00ebria e flokut dhe vitaliteti rifitohen.<\/p>\n<p style=\"text-align: left;\">150 ml &#8211; 5.07 fl.oz<\/p>","protected":false},"featured_media":1713,"comment_status":"open","ping_status":"closed","template":"","meta":{"site-sidebar-layout":"default","site-content-layout":"default","ast-site-content-layout":"default","site-content-style":"default","site-sidebar-style":"default","ast-global-header-display":"","ast-banner-title-visibility":"","ast-main-header-display":"","ast-hfb-above-header-display":"","ast-hfb-below-header-display":"","ast-hfb-mobile-header-display":"","site-post-title":"","ast-breadcrumbs-content":"","ast-featured-img":"","footer-sml-layout":"","ast-disable-related-posts":"","theme-transparent-header-meta":"default","adv-header-id-meta":"","stick-header-meta":"","header-above-stick-meta":"","header-main-stick-meta":"","header-below-stick-meta":"","astra-migrate-meta-layouts":"default","ast-page-background-enabled":"default","ast-page-background-meta":{"desktop":{"background-color":"var(--ast-global-color-4)","background-image":"","background-repeat":"repeat","background-position":"center center","background-size":"auto","background-attachment":"scroll","background-type":"","background-media":"","overlay-type":"","overlay-color":"","overlay-opacity":"","overlay-gradient":""},"tablet":{"background-color":"","background-image":"","background-repeat":"repeat","background-position":"center center","background-size":"auto","background-attachment":"scroll","background-type":"","background-media":"","overlay-type":"","overlay-color":"","overlay-opacity":"","overlay-gradient":""},"mobile":{"background-color":"","background-image":"","background-repeat":"repeat","background-position":"center center","background-size":"auto","background-attachment":"scroll","background-type":"","background-media":"","overlay-type":"","overlay-color":"","overlay-opacity":"","overlay-gradient":""}},"ast-content-background-meta":{"desktop":{"background-color":"var(--ast-global-color-5)","background-image":"","background-repeat":"repeat","background-position":"center center","background-size":"auto","background-attachment":"scroll","background-type":"","background-media":"","overlay-type":"","overlay-color":"","overlay-opacity":"","overlay-gradient":""},"tablet":{"background-color":"var(--ast-global-color-5)","background-image":"","background-repeat":"repeat","background-position":"center center","background-size":"auto","background-attachment":"scroll","background-type":"","background-media":"","overlay-type":"","overlay-color":"","overlay-opacity":"","overlay-gradient":""},"mobile":{"background-color":"var(--ast-global-color-5)","background-image":"","background-repeat":"repeat","background-position":"center center","background-size":"auto","background-attachment":"scroll","background-type":"","background-media":"","overlay-type":"","overlay-color":"","overlay-opacity":"","overlay-gradient":""}}},"product_brand":[],"product_cat":[25,40],"product_tag":[],"class_list":{"0":"post-1716","1":"product","2":"type-product","3":"status-publish","4":"has-post-thumbnail","6":"product_cat-coiffance","7":"product_cat-coiffance-nutri","8":"desktop-align-left","9":"tablet-align-left","10":"mobile-align-left","12":"first","13":"instock","14":"shipping-taxable","15":"purchasable","16":"product-type-simple"},"_links":{"self":[{"href":"https:\/\/zois.al\/sq\/wp-json\/wp\/v2\/product\/1716","targetHints":{"allow":["GET"]}}],"collection":[{"href":"https:\/\/zois.al\/sq\/wp-json\/wp\/v2\/product"}],"about":[{"href":"https:\/\/zois.al\/sq\/wp-json\/wp\/v2\/types\/product"}],"replies":[{"embeddable":true,"href":"https:\/\/zois.al\/sq\/wp-json\/wp\/v2\/comments?post=1716"}],"wp:featuredmedia":[{"embeddable":true,"href":"https:\/\/zois.al\/sq\/wp-json\/wp\/v2\/media\/1713"}],"wp:attachment":[{"href":"https:\/\/zois.al\/sq\/wp-json\/wp\/v2\/media?parent=1716"}],"wp:term":[{"taxonomy":"product_brand","embeddable":true,"href":"https:\/\/zois.al\/sq\/wp-json\/wp\/v2\/product_brand?post=1716"},{"taxonomy":"product_cat","embeddable":true,"href":"https:\/\/zois.al\/sq\/wp-json\/wp\/v2\/product_cat?post=1716"},{"taxonomy":"product_tag","embeddable":true,"href":"https:\/\/zois.al\/sq\/wp-json\/wp\/v2\/product_tag?post=1716"}],"curies":[{"name":"wp","href":"https:\/\/api.w.org\/{rel}","templated":true}]}}