{"id":1720,"date":"2023-01-16T23:41:45","date_gmt":"2023-01-16T23:41:45","guid":{"rendered":"http:\/\/localhost\/zois\/?post_type=product&#038;p=1720"},"modified":"2024-12-03T19:38:56","modified_gmt":"2024-12-03T19:38:56","slug":"specific-anti-dandruff-shampoo","status":"publish","type":"product","link":"https:\/\/zois.al\/sq\/produkt\/specific-anti-dandruff-shampoo\/","title":{"rendered":"SPECIFIC &#8211; ANTI-DANDRUFF SHAMPOO"},"content":{"rendered":"<p><strong>\u2022 PA SILIKON, PA PARABEN \u2022<\/strong><\/p>\n<p><strong>P\u00ebrb\u00ebr\u00ebsit :<\/strong><br \/>\n\u2022 Piroctone Olamine, Pirition Zinku, Gingko Biloba<br \/>\n\u2022 Pigmente Viol\u00eb, neutralizojn\u00eb reflekset e verdha<br \/>\n\u2022 pH 5 &#8211; e bardh\u00eb &#8211; arom\u00eb qitro<\/p>\n<p><strong>Benefite:<\/strong><br \/>\n\u2022 Lufton efektivisht zbokthin<br \/>\n\u2022 P\u00ebrdorim p\u00ebr 3 deri n\u00eb 4 jav\u00eb<br \/>\n\u2022 Flok\u00eb me shk\u00eblqim, skalp i sh\u00ebndetsh\u00ebm, plot vitalitet<\/p>\n<p><strong>P\u00ebrdorimi:<\/strong><br \/>\nAplikoni nj\u00eb sasi t\u00eb vog\u00ebl t\u00eb shampos mbi flok\u00eb t\u00eb lagur. Masazhoni skalpin. Shp\u00eblani mir\u00eb. P\u00ebrs\u00ebrisni veprimin n\u00ebser \u00ebsht\u00eb e nevojshme, duke e l\u00ebn\u00eb p\u00ebr 2 deri n\u00eb 3 minuta q\u00eb t\u00eb p\u00ebrforcohet veprimi i kompleksit anti-myk. Shp\u00eblani mir\u00eb. Rekomandohet q\u00eb t\u00eb p\u00ebrdoret nj\u00eb shampo hidratuese pas trajtimit p\u00ebr t\u00eb rikthyer but\u00ebsin\u00eb e skalpit ( me p\u00ebrjashtim t\u00eb flok\u00ebve t\u00eb yndyrsh\u00ebm ) .<\/p>","protected":false},"excerpt":{"rendered":"<p style=\"text-align: justify;\">Krijuar p\u00ebr t\u00eb luftuar n\u00eb m\u00ebnyr\u00eb efektive zbokthin, kjo shampo ribalancon skalpin dhe nxit mikroqarkullimin. Skalpi pastrohet, kruarja zvog\u00eblohet dhe zbokthi zhduket dal\u00ebngadal\u00eb duke siguruar nj\u00eb skalp t\u00eb sh\u00ebndetsh\u00ebm.<\/p>\n<p style=\"text-align: left;\">250 ml &#8211; 8.45 fl.oz<\/p>\n<p style=\"text-align: left;\">","protected":false},"featured_media":1719,"comment_status":"open","ping_status":"closed","template":"","meta":{"site-sidebar-layout":"default","site-content-layout":"default","ast-site-content-layout":"default","site-content-style":"default","site-sidebar-style":"default","ast-global-header-display":"","ast-banner-title-visibility":"","ast-main-header-display":"","ast-hfb-above-header-display":"","ast-hfb-below-header-display":"","ast-hfb-mobile-header-display":"","site-post-title":"","ast-breadcrumbs-content":"","ast-featured-img":"","footer-sml-layout":"","ast-disable-related-posts":"","theme-transparent-header-meta":"default","adv-header-id-meta":"","stick-header-meta":"","header-above-stick-meta":"","header-main-stick-meta":"","header-below-stick-meta":"","astra-migrate-meta-layouts":"default","ast-page-background-enabled":"default","ast-page-background-meta":{"desktop":{"background-color":"var(--ast-global-color-4)","background-image":"","background-repeat":"repeat","background-position":"center center","background-size":"auto","background-attachment":"scroll","background-type":"","background-media":"","overlay-type":"","overlay-color":"","overlay-opacity":"","overlay-gradient":""},"tablet":{"background-color":"","background-image":"","background-repeat":"repeat","background-position":"center center","background-size":"auto","background-attachment":"scroll","background-type":"","background-media":"","overlay-type":"","overlay-color":"","overlay-opacity":"","overlay-gradient":""},"mobile":{"background-color":"","background-image":"","background-repeat":"repeat","background-position":"center center","background-size":"auto","background-attachment":"scroll","background-type":"","background-media":"","overlay-type":"","overlay-color":"","overlay-opacity":"","overlay-gradient":""}},"ast-content-background-meta":{"desktop":{"background-color":"var(--ast-global-color-5)","background-image":"","background-repeat":"repeat","background-position":"center center","background-size":"auto","background-attachment":"scroll","background-type":"","background-media":"","overlay-type":"","overlay-color":"","overlay-opacity":"","overlay-gradient":""},"tablet":{"background-color":"var(--ast-global-color-5)","background-image":"","background-repeat":"repeat","background-position":"center center","background-size":"auto","background-attachment":"scroll","background-type":"","background-media":"","overlay-type":"","overlay-color":"","overlay-opacity":"","overlay-gradient":""},"mobile":{"background-color":"var(--ast-global-color-5)","background-image":"","background-repeat":"repeat","background-position":"center center","background-size":"auto","background-attachment":"scroll","background-type":"","background-media":"","overlay-type":"","overlay-color":"","overlay-opacity":"","overlay-gradient":""}}},"product_brand":[],"product_cat":[25,44],"product_tag":[],"class_list":{"0":"post-1720","1":"product","2":"type-product","3":"status-publish","4":"has-post-thumbnail","6":"product_cat-coiffance","7":"product_cat-coiffance-specific","8":"desktop-align-left","9":"tablet-align-left","10":"mobile-align-left","12":"first","13":"instock","14":"shipping-taxable","15":"purchasable","16":"product-type-simple"},"_links":{"self":[{"href":"https:\/\/zois.al\/sq\/wp-json\/wp\/v2\/product\/1720","targetHints":{"allow":["GET"]}}],"collection":[{"href":"https:\/\/zois.al\/sq\/wp-json\/wp\/v2\/product"}],"about":[{"href":"https:\/\/zois.al\/sq\/wp-json\/wp\/v2\/types\/product"}],"replies":[{"embeddable":true,"href":"https:\/\/zois.al\/sq\/wp-json\/wp\/v2\/comments?post=1720"}],"wp:featuredmedia":[{"embeddable":true,"href":"https:\/\/zois.al\/sq\/wp-json\/wp\/v2\/media\/1719"}],"wp:attachment":[{"href":"https:\/\/zois.al\/sq\/wp-json\/wp\/v2\/media?parent=1720"}],"wp:term":[{"taxonomy":"product_brand","embeddable":true,"href":"https:\/\/zois.al\/sq\/wp-json\/wp\/v2\/product_brand?post=1720"},{"taxonomy":"product_cat","embeddable":true,"href":"https:\/\/zois.al\/sq\/wp-json\/wp\/v2\/product_cat?post=1720"},{"taxonomy":"product_tag","embeddable":true,"href":"https:\/\/zois.al\/sq\/wp-json\/wp\/v2\/product_tag?post=1720"}],"curies":[{"name":"wp","href":"https:\/\/api.w.org\/{rel}","templated":true}]}}