{"id":1721,"date":"2023-01-16T23:43:03","date_gmt":"2023-01-16T23:43:03","guid":{"rendered":"http:\/\/localhost\/zois\/?post_type=product&#038;p=1721"},"modified":"2024-12-03T19:38:56","modified_gmt":"2024-12-03T19:38:56","slug":"specific-peeling-shampoo","status":"publish","type":"product","link":"https:\/\/zois.al\/sq\/produkt\/specific-peeling-shampoo\/","title":{"rendered":"SPECIFIC &#8211; PEELING SHAMPOO"},"content":{"rendered":"<p><strong>\u2022 PA SILIKON, PA PARABEN \u2022<\/strong><\/p>\n<p><strong>P\u00ebrb\u00ebr\u00ebsit :<\/strong><br \/>\n\u2022 Kompleks me vajra esenciale<br \/>\n\u2022 Kokrriza eksfoliante<br \/>\n\u2022 pH 5 &#8211; blu &#8211; arom\u00eb e fresk\u00ebt<\/p>\n<p><strong>Benefite:<\/strong><br \/>\n\u2022 Veprim pastrues<br \/>\n\u2022 Pastron skalpin n\u00eb thell\u00ebsi<br \/>\n\u2022 Skalp i sh\u00ebndetsh\u00ebm plot vitalitet<br \/>\n\u2022 P\u00ebrdorimi nj\u00eb ose dy her\u00eb n\u00eb muaj<\/p>\n<p><strong>P\u00ebrdorimi:<\/strong><br \/>\nAplikoni nj\u00eb sasi t\u00eb vog\u00ebl t\u00eb shampos mbi flok\u00ebt t\u00eb lagur, shkum\u00ebzoni leht\u00ebsisht me uj\u00eb t\u00eb ngroht\u00eb, masazhoni but\u00eb dhe shp\u00eblani mir\u00eb.<\/p>","protected":false},"excerpt":{"rendered":"<p style=\"text-align: justify;\">Fal\u00eb kompleksit stimulues dhe pastrues me vajra esenciale ( Limon, Rozmarin\u00eb, Mend\u00ebr, Patchouli, Elemi, Rr\u00ebshir\u00eb, Karafil ), kjo shampo piling pastron n\u00eb thell\u00ebsi. Ajo hidraton dhe qet\u00ebson skalpin, ekuilibron mikroflor\u00ebn e l\u00ebkur\u00ebs dje lufton shqet\u00ebsimet. Kokrrizat e shampos ndajn\u00eb qelizat e vdekura t\u00eb cilat fiksohen n\u00eb poret e skalpit dhe dhuron nj\u00eb efekt rifreskuet q\u00eb zgjat.<\/p>\n<p style=\"text-align: left;\">250 ml &#8211; 8.45 fl.oz<\/p>\n<p style=\"text-align: left;\">","protected":false},"featured_media":1718,"comment_status":"open","ping_status":"closed","template":"","meta":{"site-sidebar-layout":"default","site-content-layout":"default","ast-site-content-layout":"default","site-content-style":"default","site-sidebar-style":"default","ast-global-header-display":"","ast-banner-title-visibility":"","ast-main-header-display":"","ast-hfb-above-header-display":"","ast-hfb-below-header-display":"","ast-hfb-mobile-header-display":"","site-post-title":"","ast-breadcrumbs-content":"","ast-featured-img":"","footer-sml-layout":"","ast-disable-related-posts":"","theme-transparent-header-meta":"default","adv-header-id-meta":"","stick-header-meta":"","header-above-stick-meta":"","header-main-stick-meta":"","header-below-stick-meta":"","astra-migrate-meta-layouts":"default","ast-page-background-enabled":"default","ast-page-background-meta":{"desktop":{"background-color":"var(--ast-global-color-4)","background-image":"","background-repeat":"repeat","background-position":"center center","background-size":"auto","background-attachment":"scroll","background-type":"","background-media":"","overlay-type":"","overlay-color":"","overlay-opacity":"","overlay-gradient":""},"tablet":{"background-color":"","background-image":"","background-repeat":"repeat","background-position":"center center","background-size":"auto","background-attachment":"scroll","background-type":"","background-media":"","overlay-type":"","overlay-color":"","overlay-opacity":"","overlay-gradient":""},"mobile":{"background-color":"","background-image":"","background-repeat":"repeat","background-position":"center center","background-size":"auto","background-attachment":"scroll","background-type":"","background-media":"","overlay-type":"","overlay-color":"","overlay-opacity":"","overlay-gradient":""}},"ast-content-background-meta":{"desktop":{"background-color":"var(--ast-global-color-5)","background-image":"","background-repeat":"repeat","background-position":"center center","background-size":"auto","background-attachment":"scroll","background-type":"","background-media":"","overlay-type":"","overlay-color":"","overlay-opacity":"","overlay-gradient":""},"tablet":{"background-color":"var(--ast-global-color-5)","background-image":"","background-repeat":"repeat","background-position":"center center","background-size":"auto","background-attachment":"scroll","background-type":"","background-media":"","overlay-type":"","overlay-color":"","overlay-opacity":"","overlay-gradient":""},"mobile":{"background-color":"var(--ast-global-color-5)","background-image":"","background-repeat":"repeat","background-position":"center center","background-size":"auto","background-attachment":"scroll","background-type":"","background-media":"","overlay-type":"","overlay-color":"","overlay-opacity":"","overlay-gradient":""}}},"product_brand":[],"product_cat":[25,44],"product_tag":[],"class_list":{"0":"post-1721","1":"product","2":"type-product","3":"status-publish","4":"has-post-thumbnail","6":"product_cat-coiffance","7":"product_cat-coiffance-specific","8":"desktop-align-left","9":"tablet-align-left","10":"mobile-align-left","12":"first","13":"instock","14":"shipping-taxable","15":"purchasable","16":"product-type-simple"},"_links":{"self":[{"href":"https:\/\/zois.al\/sq\/wp-json\/wp\/v2\/product\/1721","targetHints":{"allow":["GET"]}}],"collection":[{"href":"https:\/\/zois.al\/sq\/wp-json\/wp\/v2\/product"}],"about":[{"href":"https:\/\/zois.al\/sq\/wp-json\/wp\/v2\/types\/product"}],"replies":[{"embeddable":true,"href":"https:\/\/zois.al\/sq\/wp-json\/wp\/v2\/comments?post=1721"}],"wp:featuredmedia":[{"embeddable":true,"href":"https:\/\/zois.al\/sq\/wp-json\/wp\/v2\/media\/1718"}],"wp:attachment":[{"href":"https:\/\/zois.al\/sq\/wp-json\/wp\/v2\/media?parent=1721"}],"wp:term":[{"taxonomy":"product_brand","embeddable":true,"href":"https:\/\/zois.al\/sq\/wp-json\/wp\/v2\/product_brand?post=1721"},{"taxonomy":"product_cat","embeddable":true,"href":"https:\/\/zois.al\/sq\/wp-json\/wp\/v2\/product_cat?post=1721"},{"taxonomy":"product_tag","embeddable":true,"href":"https:\/\/zois.al\/sq\/wp-json\/wp\/v2\/product_tag?post=1721"}],"curies":[{"name":"wp","href":"https:\/\/api.w.org\/{rel}","templated":true}]}}