{"id":1727,"date":"2023-01-16T23:46:41","date_gmt":"2023-01-16T23:46:41","guid":{"rendered":"http:\/\/localhost\/zois\/?post_type=product&#038;p=1727"},"modified":"2025-07-01T09:11:30","modified_gmt":"2025-07-01T09:11:30","slug":"sun-sunscreen-protect-shampoo","status":"publish","type":"product","link":"https:\/\/zois.al\/sq\/produkt\/sun-sunscreen-protect-shampoo\/","title":{"rendered":"SUN &#8211; SUNSCREEN PROTECT SHAMPOO"},"content":{"rendered":"<p><strong>\u2022 PA SILIKON, PA PARABEN \u2022<\/strong><\/p>\n<p><strong>P\u00ebrb\u00ebr\u00ebsit :<\/strong><br \/>\n\u2022 Kompleks UV<br \/>\n\u2022 Vaj Argani<br \/>\n\u2022 pH 5.2 &#8211; bezh\u00eb &#8211; arom\u00eb lule monoi<\/p>\n<p><strong>Benefite:<\/strong><br \/>\n\u2022 Pastron n\u00eb thell\u00ebsi papast\u00ebrtit\u00eb<br \/>\n\u2022 Ndihmon n\u00eb mbrojtjen nga rrezet UV dhe hidratron flok\u00ebt<\/p>\n<p><strong>P\u00ebrdorimi:<\/strong><br \/>\nP\u00ebrdorni p\u00ebrdit\u00eb n\u00eb rast se flok\u00ebt kalojn\u00eb nj\u00eb koh\u00eb t\u00eb gjat\u00eb n\u00eb ujin e pishin\u00eb apo t\u00eb detit. Aplikoni nj\u00eb sasi t\u00eb vog\u00ebl t\u00eb shampos mbi flok\u00eb t\u00eb lagur. Shkum\u00ebzoni, masazhoni. Shp\u00eblani mir\u00eb. P\u00ebrs\u00ebrisni n\u00eb rast se \u00ebsht\u00eb e nevojshme.<\/p>","protected":false},"excerpt":{"rendered":"<p style=\"text-align: justify;\">Sshampo e mbrojtjes kund\u00ebr diellit mund t\u00eb p\u00ebrdoret p\u00ebrdit\u00eb menj\u00ebher\u00eb pas kthimit nga plazhi p\u00ebr t\u00eb eliminuar papast\u00ebrtit\u00eb n\u00eb thell\u00ebsi dhe p\u00ebr t\u00eb zbutur fibr\u00ebn e flokut.<\/p>\n<p style=\"text-align: left;\">250 ml &#8211; 8.45 fl.oz<\/p>\n<p style=\"text-align: left;\">","protected":false},"featured_media":1725,"comment_status":"open","ping_status":"closed","template":"","meta":{"site-sidebar-layout":"default","site-content-layout":"default","ast-site-content-layout":"default","site-content-style":"default","site-sidebar-style":"default","ast-global-header-display":"","ast-banner-title-visibility":"","ast-main-header-display":"","ast-hfb-above-header-display":"","ast-hfb-below-header-display":"","ast-hfb-mobile-header-display":"","site-post-title":"","ast-breadcrumbs-content":"","ast-featured-img":"","footer-sml-layout":"","ast-disable-related-posts":"","theme-transparent-header-meta":"default","adv-header-id-meta":"","stick-header-meta":"","header-above-stick-meta":"","header-main-stick-meta":"","header-below-stick-meta":"","astra-migrate-meta-layouts":"default","ast-page-background-enabled":"default","ast-page-background-meta":{"desktop":{"background-color":"var(--ast-global-color-4)","background-image":"","background-repeat":"repeat","background-position":"center center","background-size":"auto","background-attachment":"scroll","background-type":"","background-media":"","overlay-type":"","overlay-color":"","overlay-opacity":"","overlay-gradient":""},"tablet":{"background-color":"","background-image":"","background-repeat":"repeat","background-position":"center center","background-size":"auto","background-attachment":"scroll","background-type":"","background-media":"","overlay-type":"","overlay-color":"","overlay-opacity":"","overlay-gradient":""},"mobile":{"background-color":"","background-image":"","background-repeat":"repeat","background-position":"center center","background-size":"auto","background-attachment":"scroll","background-type":"","background-media":"","overlay-type":"","overlay-color":"","overlay-opacity":"","overlay-gradient":""}},"ast-content-background-meta":{"desktop":{"background-color":"var(--ast-global-color-5)","background-image":"","background-repeat":"repeat","background-position":"center center","background-size":"auto","background-attachment":"scroll","background-type":"","background-media":"","overlay-type":"","overlay-color":"","overlay-opacity":"","overlay-gradient":""},"tablet":{"background-color":"var(--ast-global-color-5)","background-image":"","background-repeat":"repeat","background-position":"center center","background-size":"auto","background-attachment":"scroll","background-type":"","background-media":"","overlay-type":"","overlay-color":"","overlay-opacity":"","overlay-gradient":""},"mobile":{"background-color":"var(--ast-global-color-5)","background-image":"","background-repeat":"repeat","background-position":"center center","background-size":"auto","background-attachment":"scroll","background-type":"","background-media":"","overlay-type":"","overlay-color":"","overlay-opacity":"","overlay-gradient":""}}},"product_brand":[],"product_cat":[25,46],"product_tag":[],"class_list":{"0":"post-1727","1":"product","2":"type-product","3":"status-publish","4":"has-post-thumbnail","6":"product_cat-coiffance","7":"product_cat-coiffance-sun","8":"desktop-align-left","9":"tablet-align-left","10":"mobile-align-left","12":"first","13":"instock","14":"sale","15":"shipping-taxable","16":"purchasable","17":"product-type-simple"},"_links":{"self":[{"href":"https:\/\/zois.al\/sq\/wp-json\/wp\/v2\/product\/1727","targetHints":{"allow":["GET"]}}],"collection":[{"href":"https:\/\/zois.al\/sq\/wp-json\/wp\/v2\/product"}],"about":[{"href":"https:\/\/zois.al\/sq\/wp-json\/wp\/v2\/types\/product"}],"replies":[{"embeddable":true,"href":"https:\/\/zois.al\/sq\/wp-json\/wp\/v2\/comments?post=1727"}],"wp:featuredmedia":[{"embeddable":true,"href":"https:\/\/zois.al\/sq\/wp-json\/wp\/v2\/media\/1725"}],"wp:attachment":[{"href":"https:\/\/zois.al\/sq\/wp-json\/wp\/v2\/media?parent=1727"}],"wp:term":[{"taxonomy":"product_brand","embeddable":true,"href":"https:\/\/zois.al\/sq\/wp-json\/wp\/v2\/product_brand?post=1727"},{"taxonomy":"product_cat","embeddable":true,"href":"https:\/\/zois.al\/sq\/wp-json\/wp\/v2\/product_cat?post=1727"},{"taxonomy":"product_tag","embeddable":true,"href":"https:\/\/zois.al\/sq\/wp-json\/wp\/v2\/product_tag?post=1727"}],"curies":[{"name":"wp","href":"https:\/\/api.w.org\/{rel}","templated":true}]}}