{"id":1728,"date":"2023-01-16T23:47:42","date_gmt":"2023-01-16T23:47:42","guid":{"rendered":"http:\/\/localhost\/zois\/?post_type=product&#038;p=1728"},"modified":"2025-07-01T09:11:30","modified_gmt":"2025-07-01T09:11:30","slug":"sun-sunscreen-protect-conditioner","status":"publish","type":"product","link":"https:\/\/zois.al\/sq\/produkt\/sun-sunscreen-protect-conditioner\/","title":{"rendered":"SUN &#8211; SUNSCREEN PROTECT CONDITIONER"},"content":{"rendered":"<p><strong>\u2022 PA SULFATE, PA PARABEN \u2022<\/strong><\/p>\n<p><strong>P\u00ebrb\u00ebr\u00ebsit :<\/strong><br \/>\n\u2022 Kompleks UV<br \/>\n\u2022 Vaj Argani<br \/>\n\u2022 pH 5 &#8211; bezh\u00eb &#8211; arom\u00eb lule monoi<\/p>\n<p><strong>Benefite:<\/strong><br \/>\n\u2022 Ushqen n\u00eb thell\u00ebsi fibr\u00ebn e flokut<br \/>\n\u2022 L\u00eb nj\u00eb shtres\u00eb mbrojt\u00ebse ndaj rrezeve UV<br \/>\n\u2022 Mbron flok\u00ebt nga tharja<\/p>\n<p><strong>P\u00ebrdorimi:<\/strong><br \/>\nAplikoni mbi flok\u00eb t\u00eb lar\u00eb dhe t\u00eb thar\u00eb me peshqir, l\u00ebreni p\u00ebr 2 minuta dhe shp\u00eblani mir\u00eb. Kondicioneri mund t\u00eb p\u00ebrdoret pas \u00e7do larjeje me shampo.<\/p>","protected":false},"excerpt":{"rendered":"<p style=\"text-align: justify;\">Kondicioneri p\u00ebr mbrojtje kund\u00ebr diellit, riparon dhe ushqen flok\u00ebt e d\u00ebmtuar nga uji i kripur i detit, r\u00ebra ose klori. L\u00eb nj\u00eb shtres\u00eb mbrojt\u00ebse mbi flok\u00eb p\u00ebr t\u00eb mbajtur ndaluar rrezet UV t\u00eb modifikojn\u00eb fibr\u00ebn e flokut.<\/p>\n<p style=\"text-align: left;\">200 ml &#8211; 6.76 fl.oz<\/p>","protected":false},"featured_media":1722,"comment_status":"open","ping_status":"closed","template":"","meta":{"site-sidebar-layout":"default","site-content-layout":"default","ast-site-content-layout":"default","site-content-style":"default","site-sidebar-style":"default","ast-global-header-display":"","ast-banner-title-visibility":"","ast-main-header-display":"","ast-hfb-above-header-display":"","ast-hfb-below-header-display":"","ast-hfb-mobile-header-display":"","site-post-title":"","ast-breadcrumbs-content":"","ast-featured-img":"","footer-sml-layout":"","ast-disable-related-posts":"","theme-transparent-header-meta":"default","adv-header-id-meta":"","stick-header-meta":"","header-above-stick-meta":"","header-main-stick-meta":"","header-below-stick-meta":"","astra-migrate-meta-layouts":"default","ast-page-background-enabled":"default","ast-page-background-meta":{"desktop":{"background-color":"var(--ast-global-color-4)","background-image":"","background-repeat":"repeat","background-position":"center center","background-size":"auto","background-attachment":"scroll","background-type":"","background-media":"","overlay-type":"","overlay-color":"","overlay-opacity":"","overlay-gradient":""},"tablet":{"background-color":"","background-image":"","background-repeat":"repeat","background-position":"center center","background-size":"auto","background-attachment":"scroll","background-type":"","background-media":"","overlay-type":"","overlay-color":"","overlay-opacity":"","overlay-gradient":""},"mobile":{"background-color":"","background-image":"","background-repeat":"repeat","background-position":"center center","background-size":"auto","background-attachment":"scroll","background-type":"","background-media":"","overlay-type":"","overlay-color":"","overlay-opacity":"","overlay-gradient":""}},"ast-content-background-meta":{"desktop":{"background-color":"var(--ast-global-color-5)","background-image":"","background-repeat":"repeat","background-position":"center center","background-size":"auto","background-attachment":"scroll","background-type":"","background-media":"","overlay-type":"","overlay-color":"","overlay-opacity":"","overlay-gradient":""},"tablet":{"background-color":"var(--ast-global-color-5)","background-image":"","background-repeat":"repeat","background-position":"center center","background-size":"auto","background-attachment":"scroll","background-type":"","background-media":"","overlay-type":"","overlay-color":"","overlay-opacity":"","overlay-gradient":""},"mobile":{"background-color":"var(--ast-global-color-5)","background-image":"","background-repeat":"repeat","background-position":"center center","background-size":"auto","background-attachment":"scroll","background-type":"","background-media":"","overlay-type":"","overlay-color":"","overlay-opacity":"","overlay-gradient":""}}},"product_brand":[],"product_cat":[25,46],"product_tag":[],"class_list":{"0":"post-1728","1":"product","2":"type-product","3":"status-publish","4":"has-post-thumbnail","6":"product_cat-coiffance","7":"product_cat-coiffance-sun","8":"desktop-align-left","9":"tablet-align-left","10":"mobile-align-left","12":"first","13":"instock","14":"sale","15":"shipping-taxable","16":"purchasable","17":"product-type-simple"},"_links":{"self":[{"href":"https:\/\/zois.al\/sq\/wp-json\/wp\/v2\/product\/1728","targetHints":{"allow":["GET"]}}],"collection":[{"href":"https:\/\/zois.al\/sq\/wp-json\/wp\/v2\/product"}],"about":[{"href":"https:\/\/zois.al\/sq\/wp-json\/wp\/v2\/types\/product"}],"replies":[{"embeddable":true,"href":"https:\/\/zois.al\/sq\/wp-json\/wp\/v2\/comments?post=1728"}],"wp:featuredmedia":[{"embeddable":true,"href":"https:\/\/zois.al\/sq\/wp-json\/wp\/v2\/media\/1722"}],"wp:attachment":[{"href":"https:\/\/zois.al\/sq\/wp-json\/wp\/v2\/media?parent=1728"}],"wp:term":[{"taxonomy":"product_brand","embeddable":true,"href":"https:\/\/zois.al\/sq\/wp-json\/wp\/v2\/product_brand?post=1728"},{"taxonomy":"product_cat","embeddable":true,"href":"https:\/\/zois.al\/sq\/wp-json\/wp\/v2\/product_cat?post=1728"},{"taxonomy":"product_tag","embeddable":true,"href":"https:\/\/zois.al\/sq\/wp-json\/wp\/v2\/product_tag?post=1728"}],"curies":[{"name":"wp","href":"https:\/\/api.w.org\/{rel}","templated":true}]}}