{"id":1729,"date":"2023-01-16T23:49:02","date_gmt":"2023-01-16T23:49:02","guid":{"rendered":"http:\/\/localhost\/zois\/?post_type=product&#038;p=1729"},"modified":"2025-07-01T09:11:30","modified_gmt":"2025-07-01T09:11:30","slug":"sun-sunscreen-protect-leave-in-spray","status":"publish","type":"product","link":"https:\/\/zois.al\/sq\/produkt\/sun-sunscreen-protect-leave-in-spray\/","title":{"rendered":"SUN &#8211; SUNSCREEN PROTECT LEAVE-IN SPRAY"},"content":{"rendered":"<p><strong>\u2022 PA SULFATE, PA PARABEN \u2022<\/strong><\/p>\n<p><strong>P\u00ebrb\u00ebr\u00ebsit :<\/strong><br \/>\n\u2022 Kompleks UV<br \/>\n\u2022 Vaj Argani<br \/>\n\u2022 pH 3.6 &#8211; e verdh\u00eb &#8211; arom\u00eb lule monoi<\/p>\n<p><strong>Benefite:<\/strong><br \/>\n\u2022 Ushqen flok\u00ebt p\u00ebrpara ekspozimit n\u00eb diell<br \/>\n\u2022 Pa shp\u00eblarje ( Leave-In ), shkrift\u00ebsim i menj\u00ebhersh\u00ebm<br \/>\n\u2022 Mban flok\u00ebt t\u00eb bukura dhe rrezatuese<\/p>\n<p><strong>P\u00ebrdorimi:<\/strong><br \/>\nTundni dhe sp\u00ebrkasni mbi gjat\u00ebsin\u00eb dhe majat e flok\u00ebve t\u00eb lagur pas larjes. Mos shp\u00eblani.<\/p>","protected":false},"excerpt":{"rendered":"<p>Ky locion mbrojt\u00ebs sp\u00ebrkatet mbi flok\u00ebt t\u00eb lagur ose t\u00eb that\u00eb p\u00ebrpara ekspozimit t\u00eb diell. Tekstura e tij shum\u00eb e leht\u00eb p\u00ebrthithet menj\u00ebher\u00eb pa kijuar yndyr\u00eb. \u00cbsht\u00eb ideal p\u00ebr flok\u00eb delikat\u00eb ose flok\u00eb t\u00eb yndyrsh\u00ebm. Mund t\u00eb rivendoset disa her\u00eb gjat\u00eb dit\u00ebs. Flok\u00ebt ushqehen dhe mbrohen n\u00eb m\u00ebnyr\u00eb t\u00eb menj\u00ebhershme. Ato rrezatojn\u00eb sh\u00ebndet.<\/p>\n<p>150 ml &#8211; 5.07 fl.oz<\/p>","protected":false},"featured_media":1726,"comment_status":"open","ping_status":"closed","template":"","meta":{"site-sidebar-layout":"default","site-content-layout":"default","ast-site-content-layout":"default","site-content-style":"default","site-sidebar-style":"default","ast-global-header-display":"","ast-banner-title-visibility":"","ast-main-header-display":"","ast-hfb-above-header-display":"","ast-hfb-below-header-display":"","ast-hfb-mobile-header-display":"","site-post-title":"","ast-breadcrumbs-content":"","ast-featured-img":"","footer-sml-layout":"","ast-disable-related-posts":"","theme-transparent-header-meta":"default","adv-header-id-meta":"","stick-header-meta":"","header-above-stick-meta":"","header-main-stick-meta":"","header-below-stick-meta":"","astra-migrate-meta-layouts":"default","ast-page-background-enabled":"default","ast-page-background-meta":{"desktop":{"background-color":"var(--ast-global-color-4)","background-image":"","background-repeat":"repeat","background-position":"center center","background-size":"auto","background-attachment":"scroll","background-type":"","background-media":"","overlay-type":"","overlay-color":"","overlay-opacity":"","overlay-gradient":""},"tablet":{"background-color":"","background-image":"","background-repeat":"repeat","background-position":"center center","background-size":"auto","background-attachment":"scroll","background-type":"","background-media":"","overlay-type":"","overlay-color":"","overlay-opacity":"","overlay-gradient":""},"mobile":{"background-color":"","background-image":"","background-repeat":"repeat","background-position":"center center","background-size":"auto","background-attachment":"scroll","background-type":"","background-media":"","overlay-type":"","overlay-color":"","overlay-opacity":"","overlay-gradient":""}},"ast-content-background-meta":{"desktop":{"background-color":"var(--ast-global-color-5)","background-image":"","background-repeat":"repeat","background-position":"center center","background-size":"auto","background-attachment":"scroll","background-type":"","background-media":"","overlay-type":"","overlay-color":"","overlay-opacity":"","overlay-gradient":""},"tablet":{"background-color":"var(--ast-global-color-5)","background-image":"","background-repeat":"repeat","background-position":"center center","background-size":"auto","background-attachment":"scroll","background-type":"","background-media":"","overlay-type":"","overlay-color":"","overlay-opacity":"","overlay-gradient":""},"mobile":{"background-color":"var(--ast-global-color-5)","background-image":"","background-repeat":"repeat","background-position":"center center","background-size":"auto","background-attachment":"scroll","background-type":"","background-media":"","overlay-type":"","overlay-color":"","overlay-opacity":"","overlay-gradient":""}}},"product_brand":[],"product_cat":[25,46],"product_tag":[],"class_list":{"0":"post-1729","1":"product","2":"type-product","3":"status-publish","4":"has-post-thumbnail","6":"product_cat-coiffance","7":"product_cat-coiffance-sun","8":"desktop-align-left","9":"tablet-align-left","10":"mobile-align-left","12":"first","13":"instock","14":"sale","15":"shipping-taxable","16":"purchasable","17":"product-type-simple"},"_links":{"self":[{"href":"https:\/\/zois.al\/sq\/wp-json\/wp\/v2\/product\/1729","targetHints":{"allow":["GET"]}}],"collection":[{"href":"https:\/\/zois.al\/sq\/wp-json\/wp\/v2\/product"}],"about":[{"href":"https:\/\/zois.al\/sq\/wp-json\/wp\/v2\/types\/product"}],"replies":[{"embeddable":true,"href":"https:\/\/zois.al\/sq\/wp-json\/wp\/v2\/comments?post=1729"}],"wp:featuredmedia":[{"embeddable":true,"href":"https:\/\/zois.al\/sq\/wp-json\/wp\/v2\/media\/1726"}],"wp:attachment":[{"href":"https:\/\/zois.al\/sq\/wp-json\/wp\/v2\/media?parent=1729"}],"wp:term":[{"taxonomy":"product_brand","embeddable":true,"href":"https:\/\/zois.al\/sq\/wp-json\/wp\/v2\/product_brand?post=1729"},{"taxonomy":"product_cat","embeddable":true,"href":"https:\/\/zois.al\/sq\/wp-json\/wp\/v2\/product_cat?post=1729"},{"taxonomy":"product_tag","embeddable":true,"href":"https:\/\/zois.al\/sq\/wp-json\/wp\/v2\/product_tag?post=1729"}],"curies":[{"name":"wp","href":"https:\/\/api.w.org\/{rel}","templated":true}]}}