{"id":1730,"date":"2023-01-16T23:50:06","date_gmt":"2023-01-16T23:50:06","guid":{"rendered":"http:\/\/localhost\/zois\/?post_type=product&#038;p=1730"},"modified":"2025-07-01T09:11:30","modified_gmt":"2025-07-01T09:11:30","slug":"sun-sunscreen-elixir","status":"publish","type":"product","link":"https:\/\/zois.al\/sq\/produkt\/sun-sunscreen-elixir\/","title":{"rendered":"SUN &#8211; SUNSCREEN ELIXIR"},"content":{"rendered":"<p><strong>\u2022 PA SULFATE, PA PARABEN \u2022<\/strong><\/p>\n<p><strong>P\u00ebrb\u00ebr\u00ebsit :<\/strong><br \/>\n\u2022 Kompleks UV<br \/>\n\u2022 Vaj Argani<br \/>\n\u2022 Pa ngjyr\u00eb &#8211; arom\u00eb lule monoi<\/p>\n<p><strong>Benefite:<\/strong><br \/>\n\u2022 Ushqen flok\u00ebt i mbron nga rrezet UV<br \/>\n\u2022 I l\u00eb flok\u00ebt m\u00eb t\u00eb buta dhe m\u00eb elastike<br \/>\n\u2022 Riparon fundet e d\u00ebmtuara dhe t\u00eb zverdhura<br \/>\n\u2022 Pa shp\u00eblarje ( Leave-In )<\/p>\n<p><strong>P\u00ebrdorimi:<\/strong><br \/>\nAplikoni mbi flok\u00eb t\u00eb lagur p\u00ebrpara se ti thani ose mbi flok\u00eb t\u00eb that\u00eb p\u00ebrgjat\u00eb dit\u00ebs. Shp\u00ebrndani nj\u00ebtrajt\u00ebsisht 3 pika n\u00eb t\u00eb gjith\u00eb flok\u00ebt, pa i shp\u00eblar\u00eb n\u00eb fund.<\/p>","protected":false},"excerpt":{"rendered":"<p style=\"text-align: justify;\">Ky eliksir shum\u00eb i koncentruar me efekt hidratues \u00ebsht\u00eb krijuar p\u00ebr t\u00eb riparuar, ushqyer dhe mbrojtur gjat\u00ebsi dhe majat e d\u00ebmtuara t\u00eb flok\u00ebve. I aplikuar p\u00ebrpara dhe gjat\u00eb eskpozimit n\u00eb diell, thekson menj\u00ebher\u00eb flokun.<\/p>\n<p style=\"text-align: left;\">50 ml &#8211; 1.69 fl.oz<\/p>\n<p>&nbsp;<\/p>","protected":false},"featured_media":1724,"comment_status":"open","ping_status":"closed","template":"","meta":{"site-sidebar-layout":"default","site-content-layout":"default","ast-site-content-layout":"default","site-content-style":"default","site-sidebar-style":"default","ast-global-header-display":"","ast-banner-title-visibility":"","ast-main-header-display":"","ast-hfb-above-header-display":"","ast-hfb-below-header-display":"","ast-hfb-mobile-header-display":"","site-post-title":"","ast-breadcrumbs-content":"","ast-featured-img":"","footer-sml-layout":"","ast-disable-related-posts":"","theme-transparent-header-meta":"default","adv-header-id-meta":"","stick-header-meta":"","header-above-stick-meta":"","header-main-stick-meta":"","header-below-stick-meta":"","astra-migrate-meta-layouts":"default","ast-page-background-enabled":"default","ast-page-background-meta":{"desktop":{"background-color":"var(--ast-global-color-4)","background-image":"","background-repeat":"repeat","background-position":"center center","background-size":"auto","background-attachment":"scroll","background-type":"","background-media":"","overlay-type":"","overlay-color":"","overlay-opacity":"","overlay-gradient":""},"tablet":{"background-color":"","background-image":"","background-repeat":"repeat","background-position":"center center","background-size":"auto","background-attachment":"scroll","background-type":"","background-media":"","overlay-type":"","overlay-color":"","overlay-opacity":"","overlay-gradient":""},"mobile":{"background-color":"","background-image":"","background-repeat":"repeat","background-position":"center center","background-size":"auto","background-attachment":"scroll","background-type":"","background-media":"","overlay-type":"","overlay-color":"","overlay-opacity":"","overlay-gradient":""}},"ast-content-background-meta":{"desktop":{"background-color":"var(--ast-global-color-5)","background-image":"","background-repeat":"repeat","background-position":"center center","background-size":"auto","background-attachment":"scroll","background-type":"","background-media":"","overlay-type":"","overlay-color":"","overlay-opacity":"","overlay-gradient":""},"tablet":{"background-color":"var(--ast-global-color-5)","background-image":"","background-repeat":"repeat","background-position":"center center","background-size":"auto","background-attachment":"scroll","background-type":"","background-media":"","overlay-type":"","overlay-color":"","overlay-opacity":"","overlay-gradient":""},"mobile":{"background-color":"var(--ast-global-color-5)","background-image":"","background-repeat":"repeat","background-position":"center center","background-size":"auto","background-attachment":"scroll","background-type":"","background-media":"","overlay-type":"","overlay-color":"","overlay-opacity":"","overlay-gradient":""}}},"product_brand":[],"product_cat":[46],"product_tag":[],"class_list":{"0":"post-1730","1":"product","2":"type-product","3":"status-publish","4":"has-post-thumbnail","6":"product_cat-coiffance-sun","7":"desktop-align-left","8":"tablet-align-left","9":"mobile-align-left","11":"first","12":"instock","13":"sale","14":"shipping-taxable","15":"purchasable","16":"product-type-simple"},"_links":{"self":[{"href":"https:\/\/zois.al\/sq\/wp-json\/wp\/v2\/product\/1730","targetHints":{"allow":["GET"]}}],"collection":[{"href":"https:\/\/zois.al\/sq\/wp-json\/wp\/v2\/product"}],"about":[{"href":"https:\/\/zois.al\/sq\/wp-json\/wp\/v2\/types\/product"}],"replies":[{"embeddable":true,"href":"https:\/\/zois.al\/sq\/wp-json\/wp\/v2\/comments?post=1730"}],"wp:featuredmedia":[{"embeddable":true,"href":"https:\/\/zois.al\/sq\/wp-json\/wp\/v2\/media\/1724"}],"wp:attachment":[{"href":"https:\/\/zois.al\/sq\/wp-json\/wp\/v2\/media?parent=1730"}],"wp:term":[{"taxonomy":"product_brand","embeddable":true,"href":"https:\/\/zois.al\/sq\/wp-json\/wp\/v2\/product_brand?post=1730"},{"taxonomy":"product_cat","embeddable":true,"href":"https:\/\/zois.al\/sq\/wp-json\/wp\/v2\/product_cat?post=1730"},{"taxonomy":"product_tag","embeddable":true,"href":"https:\/\/zois.al\/sq\/wp-json\/wp\/v2\/product_tag?post=1730"}],"curies":[{"name":"wp","href":"https:\/\/api.w.org\/{rel}","templated":true}]}}