{"id":1752,"date":"2023-01-17T20:37:17","date_gmt":"2023-01-17T20:37:17","guid":{"rendered":"http:\/\/localhost\/zois\/?post_type=product&#038;p=1752"},"modified":"2024-12-03T19:38:56","modified_gmt":"2024-12-03T19:38:56","slug":"cbd-7-minute-blowout","status":"publish","type":"product","link":"https:\/\/zois.al\/sq\/produkt\/cbd-7-minute-blowout\/","title":{"rendered":"L&#038;F CBD 7 Minute Blowout"},"content":{"rendered":"<p><strong>Benefite<\/strong>:<\/p>\n<ul>\n<li>Reduktoni koh\u00ebn e tharjes deri n\u00eb 50%<\/li>\n<li>Riparon flok\u00ebt nd\u00ebrsa thahen.<\/li>\n<li>Zbut menj\u00ebher\u00eb elektizimin<\/li>\n<\/ul>\n<p><strong>P\u00ebrdorimi<\/strong>:<\/p>\n<p>Tundeni mir\u00eb p\u00ebrpara p\u00ebrdorimit. \u00a0Sp\u00ebrkateni n\u00eb m\u00ebnyr\u00eb t\u00eb barabart\u00eb n\u00eb flok\u00eb t\u00eb lagur dhe thajini.<\/p>\n<p><strong>P\u00ebrb\u00ebr\u00ebsit<\/strong>\u00a0:<\/p>\n<p>Water (Aqua), Polysorbate 20, Trimethylsiloxyamodimethicone, Cannabidiol (CBD), Hypnea Musciformis Extract, Cynara Scolymus (Artichoke) Leaf Extract, Oryza Sativa (Rice) Seed Protein, Phytic Acid, Oryza Sativa (Rice) Extract, Helianthus Annuus (Sunflower) Seed Extract, Panthenyl Hydroxypropyl Steardimonium Chloride, C11-15 Pareth-7, C12-16 Pareth-9, Trideceth-12,Glycerin, Caprylic\/Capric Triglyceride, Propanediol, Butylene Glycol, Disodium EDTA, SodiumBenzoate, Gluconolactone, Calcium Gluconate, Potassium Gluconate, Ethylhexylglcyerin, Lactic Acid, Phenoxyethanol, Chlorphenesin, Caprylyl Glycol, Citral, Coumarin, Limonene, Linalool,<\/p>","protected":false},"excerpt":{"rendered":"<p>L&amp;F CBD 7 Minute Blowout zvog\u00eblon n\u00eb m\u00ebnyr\u00eb efektive koh\u00ebn e tharjes me thar\u00ebse deri n\u00eb 50%\u00a0 duke minimizuar d\u00ebmin e shkaktuar nga nxeht\u00ebsia. Teknologjia termike e dyfisht\u00eb aktive \u00ebsht\u00eb p\u00ebrmir\u00ebsuar nga kompleksi korrigjues CBD, me baz\u00eb bimore p\u00ebr t\u00eb riparuar flokun nd\u00ebrsa thahet duke zbutur menj\u00ebher\u00eb elektrizimin dhe duke ju dh\u00ebn\u00eb pamjen q\u00eb d\u00ebshironi.<\/p>\n<p>175 ml<\/p>","protected":false},"featured_media":1749,"comment_status":"open","ping_status":"closed","template":"","meta":{"site-sidebar-layout":"default","site-content-layout":"default","ast-site-content-layout":"default","site-content-style":"default","site-sidebar-style":"default","ast-global-header-display":"","ast-banner-title-visibility":"","ast-main-header-display":"","ast-hfb-above-header-display":"","ast-hfb-below-header-display":"","ast-hfb-mobile-header-display":"","site-post-title":"","ast-breadcrumbs-content":"","ast-featured-img":"","footer-sml-layout":"","ast-disable-related-posts":"","theme-transparent-header-meta":"default","adv-header-id-meta":"","stick-header-meta":"","header-above-stick-meta":"","header-main-stick-meta":"","header-below-stick-meta":"","astra-migrate-meta-layouts":"default","ast-page-background-enabled":"default","ast-page-background-meta":{"desktop":{"background-color":"var(--ast-global-color-4)","background-image":"","background-repeat":"repeat","background-position":"center center","background-size":"auto","background-attachment":"scroll","background-type":"","background-media":"","overlay-type":"","overlay-color":"","overlay-opacity":"","overlay-gradient":""},"tablet":{"background-color":"","background-image":"","background-repeat":"repeat","background-position":"center center","background-size":"auto","background-attachment":"scroll","background-type":"","background-media":"","overlay-type":"","overlay-color":"","overlay-opacity":"","overlay-gradient":""},"mobile":{"background-color":"","background-image":"","background-repeat":"repeat","background-position":"center center","background-size":"auto","background-attachment":"scroll","background-type":"","background-media":"","overlay-type":"","overlay-color":"","overlay-opacity":"","overlay-gradient":""}},"ast-content-background-meta":{"desktop":{"background-color":"var(--ast-global-color-5)","background-image":"","background-repeat":"repeat","background-position":"center center","background-size":"auto","background-attachment":"scroll","background-type":"","background-media":"","overlay-type":"","overlay-color":"","overlay-opacity":"","overlay-gradient":""},"tablet":{"background-color":"var(--ast-global-color-5)","background-image":"","background-repeat":"repeat","background-position":"center center","background-size":"auto","background-attachment":"scroll","background-type":"","background-media":"","overlay-type":"","overlay-color":"","overlay-opacity":"","overlay-gradient":""},"mobile":{"background-color":"var(--ast-global-color-5)","background-image":"","background-repeat":"repeat","background-position":"center center","background-size":"auto","background-attachment":"scroll","background-type":"","background-media":"","overlay-type":"","overlay-color":"","overlay-opacity":"","overlay-gradient":""}}},"product_brand":[],"product_cat":[23],"product_tag":[],"class_list":{"0":"post-1752","1":"product","2":"type-product","3":"status-publish","4":"has-post-thumbnail","6":"product_cat-leaf-and-flower","7":"desktop-align-left","8":"tablet-align-left","9":"mobile-align-left","11":"first","12":"instock","13":"shipping-taxable","14":"purchasable","15":"product-type-simple"},"_links":{"self":[{"href":"https:\/\/zois.al\/sq\/wp-json\/wp\/v2\/product\/1752","targetHints":{"allow":["GET"]}}],"collection":[{"href":"https:\/\/zois.al\/sq\/wp-json\/wp\/v2\/product"}],"about":[{"href":"https:\/\/zois.al\/sq\/wp-json\/wp\/v2\/types\/product"}],"replies":[{"embeddable":true,"href":"https:\/\/zois.al\/sq\/wp-json\/wp\/v2\/comments?post=1752"}],"wp:featuredmedia":[{"embeddable":true,"href":"https:\/\/zois.al\/sq\/wp-json\/wp\/v2\/media\/1749"}],"wp:attachment":[{"href":"https:\/\/zois.al\/sq\/wp-json\/wp\/v2\/media?parent=1752"}],"wp:term":[{"taxonomy":"product_brand","embeddable":true,"href":"https:\/\/zois.al\/sq\/wp-json\/wp\/v2\/product_brand?post=1752"},{"taxonomy":"product_cat","embeddable":true,"href":"https:\/\/zois.al\/sq\/wp-json\/wp\/v2\/product_cat?post=1752"},{"taxonomy":"product_tag","embeddable":true,"href":"https:\/\/zois.al\/sq\/wp-json\/wp\/v2\/product_tag?post=1752"}],"curies":[{"name":"wp","href":"https:\/\/api.w.org\/{rel}","templated":true}]}}