{"id":1754,"date":"2023-01-17T20:43:34","date_gmt":"2023-01-17T20:43:34","guid":{"rendered":"http:\/\/localhost\/zois\/?post_type=product&#038;p=1754"},"modified":"2024-12-03T19:38:56","modified_gmt":"2024-12-03T19:38:56","slug":"volume-conditioner-instant","status":"publish","type":"product","link":"https:\/\/zois.al\/sq\/produkt\/volume-conditioner-instant\/","title":{"rendered":"L&#038;F CBD Instant Volume Conditioner"},"content":{"rendered":"<p><strong>Benefite<\/strong>:<\/p>\n<ul>\n<li>Rrit volumin e flok\u00ebve t\u00eb d\u00ebmtuar dhe t\u00eb holl\u00eb.<\/li>\n<li>Pastron n\u00eb m\u00ebnyr\u00eb efektive flok\u00ebt, duke i l\u00ebn\u00eb t\u00eb but\u00eb dhe me shk\u00eblqim<\/li>\n<li>Forcon struktur\u00ebn e jashtme dhe t\u00eb brendshme t\u00eb flok\u00ebve<\/li>\n<li>Pa alkool<\/li>\n<li>E p\u00ebrshtatshme p\u00ebr flok\u00eb t\u00eb lyer<\/li>\n<li>Vegane<\/li>\n<li>Me baz\u00eb bimore<\/li>\n<li>I pa testuar te kafsh\u00ebt<\/li>\n<\/ul>\n<p><strong>P\u00ebrdorimi<\/strong>:<\/p>\n<p>Shp\u00ebrndani nj\u00eb sasi t\u00eb vog\u00ebl n\u00eb duar. Aplikojeni nga mesi i gjat\u00ebsis\u00eb s\u00eb flokut n\u00eb skajet. L\u00ebreni p\u00ebr 1-2 minuta. Shp\u00eblajeni mir\u00eb.<\/p>\n<p><strong>P\u00ebrb\u00ebr\u00ebsit<\/strong>\u00a0:<\/p>\n<p>Water (Aqua), Cetearyl Alcohol, Brassicamidopropyl Dimethylamine, Brassica Alcohol,Polyquaternium-116, Glyceryl Stearate SE, Diheptyl Succinate, Sweet Almond Oil, Crambe Abyssinica Seed Oil, Cannabidiol (CBD), Panthenol, Tila Tomentosa Bud Extract, Amaranthus Caudatus Seed Extract, Hydrolyzed Rice Protein, Oat Amino Acids, Polyimide-1, VP\/DMAPA Acrylates Copolymer, Polyquaternium-110, Bis-Ethyl(isostearylimidazoline) Isostearamide, Silicone Quaternium-18, Hydroxypropyl Guar Hydroxypropyltrimonium Chloride, Trideceth-6, Capryloyl Glycerin\/Sebacic Acid Copolymer, Polyquaternium-10, Trideceth-12, Brassicyl Valinate Esylate, Phytosterols, Oleyl Alcohol, Glycerin, Butylene Glycol, Caprylic\/Capric Triglycerides, Disodium EDTA, Citric Acid, Phenoxyethanol, Chlorphenesin, Caprylyl Glycol, Limonene, Linalool, Fragrance (Parfum)<\/p>\n<p>&nbsp;<\/p>","protected":false},"excerpt":{"rendered":"<p>L&amp;F CBD Instant Volume Conditioner, i p\u00ebrshtatsh\u00ebm p\u00ebr flok\u00ebt e lyer, \u00ebsht\u00eb i pasur me Kompleksin Korrektues CBD me baz\u00eb bimore, i cili ndihmon q\u00eb flok\u00ebt e im\u00ebt t\u00eb forcohen si dhe t\u00eb arrihet balancimi i skalpit, duke rezultuar n\u00eb folikulat m\u00eb t\u00eb forta, duke i l\u00ebn\u00eb flok\u00ebt t\u00eb gjall\u00ebruar, t\u00eb but\u00eb dhe t\u00eb mbrojtur nga rrezet UVA\/UVB dhe stresi mjedisor.<\/p>\n<p>350 ml<\/p>","protected":false},"featured_media":1744,"comment_status":"open","ping_status":"closed","template":"","meta":{"site-sidebar-layout":"default","site-content-layout":"default","ast-site-content-layout":"default","site-content-style":"default","site-sidebar-style":"default","ast-global-header-display":"","ast-banner-title-visibility":"","ast-main-header-display":"","ast-hfb-above-header-display":"","ast-hfb-below-header-display":"","ast-hfb-mobile-header-display":"","site-post-title":"","ast-breadcrumbs-content":"","ast-featured-img":"","footer-sml-layout":"","ast-disable-related-posts":"","theme-transparent-header-meta":"default","adv-header-id-meta":"","stick-header-meta":"","header-above-stick-meta":"","header-main-stick-meta":"","header-below-stick-meta":"","astra-migrate-meta-layouts":"default","ast-page-background-enabled":"default","ast-page-background-meta":{"desktop":{"background-color":"var(--ast-global-color-4)","background-image":"","background-repeat":"repeat","background-position":"center center","background-size":"auto","background-attachment":"scroll","background-type":"","background-media":"","overlay-type":"","overlay-color":"","overlay-opacity":"","overlay-gradient":""},"tablet":{"background-color":"","background-image":"","background-repeat":"repeat","background-position":"center center","background-size":"auto","background-attachment":"scroll","background-type":"","background-media":"","overlay-type":"","overlay-color":"","overlay-opacity":"","overlay-gradient":""},"mobile":{"background-color":"","background-image":"","background-repeat":"repeat","background-position":"center center","background-size":"auto","background-attachment":"scroll","background-type":"","background-media":"","overlay-type":"","overlay-color":"","overlay-opacity":"","overlay-gradient":""}},"ast-content-background-meta":{"desktop":{"background-color":"var(--ast-global-color-5)","background-image":"","background-repeat":"repeat","background-position":"center center","background-size":"auto","background-attachment":"scroll","background-type":"","background-media":"","overlay-type":"","overlay-color":"","overlay-opacity":"","overlay-gradient":""},"tablet":{"background-color":"var(--ast-global-color-5)","background-image":"","background-repeat":"repeat","background-position":"center center","background-size":"auto","background-attachment":"scroll","background-type":"","background-media":"","overlay-type":"","overlay-color":"","overlay-opacity":"","overlay-gradient":""},"mobile":{"background-color":"var(--ast-global-color-5)","background-image":"","background-repeat":"repeat","background-position":"center center","background-size":"auto","background-attachment":"scroll","background-type":"","background-media":"","overlay-type":"","overlay-color":"","overlay-opacity":"","overlay-gradient":""}}},"product_brand":[],"product_cat":[23],"product_tag":[],"class_list":{"0":"post-1754","1":"product","2":"type-product","3":"status-publish","4":"has-post-thumbnail","6":"product_cat-leaf-and-flower","7":"desktop-align-left","8":"tablet-align-left","9":"mobile-align-left","11":"first","12":"instock","13":"shipping-taxable","14":"purchasable","15":"product-type-simple"},"_links":{"self":[{"href":"https:\/\/zois.al\/sq\/wp-json\/wp\/v2\/product\/1754","targetHints":{"allow":["GET"]}}],"collection":[{"href":"https:\/\/zois.al\/sq\/wp-json\/wp\/v2\/product"}],"about":[{"href":"https:\/\/zois.al\/sq\/wp-json\/wp\/v2\/types\/product"}],"replies":[{"embeddable":true,"href":"https:\/\/zois.al\/sq\/wp-json\/wp\/v2\/comments?post=1754"}],"wp:featuredmedia":[{"embeddable":true,"href":"https:\/\/zois.al\/sq\/wp-json\/wp\/v2\/media\/1744"}],"wp:attachment":[{"href":"https:\/\/zois.al\/sq\/wp-json\/wp\/v2\/media?parent=1754"}],"wp:term":[{"taxonomy":"product_brand","embeddable":true,"href":"https:\/\/zois.al\/sq\/wp-json\/wp\/v2\/product_brand?post=1754"},{"taxonomy":"product_cat","embeddable":true,"href":"https:\/\/zois.al\/sq\/wp-json\/wp\/v2\/product_cat?post=1754"},{"taxonomy":"product_tag","embeddable":true,"href":"https:\/\/zois.al\/sq\/wp-json\/wp\/v2\/product_tag?post=1754"}],"curies":[{"name":"wp","href":"https:\/\/api.w.org\/{rel}","templated":true}]}}