{"id":1758,"date":"2023-01-17T20:50:55","date_gmt":"2023-01-17T20:50:55","guid":{"rendered":"http:\/\/localhost\/zois\/?post_type=product&#038;p=1758"},"modified":"2024-12-03T19:38:56","modified_gmt":"2024-12-03T19:38:56","slug":"cbd-conditioner","status":"publish","type":"product","link":"https:\/\/zois.al\/sq\/produkt\/cbd-conditioner\/","title":{"rendered":"L&#038;F CBD Instant Damage Correction Conditioner"},"content":{"rendered":"<p><strong>Benefite<\/strong>:<\/p>\n<ul>\n<li>Riparon dhe p\u00ebrmir\u00ebson duksh\u00ebm forc\u00ebn e p\u00ebrgjithshme t\u00eb flok\u00ebve.<\/li>\n<li>M\u00eb pak maja dyshe<\/li>\n<li>E sigurt p\u00ebr flok\u00eb t\u00eb lyer<\/li>\n<li>Vegane miq\u00ebsore<\/li>\n<li>Me baz\u00eb bimore<\/li>\n<li>I pa testuar te kafsh\u00ebt<\/li>\n<\/ul>\n<p><strong>P\u00ebrdorimi<\/strong>:<\/p>\n<p>Duke p\u00ebrdorur nj\u00eb sasi t\u00eb vog\u00ebl, p\u00ebrqendrohuni n\u00eb shp\u00ebrndarjen nga mesi i gjat\u00ebsis\u00eb s\u00eb flokut n\u00eb skajet. Shp\u00eblajeni mir\u00eb.<\/p>\n<p><strong>P\u00ebrb\u00ebr\u00ebsit<\/strong>\u00a0:<\/p>\n<p>Water (Aqua), Polyquaternium-37, Behentrimonium Chloride, Cetearyl Alcohol,Stearamidopropyl Dimethylamine,PPG-3 Benzyl Ether Myristate,Cannabidiol (CBD),Quaternium-98, Balanites Roxburghii Seed Oil, Panthenyl Hydroxypropyl SteardimoniumChloride, Hypnea Musciformis Extract, Oryza Sativa (Rice) Bran Oil, Hydrolyzed Rice Protein, Helianthus Annuus (Sunflower) Seed Oil, Amaranthus Caudatus Seed Extract, Potassium Palmitoyl Hydrolyzed Wheat Protein, Diisostearyl Malate, Rosmarinus Officinalis (Rosemary) Leaf Extract, Cynara Scolymus (Artichoke) Leaf Extract, Pentaclethra Macroloba Seed Oil, Behenic Acid, Aminopropanediol Esters, Hydroxypropyl Guar Hydroxypropyltrimonium Chloride, Caprylic\/Capric Triglyceride, Glycerin, Butylene Glycol, Dicaprylyl Ether, Quaternium-95,Lactic Acid,Propanediol, Polyquaternium-10, Calcium Gluconate, Gluconolactone, Ethylhexylglycerin, Pentaerythrityl Tetra-Di-T-Butyl Hydroxyhydrocinnamate, Potassium Gluconate, Isopropyl Alcohol, Sodium Benzoate, Disodium EDTA, Limonene, Phenoxyethanol, Chlorphenesin, Caprylyl Glycol, Fragrance (Parfum)<\/p>\n<p>&nbsp;<\/p>","protected":false},"excerpt":{"rendered":"<p>L&amp;F CBD Instant Damage Correction Conditioner, i p\u00ebrshtatsh\u00ebm p\u00ebr flok\u00ebt e lyer, \u00ebsht\u00eb i p\u00ebrb\u00ebr\u00eb nga nj\u00eb Kompleks korrigjues CBD me baz\u00eb bimore, i cili funksionon p\u00ebr t\u00eb reduktuar d\u00ebmtimet dhe p\u00ebr t\u00eb forcuar duksh\u00ebm \u00e7do fije &#8211; p\u00ebr m\u00eb pak maja dyshe, riparon dhe rind\u00ebrton n\u00eb m\u00ebnyr\u00eb sistematike flok\u00ebt &#8211; duke mbrojtur kund\u00ebr rrezeve UVA\/UVB dhe ndot\u00ebsve t\u00eb tjer\u00eb.<\/p>\n<p>350 ml<\/p>","protected":false},"featured_media":1750,"comment_status":"open","ping_status":"closed","template":"","meta":{"site-sidebar-layout":"default","site-content-layout":"default","ast-site-content-layout":"default","site-content-style":"default","site-sidebar-style":"default","ast-global-header-display":"","ast-banner-title-visibility":"","ast-main-header-display":"","ast-hfb-above-header-display":"","ast-hfb-below-header-display":"","ast-hfb-mobile-header-display":"","site-post-title":"","ast-breadcrumbs-content":"","ast-featured-img":"","footer-sml-layout":"","ast-disable-related-posts":"","theme-transparent-header-meta":"default","adv-header-id-meta":"","stick-header-meta":"","header-above-stick-meta":"","header-main-stick-meta":"","header-below-stick-meta":"","astra-migrate-meta-layouts":"default","ast-page-background-enabled":"default","ast-page-background-meta":{"desktop":{"background-color":"var(--ast-global-color-4)","background-image":"","background-repeat":"repeat","background-position":"center center","background-size":"auto","background-attachment":"scroll","background-type":"","background-media":"","overlay-type":"","overlay-color":"","overlay-opacity":"","overlay-gradient":""},"tablet":{"background-color":"","background-image":"","background-repeat":"repeat","background-position":"center center","background-size":"auto","background-attachment":"scroll","background-type":"","background-media":"","overlay-type":"","overlay-color":"","overlay-opacity":"","overlay-gradient":""},"mobile":{"background-color":"","background-image":"","background-repeat":"repeat","background-position":"center center","background-size":"auto","background-attachment":"scroll","background-type":"","background-media":"","overlay-type":"","overlay-color":"","overlay-opacity":"","overlay-gradient":""}},"ast-content-background-meta":{"desktop":{"background-color":"var(--ast-global-color-5)","background-image":"","background-repeat":"repeat","background-position":"center center","background-size":"auto","background-attachment":"scroll","background-type":"","background-media":"","overlay-type":"","overlay-color":"","overlay-opacity":"","overlay-gradient":""},"tablet":{"background-color":"var(--ast-global-color-5)","background-image":"","background-repeat":"repeat","background-position":"center center","background-size":"auto","background-attachment":"scroll","background-type":"","background-media":"","overlay-type":"","overlay-color":"","overlay-opacity":"","overlay-gradient":""},"mobile":{"background-color":"var(--ast-global-color-5)","background-image":"","background-repeat":"repeat","background-position":"center center","background-size":"auto","background-attachment":"scroll","background-type":"","background-media":"","overlay-type":"","overlay-color":"","overlay-opacity":"","overlay-gradient":""}}},"product_brand":[],"product_cat":[23],"product_tag":[],"class_list":{"0":"post-1758","1":"product","2":"type-product","3":"status-publish","4":"has-post-thumbnail","6":"product_cat-leaf-and-flower","7":"desktop-align-left","8":"tablet-align-left","9":"mobile-align-left","11":"first","12":"instock","13":"shipping-taxable","14":"purchasable","15":"product-type-simple"},"_links":{"self":[{"href":"https:\/\/zois.al\/sq\/wp-json\/wp\/v2\/product\/1758","targetHints":{"allow":["GET"]}}],"collection":[{"href":"https:\/\/zois.al\/sq\/wp-json\/wp\/v2\/product"}],"about":[{"href":"https:\/\/zois.al\/sq\/wp-json\/wp\/v2\/types\/product"}],"replies":[{"embeddable":true,"href":"https:\/\/zois.al\/sq\/wp-json\/wp\/v2\/comments?post=1758"}],"wp:featuredmedia":[{"embeddable":true,"href":"https:\/\/zois.al\/sq\/wp-json\/wp\/v2\/media\/1750"}],"wp:attachment":[{"href":"https:\/\/zois.al\/sq\/wp-json\/wp\/v2\/media?parent=1758"}],"wp:term":[{"taxonomy":"product_brand","embeddable":true,"href":"https:\/\/zois.al\/sq\/wp-json\/wp\/v2\/product_brand?post=1758"},{"taxonomy":"product_cat","embeddable":true,"href":"https:\/\/zois.al\/sq\/wp-json\/wp\/v2\/product_cat?post=1758"},{"taxonomy":"product_tag","embeddable":true,"href":"https:\/\/zois.al\/sq\/wp-json\/wp\/v2\/product_tag?post=1758"}],"curies":[{"name":"wp","href":"https:\/\/api.w.org\/{rel}","templated":true}]}}