{"id":1759,"date":"2023-01-17T20:53:34","date_gmt":"2023-01-17T20:53:34","guid":{"rendered":"http:\/\/localhost\/zois\/?post_type=product&#038;p=1759"},"modified":"2024-12-03T19:38:56","modified_gmt":"2024-12-03T19:38:56","slug":"instant-frizz-spray","status":"publish","type":"product","link":"https:\/\/zois.al\/sq\/produkt\/instant-frizz-spray\/","title":{"rendered":"L&#038;F CBD Instant Frizz Remedy"},"content":{"rendered":"<p><strong>Benefite<\/strong>:<\/p>\n<ul>\n<li>Redukton n\u00eb \u00e7ast elektizimin kur thahet n\u00eb flok me thar\u00ebse.<\/li>\n<li>Siguron flok\u00eb t\u00eb l\u00ebmuara, plot jet\u00eb dhe pa elektrizim.<\/li>\n<li>Aktivizohet nga nxeht\u00ebsia<\/li>\n<li>Riparon flok\u00ebt nga rr\u00ebnja n\u00eb maj\u00eb<\/li>\n<li>Zgjat deri n\u00eb 5 larje<\/li>\n<li>Lufton lag\u00ebshtin\u00eb<\/li>\n<\/ul>\n<p><strong>P\u00ebrdorimi<\/strong>:<\/p>\n<p>Tundeni mir\u00eb p\u00ebrpara se ta sp\u00ebrkatni n\u00eb flok\u00eb. Thajini flok\u00ebt me peshqir, ndajini n\u00eb pjes\u00eb, sp\u00ebrkatni secil\u00ebn pjes\u00eb 4-5 her\u00eb dhe kriheni p\u00ebr t\u00eb shp\u00ebrndar\u00eb n\u00eb m\u00ebnyr\u00eb t\u00eb barabart\u00eb produktin.<\/p>\n<p><strong>P\u00ebrb\u00ebr\u00ebsit<\/strong>\u00a0:<\/p>\n<p>Water (Aqua), Dipropylene Glycol, Polysilicone-29, Polysorbate 20, Silicone Quaternium-18, Cannabidiol (CBD), Panthenol, Trimethylsiloxyamodimethicone, Quaternium-98, Hypnea Musciformis Extract, Soytrimonium Chloride, Tallowtrimonium Chloride, C11-15 Pareth-7, C12-16 Pareth-9, Trideceth-6, Trideceth-12, Glycerin, Caprylic\/Capric Triglyceride, Butylene Glycol, Propylene Glycol, Dimethyl Soyamine, Potassium Gluconate, Disodium EDTA, Lactic Acid, Phenoxyethanol, Chlorphenesin, Caprylyl Glycol, Limonene, Linalool, Coumarin, Citral, Fragrance (Parfum)<\/p>","protected":false},"excerpt":{"rendered":"<p>L&amp;F CBD Instant Frizz Remedy \u00ebsht\u00eb zgjidhja m\u00eb e mir\u00eb p\u00ebr t\u00eb luftuar lag\u00ebshtin\u00eb q\u00eb shkaktohet te flok\u00ebt e that\u00eb\/t\u00eb d\u00ebmtuar nga nxeht\u00ebsia. Vetit\u00eb hidrofobike luftojn\u00eb menj\u00ebher\u00eb elektrizimin &#8211; duke i l\u00ebn\u00eb flok\u00ebt t\u00eb l\u00ebmuar, plot jet\u00eb dhe pa elektrizim deri n\u00eb 5 larje. P\u00ebr t\u00eb ofruar nj\u00eb riparim t\u00eb thell\u00eb nga rr\u00ebnja deri te maja, kjo formul\u00eb kund\u00ebr elektrizminit \u00ebsht\u00eb pasuruar me nj\u00eb Kompleks Korrektues CBD me baz\u00eb bimore, i cili riparon n\u00eb m\u00ebnyr\u00eb efektive flok\u00ebt e d\u00ebmtuar- duke rezultuar n\u00eb flok\u00eb plot shk\u00eblqim dhe t\u00eb l\u00ebmuar.<\/p>\n<p>175 ml<\/p>","protected":false},"featured_media":1743,"comment_status":"open","ping_status":"closed","template":"","meta":{"site-sidebar-layout":"default","site-content-layout":"default","ast-site-content-layout":"default","site-content-style":"default","site-sidebar-style":"default","ast-global-header-display":"","ast-banner-title-visibility":"","ast-main-header-display":"","ast-hfb-above-header-display":"","ast-hfb-below-header-display":"","ast-hfb-mobile-header-display":"","site-post-title":"","ast-breadcrumbs-content":"","ast-featured-img":"","footer-sml-layout":"","ast-disable-related-posts":"","theme-transparent-header-meta":"default","adv-header-id-meta":"","stick-header-meta":"","header-above-stick-meta":"","header-main-stick-meta":"","header-below-stick-meta":"","astra-migrate-meta-layouts":"default","ast-page-background-enabled":"default","ast-page-background-meta":{"desktop":{"background-color":"var(--ast-global-color-4)","background-image":"","background-repeat":"repeat","background-position":"center center","background-size":"auto","background-attachment":"scroll","background-type":"","background-media":"","overlay-type":"","overlay-color":"","overlay-opacity":"","overlay-gradient":""},"tablet":{"background-color":"","background-image":"","background-repeat":"repeat","background-position":"center center","background-size":"auto","background-attachment":"scroll","background-type":"","background-media":"","overlay-type":"","overlay-color":"","overlay-opacity":"","overlay-gradient":""},"mobile":{"background-color":"","background-image":"","background-repeat":"repeat","background-position":"center center","background-size":"auto","background-attachment":"scroll","background-type":"","background-media":"","overlay-type":"","overlay-color":"","overlay-opacity":"","overlay-gradient":""}},"ast-content-background-meta":{"desktop":{"background-color":"var(--ast-global-color-5)","background-image":"","background-repeat":"repeat","background-position":"center center","background-size":"auto","background-attachment":"scroll","background-type":"","background-media":"","overlay-type":"","overlay-color":"","overlay-opacity":"","overlay-gradient":""},"tablet":{"background-color":"var(--ast-global-color-5)","background-image":"","background-repeat":"repeat","background-position":"center center","background-size":"auto","background-attachment":"scroll","background-type":"","background-media":"","overlay-type":"","overlay-color":"","overlay-opacity":"","overlay-gradient":""},"mobile":{"background-color":"var(--ast-global-color-5)","background-image":"","background-repeat":"repeat","background-position":"center center","background-size":"auto","background-attachment":"scroll","background-type":"","background-media":"","overlay-type":"","overlay-color":"","overlay-opacity":"","overlay-gradient":""}}},"product_brand":[],"product_cat":[23],"product_tag":[],"class_list":{"0":"post-1759","1":"product","2":"type-product","3":"status-publish","4":"has-post-thumbnail","6":"product_cat-leaf-and-flower","7":"desktop-align-left","8":"tablet-align-left","9":"mobile-align-left","11":"first","12":"instock","13":"shipping-taxable","14":"purchasable","15":"product-type-simple"},"_links":{"self":[{"href":"https:\/\/zois.al\/sq\/wp-json\/wp\/v2\/product\/1759","targetHints":{"allow":["GET"]}}],"collection":[{"href":"https:\/\/zois.al\/sq\/wp-json\/wp\/v2\/product"}],"about":[{"href":"https:\/\/zois.al\/sq\/wp-json\/wp\/v2\/types\/product"}],"replies":[{"embeddable":true,"href":"https:\/\/zois.al\/sq\/wp-json\/wp\/v2\/comments?post=1759"}],"wp:featuredmedia":[{"embeddable":true,"href":"https:\/\/zois.al\/sq\/wp-json\/wp\/v2\/media\/1743"}],"wp:attachment":[{"href":"https:\/\/zois.al\/sq\/wp-json\/wp\/v2\/media?parent=1759"}],"wp:term":[{"taxonomy":"product_brand","embeddable":true,"href":"https:\/\/zois.al\/sq\/wp-json\/wp\/v2\/product_brand?post=1759"},{"taxonomy":"product_cat","embeddable":true,"href":"https:\/\/zois.al\/sq\/wp-json\/wp\/v2\/product_cat?post=1759"},{"taxonomy":"product_tag","embeddable":true,"href":"https:\/\/zois.al\/sq\/wp-json\/wp\/v2\/product_tag?post=1759"}],"curies":[{"name":"wp","href":"https:\/\/api.w.org\/{rel}","templated":true}]}}