{"id":1761,"date":"2023-01-17T20:55:03","date_gmt":"2023-01-17T20:55:03","guid":{"rendered":"http:\/\/localhost\/zois\/?post_type=product&#038;p=1761"},"modified":"2024-12-03T19:38:56","modified_gmt":"2024-12-03T19:38:56","slug":"cbd-phyto-molecular-oil","status":"publish","type":"product","link":"https:\/\/zois.al\/sq\/produkt\/cbd-phyto-molecular-oil\/","title":{"rendered":"L&#038;F CBD Phyto-Molecular Oil"},"content":{"rendered":"<p><strong>Benefite<\/strong>:<\/p>\n<ul>\n<li>Riparon flok\u00ebt e that\u00eb\/t\u00eb d\u00ebmtuar.<\/li>\n<li>Formula jo e yndyrshme.<\/li>\n<li>Shton shk\u00eblqim p\u00ebr t\u00eb gjitha llojet e flok\u00ebve<\/li>\n<\/ul>\n<p><strong>P\u00ebrdorimi<\/strong>:<\/p>\n<p>Aplikoni nj\u00eb sasi t\u00eb vog\u00ebl n\u00eb duart tuaja, f\u00ebrkojini s\u00eb bashku dhe aplikojeni n\u00eb flok\u00eb t\u00eb lagur ose t\u00eb that\u00eb. Shtoni m\u00eb shum\u00eb n\u00ebse \u00ebsht\u00eb e nevojshme. Stilojini si zakonisht<\/p>\n<p><strong>P\u00ebrb\u00ebr\u00ebsit<\/strong>\u00a0:<\/p>\n<p>Dimethicone, Isododecane, Isohexadecane, Squalane, Cannabidiol (CBD), Cannabis Sativa Seed Oil, Balanites Roxburghii Seed Oil, Adansonia Digitata Seed Oil, Argania Spinosa Kernel Oil, Persea Gratissima (Avocado) Oil, Caprylic\/Capric Triglyceride, Linoleic Acid, Tocopherol, Glycine Soja (Soybean) Sterols, Phospholipids, Oryza Sativa (Rice) Bran Extract, Rosmarinus Officinalis (Rosemary) Leaf Extract, Helianthus Annuus (Sunflower) Extract, Citral, Coumarin, Geraniol, Limonene, Linalool, Fragrance (Parfum)<\/p>\n<p>&nbsp;<\/p>","protected":false},"excerpt":{"rendered":"<p>L&amp;F CBD Phyto-Molecular Oil \u00ebsht\u00eb nj\u00eb formul\u00eb jo e yndyrshme e krijuar p\u00ebr t\u00eb optimizuar vitalitetin e flok\u00ebve dhe t\u00eb skalpit duke p\u00ebrdorur nj\u00eb p\u00ebrzierje me ekstrakte kanabinoide me baz\u00eb bimore t\u00eb formuluara p\u00ebr t\u00eb inkurajuar si riparimin e brendsh\u00ebm ashtu edhe t\u00eb jasht\u00ebm t\u00eb flok\u00ebve t\u00eb that\u00eb\/t\u00eb d\u00ebmtuar.<\/p>\n<p>118 ml<\/p>","protected":false},"featured_media":1748,"comment_status":"open","ping_status":"closed","template":"","meta":{"site-sidebar-layout":"default","site-content-layout":"default","ast-site-content-layout":"default","site-content-style":"default","site-sidebar-style":"default","ast-global-header-display":"","ast-banner-title-visibility":"","ast-main-header-display":"","ast-hfb-above-header-display":"","ast-hfb-below-header-display":"","ast-hfb-mobile-header-display":"","site-post-title":"","ast-breadcrumbs-content":"","ast-featured-img":"","footer-sml-layout":"","ast-disable-related-posts":"","theme-transparent-header-meta":"default","adv-header-id-meta":"","stick-header-meta":"","header-above-stick-meta":"","header-main-stick-meta":"","header-below-stick-meta":"","astra-migrate-meta-layouts":"default","ast-page-background-enabled":"default","ast-page-background-meta":{"desktop":{"background-color":"var(--ast-global-color-4)","background-image":"","background-repeat":"repeat","background-position":"center center","background-size":"auto","background-attachment":"scroll","background-type":"","background-media":"","overlay-type":"","overlay-color":"","overlay-opacity":"","overlay-gradient":""},"tablet":{"background-color":"","background-image":"","background-repeat":"repeat","background-position":"center center","background-size":"auto","background-attachment":"scroll","background-type":"","background-media":"","overlay-type":"","overlay-color":"","overlay-opacity":"","overlay-gradient":""},"mobile":{"background-color":"","background-image":"","background-repeat":"repeat","background-position":"center center","background-size":"auto","background-attachment":"scroll","background-type":"","background-media":"","overlay-type":"","overlay-color":"","overlay-opacity":"","overlay-gradient":""}},"ast-content-background-meta":{"desktop":{"background-color":"var(--ast-global-color-5)","background-image":"","background-repeat":"repeat","background-position":"center center","background-size":"auto","background-attachment":"scroll","background-type":"","background-media":"","overlay-type":"","overlay-color":"","overlay-opacity":"","overlay-gradient":""},"tablet":{"background-color":"var(--ast-global-color-5)","background-image":"","background-repeat":"repeat","background-position":"center center","background-size":"auto","background-attachment":"scroll","background-type":"","background-media":"","overlay-type":"","overlay-color":"","overlay-opacity":"","overlay-gradient":""},"mobile":{"background-color":"var(--ast-global-color-5)","background-image":"","background-repeat":"repeat","background-position":"center center","background-size":"auto","background-attachment":"scroll","background-type":"","background-media":"","overlay-type":"","overlay-color":"","overlay-opacity":"","overlay-gradient":""}}},"product_brand":[],"product_cat":[23],"product_tag":[],"class_list":{"0":"post-1761","1":"product","2":"type-product","3":"status-publish","4":"has-post-thumbnail","6":"product_cat-leaf-and-flower","7":"desktop-align-left","8":"tablet-align-left","9":"mobile-align-left","11":"first","12":"instock","13":"shipping-taxable","14":"purchasable","15":"product-type-simple"},"_links":{"self":[{"href":"https:\/\/zois.al\/sq\/wp-json\/wp\/v2\/product\/1761","targetHints":{"allow":["GET"]}}],"collection":[{"href":"https:\/\/zois.al\/sq\/wp-json\/wp\/v2\/product"}],"about":[{"href":"https:\/\/zois.al\/sq\/wp-json\/wp\/v2\/types\/product"}],"replies":[{"embeddable":true,"href":"https:\/\/zois.al\/sq\/wp-json\/wp\/v2\/comments?post=1761"}],"wp:featuredmedia":[{"embeddable":true,"href":"https:\/\/zois.al\/sq\/wp-json\/wp\/v2\/media\/1748"}],"wp:attachment":[{"href":"https:\/\/zois.al\/sq\/wp-json\/wp\/v2\/media?parent=1761"}],"wp:term":[{"taxonomy":"product_brand","embeddable":true,"href":"https:\/\/zois.al\/sq\/wp-json\/wp\/v2\/product_brand?post=1761"},{"taxonomy":"product_cat","embeddable":true,"href":"https:\/\/zois.al\/sq\/wp-json\/wp\/v2\/product_cat?post=1761"},{"taxonomy":"product_tag","embeddable":true,"href":"https:\/\/zois.al\/sq\/wp-json\/wp\/v2\/product_tag?post=1761"}],"curies":[{"name":"wp","href":"https:\/\/api.w.org\/{rel}","templated":true}]}}