{"id":1762,"date":"2023-01-17T21:02:11","date_gmt":"2023-01-17T21:02:11","guid":{"rendered":"http:\/\/localhost\/zois\/?post_type=product&#038;p=1762"},"modified":"2024-12-03T19:38:56","modified_gmt":"2024-12-03T19:38:56","slug":"cbd-molecular-skin-shield","status":"publish","type":"product","link":"https:\/\/zois.al\/sq\/produkt\/cbd-molecular-skin-shield\/","title":{"rendered":"L&#038;F CBD Molecular Skin Shield"},"content":{"rendered":"<p><strong>Benefite<\/strong>:<\/p>\n<ul>\n<li>Ndihmon n\u00eb hidratimin dhe krijimin e nj\u00eb barriere mbrojt\u00ebse p\u00ebr duart.<\/li>\n<li>Peptidet e trefishta lejojn\u00eb q\u00eb t\u00eb dep\u00ebrtoj\u00eb n\u00eb nj\u00eb nivel m\u00eb t\u00eb thell\u00eb.<\/li>\n<\/ul>\n<p><strong>P\u00ebrdorimi<\/strong>:<\/p>\n<p>Aplikoni nj\u00eb sasi t\u00eb vog\u00ebl n\u00eb duar pas larjes ose dezinfektimit dhe p\u00ebrhapeni n\u00eb m\u00ebnyr\u00eb t\u00eb barabart\u00eb derisa kremi t\u00eb p\u00ebrthithet.<\/p>\n<p><strong>P\u00ebrb\u00ebr\u00ebsit<\/strong> :<\/p>\n<p>Water (Aqua), Pentylene Glycol, Glyceryl Stearate SE, Prunus Amygdalus Dulcis (Sweet Almond) Oil, C13-15 Alkane, Helianthus Annuus (Sunflower) Seed Oil, Acetamidoethoxyethanol, Cannabidiol (CBD), Butyrospermum Parkii (Shea) Butter, Juniperus Communis Fruit Oil, Allantoin, Tocopheryl Acetate, Panthenol, Palmitoyl Tripeptide-5, Hydroxymethoxyphenyl Decanone, Tremella Fuciformis Sporocarp Extract, Betaine, Glycerin, Sodium Dilauramidoglutamide Lysine, Cetearyl Alcohol, Stearic Acid, Caprylic\/Capric Triglyceride, Acrylic Acid\/VP Crosspolymer, Aminomethyl Propanol, Disodium EDTA, Phenoxyethanol, Chlorphenesin, Caprylyl Glycol.<\/p>","protected":false},"excerpt":{"rendered":"<p>L&amp;F CBD Molecular Skin Shield \u00ebsht\u00eb nj\u00eb trajtim restaurues i formuluar posa\u00e7\u00ebrisht p\u00ebr t\u00eb parandaluar that\u00ebsin\u00eb e shkaktuar nga dezinfektimi i shpesht\u00eb dhe larja e duarve. I pasur me nj\u00eb Kompleks Korrektues CBD, \u00a0formon nj\u00eb barrier\u00eb t\u00eb padukshme q\u00eb lufton menj\u00ebher\u00eb efektet e tharjes nga alkoolet, sapun\u00ebt dhe irrituesit e tjer\u00eb, nd\u00ebrsa ofron hidratim p\u00ebr l\u00ebkur\u00ebn, duksh\u00ebm m\u00eb t\u00eb but\u00eb dhe m\u00eb elastike. Ndihmon q\u00eb duart t\u00eb ndihen t\u00eb fresk\u00ebta dhe komode gjat\u00eb pun\u00ebs me doreza. Pa parfum. Absorbohet shpejt.<\/p>\n<p>240 ml<\/p>","protected":false},"featured_media":1747,"comment_status":"open","ping_status":"closed","template":"","meta":{"site-sidebar-layout":"default","site-content-layout":"default","ast-site-content-layout":"default","site-content-style":"default","site-sidebar-style":"default","ast-global-header-display":"","ast-banner-title-visibility":"","ast-main-header-display":"","ast-hfb-above-header-display":"","ast-hfb-below-header-display":"","ast-hfb-mobile-header-display":"","site-post-title":"","ast-breadcrumbs-content":"","ast-featured-img":"","footer-sml-layout":"","ast-disable-related-posts":"","theme-transparent-header-meta":"default","adv-header-id-meta":"","stick-header-meta":"","header-above-stick-meta":"","header-main-stick-meta":"","header-below-stick-meta":"","astra-migrate-meta-layouts":"default","ast-page-background-enabled":"default","ast-page-background-meta":{"desktop":{"background-color":"var(--ast-global-color-4)","background-image":"","background-repeat":"repeat","background-position":"center center","background-size":"auto","background-attachment":"scroll","background-type":"","background-media":"","overlay-type":"","overlay-color":"","overlay-opacity":"","overlay-gradient":""},"tablet":{"background-color":"","background-image":"","background-repeat":"repeat","background-position":"center center","background-size":"auto","background-attachment":"scroll","background-type":"","background-media":"","overlay-type":"","overlay-color":"","overlay-opacity":"","overlay-gradient":""},"mobile":{"background-color":"","background-image":"","background-repeat":"repeat","background-position":"center center","background-size":"auto","background-attachment":"scroll","background-type":"","background-media":"","overlay-type":"","overlay-color":"","overlay-opacity":"","overlay-gradient":""}},"ast-content-background-meta":{"desktop":{"background-color":"var(--ast-global-color-5)","background-image":"","background-repeat":"repeat","background-position":"center center","background-size":"auto","background-attachment":"scroll","background-type":"","background-media":"","overlay-type":"","overlay-color":"","overlay-opacity":"","overlay-gradient":""},"tablet":{"background-color":"var(--ast-global-color-5)","background-image":"","background-repeat":"repeat","background-position":"center center","background-size":"auto","background-attachment":"scroll","background-type":"","background-media":"","overlay-type":"","overlay-color":"","overlay-opacity":"","overlay-gradient":""},"mobile":{"background-color":"var(--ast-global-color-5)","background-image":"","background-repeat":"repeat","background-position":"center center","background-size":"auto","background-attachment":"scroll","background-type":"","background-media":"","overlay-type":"","overlay-color":"","overlay-opacity":"","overlay-gradient":""}}},"product_brand":[],"product_cat":[23],"product_tag":[],"class_list":{"0":"post-1762","1":"product","2":"type-product","3":"status-publish","4":"has-post-thumbnail","6":"product_cat-leaf-and-flower","7":"desktop-align-left","8":"tablet-align-left","9":"mobile-align-left","11":"first","12":"instock","13":"shipping-taxable","14":"purchasable","15":"product-type-simple"},"_links":{"self":[{"href":"https:\/\/zois.al\/sq\/wp-json\/wp\/v2\/product\/1762","targetHints":{"allow":["GET"]}}],"collection":[{"href":"https:\/\/zois.al\/sq\/wp-json\/wp\/v2\/product"}],"about":[{"href":"https:\/\/zois.al\/sq\/wp-json\/wp\/v2\/types\/product"}],"replies":[{"embeddable":true,"href":"https:\/\/zois.al\/sq\/wp-json\/wp\/v2\/comments?post=1762"}],"wp:featuredmedia":[{"embeddable":true,"href":"https:\/\/zois.al\/sq\/wp-json\/wp\/v2\/media\/1747"}],"wp:attachment":[{"href":"https:\/\/zois.al\/sq\/wp-json\/wp\/v2\/media?parent=1762"}],"wp:term":[{"taxonomy":"product_brand","embeddable":true,"href":"https:\/\/zois.al\/sq\/wp-json\/wp\/v2\/product_brand?post=1762"},{"taxonomy":"product_cat","embeddable":true,"href":"https:\/\/zois.al\/sq\/wp-json\/wp\/v2\/product_cat?post=1762"},{"taxonomy":"product_tag","embeddable":true,"href":"https:\/\/zois.al\/sq\/wp-json\/wp\/v2\/product_tag?post=1762"}],"curies":[{"name":"wp","href":"https:\/\/api.w.org\/{rel}","templated":true}]}}