{"id":1784,"date":"2023-01-17T21:16:11","date_gmt":"2023-01-17T21:16:11","guid":{"rendered":"http:\/\/localhost\/zois\/?post_type=product&#038;p=1784"},"modified":"2024-12-03T19:38:56","modified_gmt":"2024-12-03T19:38:56","slug":"baume-apres-rasage-aftershave-balm","status":"publish","type":"product","link":"https:\/\/zois.al\/sq\/produkt\/baume-apres-rasage-aftershave-balm\/","title":{"rendered":"AFTERSHAVE BALM"},"content":{"rendered":"<p>Chopperhead&#8217;s After Shave Balm \u00ebsht\u00eb p\u00ebr qet\u00ebsimin, hidratimin dhe riparimin e l\u00ebkur\u00ebs. Ky balsam p\u00ebrmban ekstrakte kamomili dhe panthenoli s\u00eb bashku me vitamin\u00ebn E. Ekstraktet e kafes\u00eb, xhensenit dhe guaran\u00ebs rigjenerojn\u00eb thell\u00ebsisht dhe ushqejn\u00eb l\u00ebkur\u00ebn pas rruajtjes dhe gjat\u00eb gjith\u00eb dit\u00ebs.<\/p>\n<p><strong>Aplikimi:<\/strong> L\u00ebreni l\u00ebkur\u00ebn t\u00eb thahet pasi t\u00eb p\u00ebrdorni locionin Aftershave Tonic. Vendosni nj\u00eb sasi t\u00eb vog\u00ebl t\u00eb balsamit pas rruajtjes n\u00eb p\u00ebll\u00ebmb\u00ebn e duarve dhe aplikojeni n\u00eb l\u00ebkur\u00ebn e fytyr\u00ebs dhe qaf\u00ebs.<\/p>","protected":false},"excerpt":{"rendered":"<p style=\"text-align: justify;\"><strong>75 ml<\/strong><\/p>\n<p style=\"text-align: justify;\">Tesktur\u00eb kremoze e cila p\u00ebrdoret pas rruajtjes p\u00ebr l\u00ebkur\u00eb t\u00eb zbutur, t\u00eb riparuar dhe t\u00eb hidratuar.<\/p>\n<p style=\"text-align: justify;\">Krijuar me produkte natyrale p\u00ebr rigjenerimin, ushqimin dhe elasticitetin e p\u00ebrmir\u00ebsuar t\u00eb l\u00ebkur\u00ebs.<\/p>","protected":false},"featured_media":2129,"comment_status":"open","ping_status":"closed","template":"","meta":{"site-sidebar-layout":"default","site-content-layout":"default","ast-site-content-layout":"default","site-content-style":"default","site-sidebar-style":"default","ast-global-header-display":"","ast-banner-title-visibility":"","ast-main-header-display":"","ast-hfb-above-header-display":"","ast-hfb-below-header-display":"","ast-hfb-mobile-header-display":"","site-post-title":"","ast-breadcrumbs-content":"","ast-featured-img":"","footer-sml-layout":"","ast-disable-related-posts":"","theme-transparent-header-meta":"default","adv-header-id-meta":"","stick-header-meta":"","header-above-stick-meta":"","header-main-stick-meta":"","header-below-stick-meta":"","astra-migrate-meta-layouts":"default","ast-page-background-enabled":"default","ast-page-background-meta":{"desktop":{"background-color":"var(--ast-global-color-4)","background-image":"","background-repeat":"repeat","background-position":"center center","background-size":"auto","background-attachment":"scroll","background-type":"","background-media":"","overlay-type":"","overlay-color":"","overlay-opacity":"","overlay-gradient":""},"tablet":{"background-color":"","background-image":"","background-repeat":"repeat","background-position":"center center","background-size":"auto","background-attachment":"scroll","background-type":"","background-media":"","overlay-type":"","overlay-color":"","overlay-opacity":"","overlay-gradient":""},"mobile":{"background-color":"","background-image":"","background-repeat":"repeat","background-position":"center center","background-size":"auto","background-attachment":"scroll","background-type":"","background-media":"","overlay-type":"","overlay-color":"","overlay-opacity":"","overlay-gradient":""}},"ast-content-background-meta":{"desktop":{"background-color":"var(--ast-global-color-5)","background-image":"","background-repeat":"repeat","background-position":"center center","background-size":"auto","background-attachment":"scroll","background-type":"","background-media":"","overlay-type":"","overlay-color":"","overlay-opacity":"","overlay-gradient":""},"tablet":{"background-color":"var(--ast-global-color-5)","background-image":"","background-repeat":"repeat","background-position":"center center","background-size":"auto","background-attachment":"scroll","background-type":"","background-media":"","overlay-type":"","overlay-color":"","overlay-opacity":"","overlay-gradient":""},"mobile":{"background-color":"var(--ast-global-color-5)","background-image":"","background-repeat":"repeat","background-position":"center center","background-size":"auto","background-attachment":"scroll","background-type":"","background-media":"","overlay-type":"","overlay-color":"","overlay-opacity":"","overlay-gradient":""}}},"product_brand":[],"product_cat":[53,27],"product_tag":[],"class_list":{"0":"post-1784","1":"product","2":"type-product","3":"status-publish","4":"has-post-thumbnail","6":"product_cat-after-shaving","7":"product_cat-chopperhead","8":"desktop-align-left","9":"tablet-align-left","10":"mobile-align-left","12":"first","13":"instock","14":"shipping-taxable","15":"purchasable","16":"product-type-simple"},"_links":{"self":[{"href":"https:\/\/zois.al\/sq\/wp-json\/wp\/v2\/product\/1784","targetHints":{"allow":["GET"]}}],"collection":[{"href":"https:\/\/zois.al\/sq\/wp-json\/wp\/v2\/product"}],"about":[{"href":"https:\/\/zois.al\/sq\/wp-json\/wp\/v2\/types\/product"}],"replies":[{"embeddable":true,"href":"https:\/\/zois.al\/sq\/wp-json\/wp\/v2\/comments?post=1784"}],"wp:featuredmedia":[{"embeddable":true,"href":"https:\/\/zois.al\/sq\/wp-json\/wp\/v2\/media\/2129"}],"wp:attachment":[{"href":"https:\/\/zois.al\/sq\/wp-json\/wp\/v2\/media?parent=1784"}],"wp:term":[{"taxonomy":"product_brand","embeddable":true,"href":"https:\/\/zois.al\/sq\/wp-json\/wp\/v2\/product_brand?post=1784"},{"taxonomy":"product_cat","embeddable":true,"href":"https:\/\/zois.al\/sq\/wp-json\/wp\/v2\/product_cat?post=1784"},{"taxonomy":"product_tag","embeddable":true,"href":"https:\/\/zois.al\/sq\/wp-json\/wp\/v2\/product_tag?post=1784"}],"curies":[{"name":"wp","href":"https:\/\/api.w.org\/{rel}","templated":true}]}}