{"id":1785,"date":"2023-01-17T21:18:50","date_gmt":"2023-01-17T21:18:50","guid":{"rendered":"http:\/\/localhost\/zois\/?post_type=product&#038;p=1785"},"modified":"2024-12-03T19:38:56","modified_gmt":"2024-12-03T19:38:56","slug":"tonique-apres-rasage-aftershave-tonic","status":"publish","type":"product","link":"https:\/\/zois.al\/sq\/produkt\/tonique-apres-rasage-aftershave-tonic\/","title":{"rendered":"AFTERSHAVE TONIC"},"content":{"rendered":"<p><strong>P\u00ebrfitimet:<\/strong><\/p>\n<p>Tonik pas rruajtjes pa alkool i Chopperhead \u00ebsht\u00eb nj\u00eb nga produktet e t\u00eb kujdesit p\u00ebr meshkuj, i krijuar p\u00ebr l\u00ebkur\u00eb t\u00eb sh\u00ebndetshme dhe pa acarim. Locioni tonik pas rruajtjes \u00ebsht\u00eb formuluar posa\u00e7\u00ebrisht p\u00ebr t\u00eb luftuar irritimin dhe skuqjen duke p\u00ebrdorur p\u00ebrb\u00ebr\u00ebs natyral\u00eb t\u00eb till\u00eb si ekstraktet e kafes\u00eb, xhensenit dhe guaran\u00ebs. K\u00ebta p\u00ebrb\u00ebr\u00ebs natyral\u00eb gjithashtu rigjenerojn\u00eb dhe ushqejn\u00eb l\u00ebkur\u00ebn pas rruajtjes.<\/p>\n<p>Cil\u00ebsit\u00eb qet\u00ebsuese t\u00eb locionit s\u00eb Chopperhead p\u00ebrmir\u00ebsohen nga formula e tij pa alkool.<\/p>\n<p><strong>Aplikimi:<\/strong> Shtoni pak locion n\u00eb p\u00ebll\u00ebmb\u00ebn e dor\u00ebs dhe m\u00eb pas aplikojeni n\u00eb fytyr\u00eb.<\/p>\n<p>&nbsp;<\/p>","protected":false},"excerpt":{"rendered":"<p style=\"text-align: justify;\"><strong>100ml<\/strong><\/p>\n<p style=\"text-align: justify;\">Locion pas rroje p\u00ebr meshkujt q\u00eb din\u00eb t\u00eb p\u00ebrqafojn\u00eb bukurin\u00eb e tyre natyrale.<\/p>","protected":false},"featured_media":1764,"comment_status":"open","ping_status":"closed","template":"","meta":{"site-sidebar-layout":"default","site-content-layout":"default","ast-site-content-layout":"default","site-content-style":"default","site-sidebar-style":"default","ast-global-header-display":"","ast-banner-title-visibility":"","ast-main-header-display":"","ast-hfb-above-header-display":"","ast-hfb-below-header-display":"","ast-hfb-mobile-header-display":"","site-post-title":"","ast-breadcrumbs-content":"","ast-featured-img":"","footer-sml-layout":"","ast-disable-related-posts":"","theme-transparent-header-meta":"default","adv-header-id-meta":"","stick-header-meta":"","header-above-stick-meta":"","header-main-stick-meta":"","header-below-stick-meta":"","astra-migrate-meta-layouts":"default","ast-page-background-enabled":"default","ast-page-background-meta":{"desktop":{"background-color":"var(--ast-global-color-4)","background-image":"","background-repeat":"repeat","background-position":"center center","background-size":"auto","background-attachment":"scroll","background-type":"","background-media":"","overlay-type":"","overlay-color":"","overlay-opacity":"","overlay-gradient":""},"tablet":{"background-color":"","background-image":"","background-repeat":"repeat","background-position":"center center","background-size":"auto","background-attachment":"scroll","background-type":"","background-media":"","overlay-type":"","overlay-color":"","overlay-opacity":"","overlay-gradient":""},"mobile":{"background-color":"","background-image":"","background-repeat":"repeat","background-position":"center center","background-size":"auto","background-attachment":"scroll","background-type":"","background-media":"","overlay-type":"","overlay-color":"","overlay-opacity":"","overlay-gradient":""}},"ast-content-background-meta":{"desktop":{"background-color":"var(--ast-global-color-5)","background-image":"","background-repeat":"repeat","background-position":"center center","background-size":"auto","background-attachment":"scroll","background-type":"","background-media":"","overlay-type":"","overlay-color":"","overlay-opacity":"","overlay-gradient":""},"tablet":{"background-color":"var(--ast-global-color-5)","background-image":"","background-repeat":"repeat","background-position":"center center","background-size":"auto","background-attachment":"scroll","background-type":"","background-media":"","overlay-type":"","overlay-color":"","overlay-opacity":"","overlay-gradient":""},"mobile":{"background-color":"var(--ast-global-color-5)","background-image":"","background-repeat":"repeat","background-position":"center center","background-size":"auto","background-attachment":"scroll","background-type":"","background-media":"","overlay-type":"","overlay-color":"","overlay-opacity":"","overlay-gradient":""}}},"product_brand":[],"product_cat":[53,27],"product_tag":[],"class_list":{"0":"post-1785","1":"product","2":"type-product","3":"status-publish","4":"has-post-thumbnail","6":"product_cat-after-shaving","7":"product_cat-chopperhead","8":"desktop-align-left","9":"tablet-align-left","10":"mobile-align-left","12":"first","13":"instock","14":"shipping-taxable","15":"purchasable","16":"product-type-simple"},"_links":{"self":[{"href":"https:\/\/zois.al\/sq\/wp-json\/wp\/v2\/product\/1785","targetHints":{"allow":["GET"]}}],"collection":[{"href":"https:\/\/zois.al\/sq\/wp-json\/wp\/v2\/product"}],"about":[{"href":"https:\/\/zois.al\/sq\/wp-json\/wp\/v2\/types\/product"}],"replies":[{"embeddable":true,"href":"https:\/\/zois.al\/sq\/wp-json\/wp\/v2\/comments?post=1785"}],"wp:featuredmedia":[{"embeddable":true,"href":"https:\/\/zois.al\/sq\/wp-json\/wp\/v2\/media\/1764"}],"wp:attachment":[{"href":"https:\/\/zois.al\/sq\/wp-json\/wp\/v2\/media?parent=1785"}],"wp:term":[{"taxonomy":"product_brand","embeddable":true,"href":"https:\/\/zois.al\/sq\/wp-json\/wp\/v2\/product_brand?post=1785"},{"taxonomy":"product_cat","embeddable":true,"href":"https:\/\/zois.al\/sq\/wp-json\/wp\/v2\/product_cat?post=1785"},{"taxonomy":"product_tag","embeddable":true,"href":"https:\/\/zois.al\/sq\/wp-json\/wp\/v2\/product_tag?post=1785"}],"curies":[{"name":"wp","href":"https:\/\/api.w.org\/{rel}","templated":true}]}}