{"id":1788,"date":"2023-01-17T21:32:00","date_gmt":"2023-01-17T21:32:00","guid":{"rendered":"http:\/\/localhost\/zois\/?post_type=product&#038;p=1788"},"modified":"2024-12-03T19:38:55","modified_gmt":"2024-12-03T19:38:55","slug":"cire-mate-matte-wax-100gr","status":"publish","type":"product","link":"https:\/\/zois.al\/sq\/produkt\/cire-mate-matte-wax-100gr\/","title":{"rendered":"MATTE WAX (100gr)"},"content":{"rendered":"<p>Ashtu si shum\u00eb prej produkteve p\u00ebr kujdesin e flok\u00ebve p\u00ebr meshkuj, ky produkt \u00ebsht\u00eb i p\u00ebrqendruar n\u00eb vitamin\u00eb E, kafe, xhensen dhe ekstrakte guarana p\u00ebr veprim antioksidues e hidratues q\u00eb i b\u00ebn flok\u00ebt t\u00eb sh\u00ebndetsh\u00ebm, t\u00eb but\u00eb dhe fleksib\u00ebl.<\/p>\n<p><strong>Aplikimi:<\/strong> P\u00ebrdorni nj\u00eb sasi t\u00eb vog\u00ebl. Ngroheni n\u00eb duar dhe p\u00ebrpunojeni me gishta dhe m\u00eb pas aplikojeni n\u00eb flok\u00eb t\u00eb that\u00eb.<\/p>","protected":false},"excerpt":{"rendered":"<p style=\"text-align: justify;\"><strong>100gr<\/strong><\/p>\n<p style=\"text-align: justify;\">P\u00ebr nj\u00eb efekt mat e natyral gjat\u00eb stilimit t\u00eb flok\u00ebve, p\u00ebrdorni Matte Wax. Nj\u00eb tesktur\u00eb e leht\u00eb dhe shum\u00eb bashk\u00ebpunuese p\u00ebr \u00e7do stil.<\/p>","protected":false},"featured_media":1789,"comment_status":"open","ping_status":"closed","template":"","meta":{"site-sidebar-layout":"default","site-content-layout":"default","ast-site-content-layout":"default","site-content-style":"default","site-sidebar-style":"default","ast-global-header-display":"","ast-banner-title-visibility":"","ast-main-header-display":"","ast-hfb-above-header-display":"","ast-hfb-below-header-display":"","ast-hfb-mobile-header-display":"","site-post-title":"","ast-breadcrumbs-content":"","ast-featured-img":"","footer-sml-layout":"","ast-disable-related-posts":"","theme-transparent-header-meta":"default","adv-header-id-meta":"","stick-header-meta":"","header-above-stick-meta":"","header-main-stick-meta":"","header-below-stick-meta":"","astra-migrate-meta-layouts":"default","ast-page-background-enabled":"default","ast-page-background-meta":{"desktop":{"background-color":"var(--ast-global-color-4)","background-image":"","background-repeat":"repeat","background-position":"center center","background-size":"auto","background-attachment":"scroll","background-type":"","background-media":"","overlay-type":"","overlay-color":"","overlay-opacity":"","overlay-gradient":""},"tablet":{"background-color":"","background-image":"","background-repeat":"repeat","background-position":"center center","background-size":"auto","background-attachment":"scroll","background-type":"","background-media":"","overlay-type":"","overlay-color":"","overlay-opacity":"","overlay-gradient":""},"mobile":{"background-color":"","background-image":"","background-repeat":"repeat","background-position":"center center","background-size":"auto","background-attachment":"scroll","background-type":"","background-media":"","overlay-type":"","overlay-color":"","overlay-opacity":"","overlay-gradient":""}},"ast-content-background-meta":{"desktop":{"background-color":"var(--ast-global-color-5)","background-image":"","background-repeat":"repeat","background-position":"center center","background-size":"auto","background-attachment":"scroll","background-type":"","background-media":"","overlay-type":"","overlay-color":"","overlay-opacity":"","overlay-gradient":""},"tablet":{"background-color":"var(--ast-global-color-5)","background-image":"","background-repeat":"repeat","background-position":"center center","background-size":"auto","background-attachment":"scroll","background-type":"","background-media":"","overlay-type":"","overlay-color":"","overlay-opacity":"","overlay-gradient":""},"mobile":{"background-color":"var(--ast-global-color-5)","background-image":"","background-repeat":"repeat","background-position":"center center","background-size":"auto","background-attachment":"scroll","background-type":"","background-media":"","overlay-type":"","overlay-color":"","overlay-opacity":"","overlay-gradient":""}}},"product_brand":[],"product_cat":[27,56],"product_tag":[],"class_list":{"0":"post-1788","1":"product","2":"type-product","3":"status-publish","4":"has-post-thumbnail","6":"product_cat-chopperhead","7":"product_cat-styling","8":"desktop-align-left","9":"tablet-align-left","10":"mobile-align-left","12":"first","13":"instock","14":"shipping-taxable","15":"purchasable","16":"product-type-simple"},"_links":{"self":[{"href":"https:\/\/zois.al\/sq\/wp-json\/wp\/v2\/product\/1788","targetHints":{"allow":["GET"]}}],"collection":[{"href":"https:\/\/zois.al\/sq\/wp-json\/wp\/v2\/product"}],"about":[{"href":"https:\/\/zois.al\/sq\/wp-json\/wp\/v2\/types\/product"}],"replies":[{"embeddable":true,"href":"https:\/\/zois.al\/sq\/wp-json\/wp\/v2\/comments?post=1788"}],"wp:featuredmedia":[{"embeddable":true,"href":"https:\/\/zois.al\/sq\/wp-json\/wp\/v2\/media\/1789"}],"wp:attachment":[{"href":"https:\/\/zois.al\/sq\/wp-json\/wp\/v2\/media?parent=1788"}],"wp:term":[{"taxonomy":"product_brand","embeddable":true,"href":"https:\/\/zois.al\/sq\/wp-json\/wp\/v2\/product_brand?post=1788"},{"taxonomy":"product_cat","embeddable":true,"href":"https:\/\/zois.al\/sq\/wp-json\/wp\/v2\/product_cat?post=1788"},{"taxonomy":"product_tag","embeddable":true,"href":"https:\/\/zois.al\/sq\/wp-json\/wp\/v2\/product_tag?post=1788"}],"curies":[{"name":"wp","href":"https:\/\/api.w.org\/{rel}","templated":true}]}}