{"id":1795,"date":"2023-01-17T21:53:41","date_gmt":"2023-01-17T21:53:41","guid":{"rendered":"http:\/\/localhost\/zois\/?post_type=product&#038;p=1795"},"modified":"2024-12-03T19:38:55","modified_gmt":"2024-12-03T19:38:55","slug":"traditional-hair-pomade-75gr","status":"publish","type":"product","link":"https:\/\/zois.al\/sq\/produkt\/traditional-hair-pomade-75gr\/","title":{"rendered":"TRADITIONAL HAIR POMADE"},"content":{"rendered":"<p><strong>P\u00ebrfitimet:<\/strong><\/p>\n<ul>\n<li>E p\u00ebrkryer p\u00ebr flok\u00eb t\u00eb holl\u00eb p\u00ebr t\u00eb arritur nj\u00eb pamje t\u00eb stiluar por natyrale.<\/li>\n<li>Prodhuar me produkte natyrale p\u00ebr stilim efektiv dhe flok\u00eb t\u00eb sh\u00ebndetsh\u00ebm.<\/li>\n<\/ul>\n<p>Traditional Hair Pomade\u00a0 nga Chopperhead \u00ebsht\u00eb pomad\u00eb me tekstur\u00eb kremoze me nj\u00eb efekt gjysm\u00eb mat q\u00eb sugjerohet m\u00eb s\u00eb shumti p\u00ebr flok\u00eb t\u00eb holl\u00eb. E p\u00ebrqendruar n\u00eb ekstrakte t\u00eb vitamin\u00ebs E, kafes\u00eb, xhensenit dhe guaran\u00ebs p\u00ebr nj\u00eb veprim antioksidant, hidratues, kjo pomad\u00eb i b\u00ebn flok\u00ebt t\u00eb sh\u00ebndetsh\u00ebm, t\u00eb but\u00eb dhe fleksib\u00ebl. Merrni ato pamje rock-n-roll t\u00eb frym\u00ebzuara nga \u00e7iklist\u00ebt dhe artist\u00ebt e tatuazheve, kur p\u00ebrdorni produktet e kujdesit t\u00eb flok\u00ebve p\u00ebr meshkuj t\u00eb Chopperhead.<\/p>\n<p><strong>Aplikimi:<\/strong> Aplikoni nj\u00eb sasi t\u00eb vog\u00ebl n\u00eb flok\u00eb t\u00eb that\u00eb t\u00eb ngrohur paraprakisht n\u00eb duar. Punoni me gishtat dhe stiloni.<\/p>\n<p>&nbsp;<\/p>","protected":false},"excerpt":{"rendered":"<p><strong>75 gr<\/strong><\/p>\n<p><span style=\"font-size: 12.0pt; color: #333333; font-weight: normal;\">P\u00ebrfitoni nj\u00eb stil natyral, t\u00eb relaksuar dhe fleksib\u00ebl t\u00eb flok\u00ebve tuaj fal\u00eb Chopperhead<\/span> <span style=\"font-size: 12.0pt; color: #333333; font-weight: normal;\">Traditional Hair Pomade .<\/span><\/p>\n<h1 style=\"margin: 0cm; text-align: justify; text-justify: inter-ideograph; background: white;\"><span style=\"font-size: 12.0pt; color: #333333; font-weight: normal;\">\u00a0<\/span><\/h1>","protected":false},"featured_media":1796,"comment_status":"open","ping_status":"closed","template":"","meta":{"site-sidebar-layout":"default","site-content-layout":"default","ast-site-content-layout":"default","site-content-style":"default","site-sidebar-style":"default","ast-global-header-display":"","ast-banner-title-visibility":"","ast-main-header-display":"","ast-hfb-above-header-display":"","ast-hfb-below-header-display":"","ast-hfb-mobile-header-display":"","site-post-title":"","ast-breadcrumbs-content":"","ast-featured-img":"","footer-sml-layout":"","ast-disable-related-posts":"","theme-transparent-header-meta":"default","adv-header-id-meta":"","stick-header-meta":"","header-above-stick-meta":"","header-main-stick-meta":"","header-below-stick-meta":"","astra-migrate-meta-layouts":"default","ast-page-background-enabled":"default","ast-page-background-meta":{"desktop":{"background-color":"var(--ast-global-color-4)","background-image":"","background-repeat":"repeat","background-position":"center center","background-size":"auto","background-attachment":"scroll","background-type":"","background-media":"","overlay-type":"","overlay-color":"","overlay-opacity":"","overlay-gradient":""},"tablet":{"background-color":"","background-image":"","background-repeat":"repeat","background-position":"center center","background-size":"auto","background-attachment":"scroll","background-type":"","background-media":"","overlay-type":"","overlay-color":"","overlay-opacity":"","overlay-gradient":""},"mobile":{"background-color":"","background-image":"","background-repeat":"repeat","background-position":"center center","background-size":"auto","background-attachment":"scroll","background-type":"","background-media":"","overlay-type":"","overlay-color":"","overlay-opacity":"","overlay-gradient":""}},"ast-content-background-meta":{"desktop":{"background-color":"var(--ast-global-color-5)","background-image":"","background-repeat":"repeat","background-position":"center center","background-size":"auto","background-attachment":"scroll","background-type":"","background-media":"","overlay-type":"","overlay-color":"","overlay-opacity":"","overlay-gradient":""},"tablet":{"background-color":"var(--ast-global-color-5)","background-image":"","background-repeat":"repeat","background-position":"center center","background-size":"auto","background-attachment":"scroll","background-type":"","background-media":"","overlay-type":"","overlay-color":"","overlay-opacity":"","overlay-gradient":""},"mobile":{"background-color":"var(--ast-global-color-5)","background-image":"","background-repeat":"repeat","background-position":"center center","background-size":"auto","background-attachment":"scroll","background-type":"","background-media":"","overlay-type":"","overlay-color":"","overlay-opacity":"","overlay-gradient":""}}},"product_brand":[],"product_cat":[27,56],"product_tag":[],"class_list":{"0":"post-1795","1":"product","2":"type-product","3":"status-publish","4":"has-post-thumbnail","6":"product_cat-chopperhead","7":"product_cat-styling","8":"desktop-align-left","9":"tablet-align-left","10":"mobile-align-left","12":"first","13":"instock","14":"shipping-taxable","15":"purchasable","16":"product-type-simple"},"_links":{"self":[{"href":"https:\/\/zois.al\/sq\/wp-json\/wp\/v2\/product\/1795","targetHints":{"allow":["GET"]}}],"collection":[{"href":"https:\/\/zois.al\/sq\/wp-json\/wp\/v2\/product"}],"about":[{"href":"https:\/\/zois.al\/sq\/wp-json\/wp\/v2\/types\/product"}],"replies":[{"embeddable":true,"href":"https:\/\/zois.al\/sq\/wp-json\/wp\/v2\/comments?post=1795"}],"wp:featuredmedia":[{"embeddable":true,"href":"https:\/\/zois.al\/sq\/wp-json\/wp\/v2\/media\/1796"}],"wp:attachment":[{"href":"https:\/\/zois.al\/sq\/wp-json\/wp\/v2\/media?parent=1795"}],"wp:term":[{"taxonomy":"product_brand","embeddable":true,"href":"https:\/\/zois.al\/sq\/wp-json\/wp\/v2\/product_brand?post=1795"},{"taxonomy":"product_cat","embeddable":true,"href":"https:\/\/zois.al\/sq\/wp-json\/wp\/v2\/product_cat?post=1795"},{"taxonomy":"product_tag","embeddable":true,"href":"https:\/\/zois.al\/sq\/wp-json\/wp\/v2\/product_tag?post=1795"}],"curies":[{"name":"wp","href":"https:\/\/api.w.org\/{rel}","templated":true}]}}