{"id":1800,"date":"2023-01-17T22:14:26","date_gmt":"2023-01-17T22:14:26","guid":{"rendered":"http:\/\/localhost\/zois\/?post_type=product&#038;p=1800"},"modified":"2024-12-03T19:38:55","modified_gmt":"2024-12-03T19:38:55","slug":"modeling-gel-tube-150gr","status":"publish","type":"product","link":"https:\/\/zois.al\/sq\/produkt\/modeling-gel-tube-150gr\/","title":{"rendered":"MODELING GEL TUBE"},"content":{"rendered":"<p style=\"margin: 0cm; text-align: justify; text-justify: inter-ideograph; background: white;\"><strong><span style=\"font-size: 12pt; color: #333333;\">P\u00ebrfitimet:<\/span><\/strong><\/p>\n<ul>\n<li style=\"text-align: justify; background: white;\"><span style=\"font-size: 12.0pt; color: #333333; font-weight: normal;\">Garanton koh\u00ebzgjatje t\u00eb stiimit.<\/span><\/li>\n<li style=\"text-align: justify; background: white;\"><span style=\"font-size: 12.0pt; color: #333333; font-weight: normal;\">Prodhuar me produkte natyrale p\u00ebr stilim efektiv dhe flok\u00eb t\u00eb sh\u00ebndetsh\u00ebm.<\/span><\/li>\n<\/ul>\n<p style=\"margin: 0cm; text-align: justify; text-justify: inter-ideograph; background: white;\"><span style=\"font-size: 12.0pt; color: #333333; font-weight: normal;\">Xheli i modelimit t\u00eb Chopperhead u krijua p\u00ebr stile t\u00eb v\u00ebshtira p\u00ebr t&#8217;u arritur dhe p\u00ebr t&#8217;u mbajtur paraprakisht. Xheli funksionon gjithashtu p\u00ebr t\u00eb krijuar stile voluminoze, t\u00eb larta dhe p\u00ebr t&#8217;i dh\u00ebn\u00eb pak shk\u00eblqim stilit tuaj. Formula \u00ebsht\u00eb e p\u00ebrqendruar n\u00eb vitamin\u00eb B5 dhe ekstrakte antioksidante p\u00ebr shk\u00eblqim t\u00eb shtuar dhe ekstraktet e kafes\u00eb, xhensenit dhe guaran\u00ebs ofrojn\u00eb veprim hidratues.<\/span><\/p>\n<p style=\"margin: 0cm; text-align: justify; text-justify: inter-ideograph; background: white;\"><span style=\"font-size: 12.0pt; color: #333333; font-weight: normal;\">\u00a0<\/span><\/p>\n<p style=\"margin: 0cm; text-align: justify; text-justify: inter-ideograph; background: white;\"><span style=\"font-size: 12.0pt; color: #333333; font-weight: normal;\"><strong>Aplikimi<\/strong>: P\u00ebrdorni nj\u00eb sasi t\u00eb vog\u00ebl t\u00eb xhelit modelues n\u00eb flok\u00eb t\u00eb lagur dhe p\u00ebrhapeni n\u00eb t\u00eb gjith\u00eb flok\u00ebt dhe rr\u00ebnj\u00ebt dhe m\u00eb pas stilojini.<\/span><\/p>","protected":false},"excerpt":{"rendered":"<p><strong>150 ml\u00a0<\/strong><\/p>\n<p><span style=\"font-size: 12.0pt; color: #333333; font-weight: normal;\">Xhel flok\u00ebsh p\u00ebr meshkujt q\u00eb k\u00ebrkojn\u00eb t\u00eb arrijn\u00eb stile t\u00eb v\u00ebshtira dhe voluminoze.<\/span><\/p>","protected":false},"featured_media":1777,"comment_status":"open","ping_status":"closed","template":"","meta":{"site-sidebar-layout":"default","site-content-layout":"default","ast-site-content-layout":"default","site-content-style":"default","site-sidebar-style":"default","ast-global-header-display":"","ast-banner-title-visibility":"","ast-main-header-display":"","ast-hfb-above-header-display":"","ast-hfb-below-header-display":"","ast-hfb-mobile-header-display":"","site-post-title":"","ast-breadcrumbs-content":"","ast-featured-img":"","footer-sml-layout":"","ast-disable-related-posts":"","theme-transparent-header-meta":"default","adv-header-id-meta":"","stick-header-meta":"","header-above-stick-meta":"","header-main-stick-meta":"","header-below-stick-meta":"","astra-migrate-meta-layouts":"default","ast-page-background-enabled":"default","ast-page-background-meta":{"desktop":{"background-color":"var(--ast-global-color-4)","background-image":"","background-repeat":"repeat","background-position":"center center","background-size":"auto","background-attachment":"scroll","background-type":"","background-media":"","overlay-type":"","overlay-color":"","overlay-opacity":"","overlay-gradient":""},"tablet":{"background-color":"","background-image":"","background-repeat":"repeat","background-position":"center center","background-size":"auto","background-attachment":"scroll","background-type":"","background-media":"","overlay-type":"","overlay-color":"","overlay-opacity":"","overlay-gradient":""},"mobile":{"background-color":"","background-image":"","background-repeat":"repeat","background-position":"center center","background-size":"auto","background-attachment":"scroll","background-type":"","background-media":"","overlay-type":"","overlay-color":"","overlay-opacity":"","overlay-gradient":""}},"ast-content-background-meta":{"desktop":{"background-color":"var(--ast-global-color-5)","background-image":"","background-repeat":"repeat","background-position":"center center","background-size":"auto","background-attachment":"scroll","background-type":"","background-media":"","overlay-type":"","overlay-color":"","overlay-opacity":"","overlay-gradient":""},"tablet":{"background-color":"var(--ast-global-color-5)","background-image":"","background-repeat":"repeat","background-position":"center center","background-size":"auto","background-attachment":"scroll","background-type":"","background-media":"","overlay-type":"","overlay-color":"","overlay-opacity":"","overlay-gradient":""},"mobile":{"background-color":"var(--ast-global-color-5)","background-image":"","background-repeat":"repeat","background-position":"center center","background-size":"auto","background-attachment":"scroll","background-type":"","background-media":"","overlay-type":"","overlay-color":"","overlay-opacity":"","overlay-gradient":""}}},"product_brand":[],"product_cat":[27,56],"product_tag":[],"class_list":{"0":"post-1800","1":"product","2":"type-product","3":"status-publish","4":"has-post-thumbnail","6":"product_cat-chopperhead","7":"product_cat-styling","8":"desktop-align-left","9":"tablet-align-left","10":"mobile-align-left","12":"first","13":"instock","14":"shipping-taxable","15":"purchasable","16":"product-type-simple"},"_links":{"self":[{"href":"https:\/\/zois.al\/sq\/wp-json\/wp\/v2\/product\/1800","targetHints":{"allow":["GET"]}}],"collection":[{"href":"https:\/\/zois.al\/sq\/wp-json\/wp\/v2\/product"}],"about":[{"href":"https:\/\/zois.al\/sq\/wp-json\/wp\/v2\/types\/product"}],"replies":[{"embeddable":true,"href":"https:\/\/zois.al\/sq\/wp-json\/wp\/v2\/comments?post=1800"}],"wp:featuredmedia":[{"embeddable":true,"href":"https:\/\/zois.al\/sq\/wp-json\/wp\/v2\/media\/1777"}],"wp:attachment":[{"href":"https:\/\/zois.al\/sq\/wp-json\/wp\/v2\/media?parent=1800"}],"wp:term":[{"taxonomy":"product_brand","embeddable":true,"href":"https:\/\/zois.al\/sq\/wp-json\/wp\/v2\/product_brand?post=1800"},{"taxonomy":"product_cat","embeddable":true,"href":"https:\/\/zois.al\/sq\/wp-json\/wp\/v2\/product_cat?post=1800"},{"taxonomy":"product_tag","embeddable":true,"href":"https:\/\/zois.al\/sq\/wp-json\/wp\/v2\/product_tag?post=1800"}],"curies":[{"name":"wp","href":"https:\/\/api.w.org\/{rel}","templated":true}]}}