{"id":1802,"date":"2023-01-17T22:16:31","date_gmt":"2023-01-17T22:16:31","guid":{"rendered":"http:\/\/localhost\/zois\/?post_type=product&#038;p=1802"},"modified":"2024-12-03T19:38:55","modified_gmt":"2024-12-03T19:38:55","slug":"strong-fixing-gel-tube-150gr","status":"publish","type":"product","link":"https:\/\/zois.al\/sq\/produkt\/strong-fixing-gel-tube-150gr\/","title":{"rendered":"STRONG FIXING GEL TUBE"},"content":{"rendered":"<p style=\"margin: 0cm; text-align: justify; text-justify: inter-ideograph; background: white;\"><span style=\"font-size: 12.0pt; color: #333333; font-weight: normal;\">\u00cbsht\u00eb projektuar p\u00ebr t&#8217;u p\u00ebrdorur n\u00eb gjat\u00ebsi t\u00eb shkurtra dhe i destinuar p\u00ebr n\u00eb flok\u00eb t\u00eb lagur, por \u00ebsht\u00eb i p\u00ebrshtatsh\u00ebm edhe p\u00ebr flok\u00eb t\u00eb that\u00eb. <\/span><\/p>\n<p style=\"margin: 0cm; text-align: justify; text-justify: inter-ideograph; background: white;\"><span style=\"font-size: 12.0pt; color: #333333; font-weight: normal;\">\u00a0<\/span><\/p>\n<p style=\"margin: 0cm; text-align: justify; text-justify: inter-ideograph; background: white;\"><span style=\"font-size: 12.0pt; color: #333333; font-weight: normal;\">I formuluar me vitamin\u00eb B5 p\u00ebr shk\u00eblqim t\u00eb shtuar dhe ekstrakte kafeje, xhensen dhe guarana p\u00ebr nj\u00eb veprim antioksidues dhe hidratues, ky produkt p\u00ebr kujdesin e flok\u00ebve p\u00ebr meshkuj ushqen flok\u00ebt tuaj ashtu si\u00e7 i stiloni. Ashtu si t\u00eb gjitha produktet, Strong Fixing Gel Chopperhead u frym\u00ebzua nga dhe u krijua nga artist\u00eb t\u00eb moto\u00e7iklist\u00ebve dhe tatuazheve q\u00eb k\u00ebrkonin at\u00eb stil t\u00eb mpreht\u00eb, mashkullor dhe rock-n-roll.<\/span><\/p>\n<p style=\"margin: 0cm; text-align: justify; text-justify: inter-ideograph; background: white;\"><span style=\"font-size: 12.0pt; color: #333333; font-weight: normal;\">\u00a0<\/span><\/p>\n<p style=\"margin: 0cm; text-align: justify; text-justify: inter-ideograph; background: white;\"><span style=\"font-size: 12.0pt; color: #333333; font-weight: normal;\"><strong>Aplikimi:<\/strong> Aplikoni nj\u00eb sasi t\u00eb vog\u00ebl n\u00eb flok\u00eb t\u00eb lagur ose t\u00eb that\u00eb dhe shp\u00ebrndajeni nj\u00ebtrajt\u00ebsisht para se ti stiloni.<\/span><\/p>\n<h1 style=\"margin: 0cm; text-align: justify; text-justify: inter-ideograph; background: white;\"><span style=\"font-size: 12.0pt; color: #333333;\">\u00a0<\/span><\/h1>","protected":false},"excerpt":{"rendered":"<p><strong>150 ml <\/strong><\/p>\n<p style=\"text-align: justify;\">Strong Fixing Gel i Chopperhead \u00ebsht\u00eb p\u00ebr t\u00eb krijuar nj\u00eb efekt me shk\u00eblqim dhe me q\u00ebndrueshm\u00ebri t\u00eb fort\u00eb\u00a0p\u00ebrgjat\u00eb dit\u00ebs.<\/p>","protected":false},"featured_media":1781,"comment_status":"open","ping_status":"closed","template":"","meta":{"site-sidebar-layout":"default","site-content-layout":"default","ast-site-content-layout":"default","site-content-style":"default","site-sidebar-style":"default","ast-global-header-display":"","ast-banner-title-visibility":"","ast-main-header-display":"","ast-hfb-above-header-display":"","ast-hfb-below-header-display":"","ast-hfb-mobile-header-display":"","site-post-title":"","ast-breadcrumbs-content":"","ast-featured-img":"","footer-sml-layout":"","ast-disable-related-posts":"","theme-transparent-header-meta":"default","adv-header-id-meta":"","stick-header-meta":"","header-above-stick-meta":"","header-main-stick-meta":"","header-below-stick-meta":"","astra-migrate-meta-layouts":"default","ast-page-background-enabled":"default","ast-page-background-meta":{"desktop":{"background-color":"var(--ast-global-color-4)","background-image":"","background-repeat":"repeat","background-position":"center center","background-size":"auto","background-attachment":"scroll","background-type":"","background-media":"","overlay-type":"","overlay-color":"","overlay-opacity":"","overlay-gradient":""},"tablet":{"background-color":"","background-image":"","background-repeat":"repeat","background-position":"center center","background-size":"auto","background-attachment":"scroll","background-type":"","background-media":"","overlay-type":"","overlay-color":"","overlay-opacity":"","overlay-gradient":""},"mobile":{"background-color":"","background-image":"","background-repeat":"repeat","background-position":"center center","background-size":"auto","background-attachment":"scroll","background-type":"","background-media":"","overlay-type":"","overlay-color":"","overlay-opacity":"","overlay-gradient":""}},"ast-content-background-meta":{"desktop":{"background-color":"var(--ast-global-color-5)","background-image":"","background-repeat":"repeat","background-position":"center center","background-size":"auto","background-attachment":"scroll","background-type":"","background-media":"","overlay-type":"","overlay-color":"","overlay-opacity":"","overlay-gradient":""},"tablet":{"background-color":"var(--ast-global-color-5)","background-image":"","background-repeat":"repeat","background-position":"center center","background-size":"auto","background-attachment":"scroll","background-type":"","background-media":"","overlay-type":"","overlay-color":"","overlay-opacity":"","overlay-gradient":""},"mobile":{"background-color":"var(--ast-global-color-5)","background-image":"","background-repeat":"repeat","background-position":"center center","background-size":"auto","background-attachment":"scroll","background-type":"","background-media":"","overlay-type":"","overlay-color":"","overlay-opacity":"","overlay-gradient":""}}},"product_brand":[],"product_cat":[27,56],"product_tag":[],"class_list":{"0":"post-1802","1":"product","2":"type-product","3":"status-publish","4":"has-post-thumbnail","6":"product_cat-chopperhead","7":"product_cat-styling","8":"desktop-align-left","9":"tablet-align-left","10":"mobile-align-left","12":"first","13":"instock","14":"shipping-taxable","15":"purchasable","16":"product-type-simple"},"_links":{"self":[{"href":"https:\/\/zois.al\/sq\/wp-json\/wp\/v2\/product\/1802","targetHints":{"allow":["GET"]}}],"collection":[{"href":"https:\/\/zois.al\/sq\/wp-json\/wp\/v2\/product"}],"about":[{"href":"https:\/\/zois.al\/sq\/wp-json\/wp\/v2\/types\/product"}],"replies":[{"embeddable":true,"href":"https:\/\/zois.al\/sq\/wp-json\/wp\/v2\/comments?post=1802"}],"wp:featuredmedia":[{"embeddable":true,"href":"https:\/\/zois.al\/sq\/wp-json\/wp\/v2\/media\/1781"}],"wp:attachment":[{"href":"https:\/\/zois.al\/sq\/wp-json\/wp\/v2\/media?parent=1802"}],"wp:term":[{"taxonomy":"product_brand","embeddable":true,"href":"https:\/\/zois.al\/sq\/wp-json\/wp\/v2\/product_brand?post=1802"},{"taxonomy":"product_cat","embeddable":true,"href":"https:\/\/zois.al\/sq\/wp-json\/wp\/v2\/product_cat?post=1802"},{"taxonomy":"product_tag","embeddable":true,"href":"https:\/\/zois.al\/sq\/wp-json\/wp\/v2\/product_tag?post=1802"}],"curies":[{"name":"wp","href":"https:\/\/api.w.org\/{rel}","templated":true}]}}