{"id":1813,"date":"2023-01-17T22:37:22","date_gmt":"2023-01-17T22:37:22","guid":{"rendered":"http:\/\/localhost\/zois\/?post_type=product&#038;p=1813"},"modified":"2024-12-03T19:38:55","modified_gmt":"2024-12-03T19:38:55","slug":"shaving-oil-50ml","status":"publish","type":"product","link":"https:\/\/zois.al\/sq\/produkt\/shaving-oil-50ml\/","title":{"rendered":"SHAVING OIL"},"content":{"rendered":"<p><strong>P\u00ebrfitimet:<\/strong><\/p>\n<p>Ky vaj p\u00ebrgatit, mbron dhe hidraton l\u00ebkur\u00ebn tuaj para \u00e7do process rruajtjeje, n\u00eb m\u00ebnyr\u00eb q\u00eb t\u00eb keni l\u00ebkur\u00eb t\u00eb hidratuar. \u00cbsht\u00eb i formuluar posa\u00e7\u00ebrisht p\u00ebr t&#8217;u p\u00ebrdorur p\u00ebrpara se t\u00eb aplikoni kremin p\u00ebr rruajtje pasi do t\u00eb lejoj\u00eb q\u00eb tehu t\u00eb rr\u00ebshqas\u00eb m\u00eb leht\u00eb. \u00cbsht\u00eb nj\u00eb kompleks jo i yndyrsh\u00ebm i vajrave t\u00eb lajthis\u00eb, lulediellit dhe baobabit, duke siguruar hidratim optimal t\u00eb l\u00ebkur\u00ebs. P\u00ebrb\u00ebr\u00ebs t\u00eb till\u00eb si ekstraktet e kafes\u00eb, xhensenit dhe guaran\u00ebs rigjenerojn\u00eb thell\u00ebsisht dhe ushqejn\u00eb l\u00ebkur\u00ebn.<\/p>\n<p><strong>Aplikimi:<\/strong> Lagni mjekr\u00ebn me uj\u00eb t\u00eb ngroht\u00eb. Vendosni disa pika vaji n\u00eb p\u00ebll\u00ebmb\u00ebn e duarve p\u00ebr ta ngrohur dhe m\u00eb pas aplikojeni n\u00eb t\u00eb gjith\u00eb mjekr\u00ebn. M\u00eb pas aplikoni kremin e \u200b\u200brrojes.<\/p>","protected":false},"excerpt":{"rendered":"<p><strong>50 ml<\/strong><\/p>\n<p>Shaving Oil (jo i yndyrsh\u00ebm) i Chopperhead do ta mbaj\u00eb l\u00ebkur\u00ebn tuaj t\u00eb hidratuar dhe t\u00eb ushqyer para procesit t\u00eb rruajtes.<\/p>","protected":false},"featured_media":1780,"comment_status":"open","ping_status":"closed","template":"","meta":{"site-sidebar-layout":"default","site-content-layout":"default","ast-site-content-layout":"default","site-content-style":"default","site-sidebar-style":"default","ast-global-header-display":"","ast-banner-title-visibility":"","ast-main-header-display":"","ast-hfb-above-header-display":"","ast-hfb-below-header-display":"","ast-hfb-mobile-header-display":"","site-post-title":"","ast-breadcrumbs-content":"","ast-featured-img":"","footer-sml-layout":"","ast-disable-related-posts":"","theme-transparent-header-meta":"default","adv-header-id-meta":"","stick-header-meta":"","header-above-stick-meta":"","header-main-stick-meta":"","header-below-stick-meta":"","astra-migrate-meta-layouts":"default","ast-page-background-enabled":"default","ast-page-background-meta":{"desktop":{"background-color":"var(--ast-global-color-4)","background-image":"","background-repeat":"repeat","background-position":"center center","background-size":"auto","background-attachment":"scroll","background-type":"","background-media":"","overlay-type":"","overlay-color":"","overlay-opacity":"","overlay-gradient":""},"tablet":{"background-color":"","background-image":"","background-repeat":"repeat","background-position":"center center","background-size":"auto","background-attachment":"scroll","background-type":"","background-media":"","overlay-type":"","overlay-color":"","overlay-opacity":"","overlay-gradient":""},"mobile":{"background-color":"","background-image":"","background-repeat":"repeat","background-position":"center center","background-size":"auto","background-attachment":"scroll","background-type":"","background-media":"","overlay-type":"","overlay-color":"","overlay-opacity":"","overlay-gradient":""}},"ast-content-background-meta":{"desktop":{"background-color":"var(--ast-global-color-5)","background-image":"","background-repeat":"repeat","background-position":"center center","background-size":"auto","background-attachment":"scroll","background-type":"","background-media":"","overlay-type":"","overlay-color":"","overlay-opacity":"","overlay-gradient":""},"tablet":{"background-color":"var(--ast-global-color-5)","background-image":"","background-repeat":"repeat","background-position":"center center","background-size":"auto","background-attachment":"scroll","background-type":"","background-media":"","overlay-type":"","overlay-color":"","overlay-opacity":"","overlay-gradient":""},"mobile":{"background-color":"var(--ast-global-color-5)","background-image":"","background-repeat":"repeat","background-position":"center center","background-size":"auto","background-attachment":"scroll","background-type":"","background-media":"","overlay-type":"","overlay-color":"","overlay-opacity":"","overlay-gradient":""}}},"product_brand":[],"product_cat":[51,27],"product_tag":[],"class_list":{"0":"post-1813","1":"product","2":"type-product","3":"status-publish","4":"has-post-thumbnail","6":"product_cat-before-shaving","7":"product_cat-chopperhead","8":"desktop-align-left","9":"tablet-align-left","10":"mobile-align-left","12":"first","13":"instock","14":"shipping-taxable","15":"purchasable","16":"product-type-simple"},"_links":{"self":[{"href":"https:\/\/zois.al\/sq\/wp-json\/wp\/v2\/product\/1813","targetHints":{"allow":["GET"]}}],"collection":[{"href":"https:\/\/zois.al\/sq\/wp-json\/wp\/v2\/product"}],"about":[{"href":"https:\/\/zois.al\/sq\/wp-json\/wp\/v2\/types\/product"}],"replies":[{"embeddable":true,"href":"https:\/\/zois.al\/sq\/wp-json\/wp\/v2\/comments?post=1813"}],"wp:featuredmedia":[{"embeddable":true,"href":"https:\/\/zois.al\/sq\/wp-json\/wp\/v2\/media\/1780"}],"wp:attachment":[{"href":"https:\/\/zois.al\/sq\/wp-json\/wp\/v2\/media?parent=1813"}],"wp:term":[{"taxonomy":"product_brand","embeddable":true,"href":"https:\/\/zois.al\/sq\/wp-json\/wp\/v2\/product_brand?post=1813"},{"taxonomy":"product_cat","embeddable":true,"href":"https:\/\/zois.al\/sq\/wp-json\/wp\/v2\/product_cat?post=1813"},{"taxonomy":"product_tag","embeddable":true,"href":"https:\/\/zois.al\/sq\/wp-json\/wp\/v2\/product_tag?post=1813"}],"curies":[{"name":"wp","href":"https:\/\/api.w.org\/{rel}","templated":true}]}}