{"id":1814,"date":"2023-01-17T22:40:16","date_gmt":"2023-01-17T22:40:16","guid":{"rendered":"http:\/\/localhost\/zois\/?post_type=product&#038;p=1814"},"modified":"2024-12-03T19:38:55","modified_gmt":"2024-12-03T19:38:55","slug":"shaving-cream-150ml","status":"publish","type":"product","link":"https:\/\/zois.al\/sq\/produkt\/shaving-cream-150ml\/","title":{"rendered":"SHAVING CREAM"},"content":{"rendered":"<p><strong>P\u00ebrfitimet:<\/strong><\/p>\n<p>Kremi i Chopperhead \u00ebsht\u00eb krijuar p\u00ebr t\u00eb siguruar l\u00ebkur\u00eb t\u00eb but\u00eb, t\u00eb hidratuar dhe t\u00eb mbrojtur. Kremi dhe locioni jan\u00eb formuluar posa\u00e7\u00ebrisht p\u00ebr t\u00eb dh\u00ebn\u00eb hidratim maksimal. Formula e Chopperhead \u00ebsht\u00eb e p\u00ebrqendruar n\u00eb vitamin\u00ebn E p\u00ebr t\u00eb p\u00ebrmir\u00ebsuar elasticitetin dhe but\u00ebsin\u00eb e l\u00ebkur\u00ebs. Ekstraktet e kafes\u00eb, xhensenit dhe guaran\u00ebs rigjenerojn\u00eb thell\u00ebsisht dhe ushqejn\u00eb l\u00ebkur\u00ebn. Ashtu si t\u00eb gjitha produktet e Chooperhead t\u00eb kujdesit p\u00ebr meshkuj, kremi i rroj\u00ebs Chopperhead \u00ebsht\u00eb krijuar p\u00ebr meshkujt q\u00eb p\u00ebrqafojn\u00eb bukurin\u00eb e tyre natyrale dhe stilin mashkullor. Linja e produkteve t\u00eb Chopperhead \u00ebsht\u00eb e frym\u00ebzuar nga \u00e7iklist\u00ebt, artist\u00ebt e tatuazheve, stilist\u00ebt kampion\u00eb t\u00eb flok\u00ebve dhe artist\u00ebt n\u00eb internet.<\/p>\n<p><strong>Aplikimi:<\/strong> Aplikojeni me ose pa fur\u00e7\u00eb rroje pas vajit t\u00eb rruajtjes. Vazhdoni procesin si zakonisht.<\/p>","protected":false},"excerpt":{"rendered":"<p><strong>150 ml<\/strong><\/p>\n<p>Krem rroje i Chopperhead i cili ju ofron nj\u00eb proces rruajtje t\u00eb but\u00eb me p\u00ebrfitime maksimale.<\/p>","protected":false},"featured_media":1779,"comment_status":"open","ping_status":"closed","template":"","meta":{"site-sidebar-layout":"default","site-content-layout":"default","ast-site-content-layout":"default","site-content-style":"default","site-sidebar-style":"default","ast-global-header-display":"","ast-banner-title-visibility":"","ast-main-header-display":"","ast-hfb-above-header-display":"","ast-hfb-below-header-display":"","ast-hfb-mobile-header-display":"","site-post-title":"","ast-breadcrumbs-content":"","ast-featured-img":"","footer-sml-layout":"","ast-disable-related-posts":"","theme-transparent-header-meta":"default","adv-header-id-meta":"","stick-header-meta":"","header-above-stick-meta":"","header-main-stick-meta":"","header-below-stick-meta":"","astra-migrate-meta-layouts":"default","ast-page-background-enabled":"default","ast-page-background-meta":{"desktop":{"background-color":"var(--ast-global-color-4)","background-image":"","background-repeat":"repeat","background-position":"center center","background-size":"auto","background-attachment":"scroll","background-type":"","background-media":"","overlay-type":"","overlay-color":"","overlay-opacity":"","overlay-gradient":""},"tablet":{"background-color":"","background-image":"","background-repeat":"repeat","background-position":"center center","background-size":"auto","background-attachment":"scroll","background-type":"","background-media":"","overlay-type":"","overlay-color":"","overlay-opacity":"","overlay-gradient":""},"mobile":{"background-color":"","background-image":"","background-repeat":"repeat","background-position":"center center","background-size":"auto","background-attachment":"scroll","background-type":"","background-media":"","overlay-type":"","overlay-color":"","overlay-opacity":"","overlay-gradient":""}},"ast-content-background-meta":{"desktop":{"background-color":"var(--ast-global-color-5)","background-image":"","background-repeat":"repeat","background-position":"center center","background-size":"auto","background-attachment":"scroll","background-type":"","background-media":"","overlay-type":"","overlay-color":"","overlay-opacity":"","overlay-gradient":""},"tablet":{"background-color":"var(--ast-global-color-5)","background-image":"","background-repeat":"repeat","background-position":"center center","background-size":"auto","background-attachment":"scroll","background-type":"","background-media":"","overlay-type":"","overlay-color":"","overlay-opacity":"","overlay-gradient":""},"mobile":{"background-color":"var(--ast-global-color-5)","background-image":"","background-repeat":"repeat","background-position":"center center","background-size":"auto","background-attachment":"scroll","background-type":"","background-media":"","overlay-type":"","overlay-color":"","overlay-opacity":"","overlay-gradient":""}}},"product_brand":[],"product_cat":[27,52],"product_tag":[],"class_list":{"0":"post-1814","1":"product","2":"type-product","3":"status-publish","4":"has-post-thumbnail","6":"product_cat-chopperhead","7":"product_cat-shaving","8":"desktop-align-left","9":"tablet-align-left","10":"mobile-align-left","12":"first","13":"instock","14":"shipping-taxable","15":"purchasable","16":"product-type-simple"},"_links":{"self":[{"href":"https:\/\/zois.al\/sq\/wp-json\/wp\/v2\/product\/1814","targetHints":{"allow":["GET"]}}],"collection":[{"href":"https:\/\/zois.al\/sq\/wp-json\/wp\/v2\/product"}],"about":[{"href":"https:\/\/zois.al\/sq\/wp-json\/wp\/v2\/types\/product"}],"replies":[{"embeddable":true,"href":"https:\/\/zois.al\/sq\/wp-json\/wp\/v2\/comments?post=1814"}],"wp:featuredmedia":[{"embeddable":true,"href":"https:\/\/zois.al\/sq\/wp-json\/wp\/v2\/media\/1779"}],"wp:attachment":[{"href":"https:\/\/zois.al\/sq\/wp-json\/wp\/v2\/media?parent=1814"}],"wp:term":[{"taxonomy":"product_brand","embeddable":true,"href":"https:\/\/zois.al\/sq\/wp-json\/wp\/v2\/product_brand?post=1814"},{"taxonomy":"product_cat","embeddable":true,"href":"https:\/\/zois.al\/sq\/wp-json\/wp\/v2\/product_cat?post=1814"},{"taxonomy":"product_tag","embeddable":true,"href":"https:\/\/zois.al\/sq\/wp-json\/wp\/v2\/product_tag?post=1814"}],"curies":[{"name":"wp","href":"https:\/\/api.w.org\/{rel}","templated":true}]}}