{"id":1815,"date":"2023-01-17T22:43:28","date_gmt":"2023-01-17T22:43:28","guid":{"rendered":"http:\/\/localhost\/zois\/?post_type=product&#038;p=1815"},"modified":"2024-12-03T19:38:55","modified_gmt":"2024-12-03T19:38:55","slug":"precision-shaving-gel-200ml","status":"publish","type":"product","link":"https:\/\/zois.al\/sq\/produkt\/precision-shaving-gel-200ml\/","title":{"rendered":"PRECISION SHAVING GEL"},"content":{"rendered":"<p><strong>P\u00ebrfitimet:<\/strong><\/p>\n<p>Formula ofron nj\u00eb efekt t\u00eb menj\u00ebhersh\u00ebm ushqyes dhe qet\u00ebsues p\u00ebr nj\u00eb rruajtje pa acarim.<\/p>\n<p>Xheli i ri i rroj\u00ebs Precision i Chopperhead \u00ebsht\u00eb projektuar posa\u00e7\u00ebrisht p\u00ebr nj\u00eb proces rruajtje t\u00eb past\u00ebr. Jy xhel \u00ebsht\u00eb i p\u00ebrsosur p\u00ebr t\u00eb p\u00ebrfunduar prekjet n\u00eb qaf\u00eb, bordet, konturet dhe pjes\u00ebt e forta. Struktura e tij e qart\u00eb siguron shikueshm\u00ebri t\u00eb p\u00ebrsosur n\u00eb m\u00ebnyr\u00eb q\u00eb tehu t\u00eb mund t\u00eb rr\u00ebshqas\u00eb leht\u00ebsisht.<\/p>\n<p><strong>Aplikimi:<\/strong> Lagni l\u00ebkur\u00ebn, m\u00eb pas p\u00ebrdorni gishtat p\u00ebr t\u00eb aplikuar xhelin n\u00eb m\u00ebnyr\u00eb t\u00eb barabart\u00eb n\u00eb zon\u00ebn q\u00eb do t\u00eb rruheni. N\u00eb fund shp\u00eblajeni l\u00ebkur\u00ebn tuaj.<\/p>","protected":false},"excerpt":{"rendered":"<p><strong>200 ml<\/strong><\/p>\n<p>Xheli p\u00ebr rruajtje precize i Chopperhead do ta b\u00ebj\u00eb procesin m\u00eb t\u00eb leht\u00eb nd\u00ebrsa hidraton l\u00ebkur\u00ebn tuaj.<\/p>","protected":false},"featured_media":1778,"comment_status":"open","ping_status":"closed","template":"","meta":{"site-sidebar-layout":"default","site-content-layout":"default","ast-site-content-layout":"default","site-content-style":"default","site-sidebar-style":"default","ast-global-header-display":"","ast-banner-title-visibility":"","ast-main-header-display":"","ast-hfb-above-header-display":"","ast-hfb-below-header-display":"","ast-hfb-mobile-header-display":"","site-post-title":"","ast-breadcrumbs-content":"","ast-featured-img":"","footer-sml-layout":"","ast-disable-related-posts":"","theme-transparent-header-meta":"default","adv-header-id-meta":"","stick-header-meta":"","header-above-stick-meta":"","header-main-stick-meta":"","header-below-stick-meta":"","astra-migrate-meta-layouts":"default","ast-page-background-enabled":"default","ast-page-background-meta":{"desktop":{"background-color":"var(--ast-global-color-4)","background-image":"","background-repeat":"repeat","background-position":"center center","background-size":"auto","background-attachment":"scroll","background-type":"","background-media":"","overlay-type":"","overlay-color":"","overlay-opacity":"","overlay-gradient":""},"tablet":{"background-color":"","background-image":"","background-repeat":"repeat","background-position":"center center","background-size":"auto","background-attachment":"scroll","background-type":"","background-media":"","overlay-type":"","overlay-color":"","overlay-opacity":"","overlay-gradient":""},"mobile":{"background-color":"","background-image":"","background-repeat":"repeat","background-position":"center center","background-size":"auto","background-attachment":"scroll","background-type":"","background-media":"","overlay-type":"","overlay-color":"","overlay-opacity":"","overlay-gradient":""}},"ast-content-background-meta":{"desktop":{"background-color":"var(--ast-global-color-5)","background-image":"","background-repeat":"repeat","background-position":"center center","background-size":"auto","background-attachment":"scroll","background-type":"","background-media":"","overlay-type":"","overlay-color":"","overlay-opacity":"","overlay-gradient":""},"tablet":{"background-color":"var(--ast-global-color-5)","background-image":"","background-repeat":"repeat","background-position":"center center","background-size":"auto","background-attachment":"scroll","background-type":"","background-media":"","overlay-type":"","overlay-color":"","overlay-opacity":"","overlay-gradient":""},"mobile":{"background-color":"var(--ast-global-color-5)","background-image":"","background-repeat":"repeat","background-position":"center center","background-size":"auto","background-attachment":"scroll","background-type":"","background-media":"","overlay-type":"","overlay-color":"","overlay-opacity":"","overlay-gradient":""}}},"product_brand":[],"product_cat":[52],"product_tag":[],"class_list":{"0":"post-1815","1":"product","2":"type-product","3":"status-publish","4":"has-post-thumbnail","6":"product_cat-shaving","7":"desktop-align-left","8":"tablet-align-left","9":"mobile-align-left","11":"first","12":"instock","13":"shipping-taxable","14":"purchasable","15":"product-type-simple"},"_links":{"self":[{"href":"https:\/\/zois.al\/sq\/wp-json\/wp\/v2\/product\/1815","targetHints":{"allow":["GET"]}}],"collection":[{"href":"https:\/\/zois.al\/sq\/wp-json\/wp\/v2\/product"}],"about":[{"href":"https:\/\/zois.al\/sq\/wp-json\/wp\/v2\/types\/product"}],"replies":[{"embeddable":true,"href":"https:\/\/zois.al\/sq\/wp-json\/wp\/v2\/comments?post=1815"}],"wp:featuredmedia":[{"embeddable":true,"href":"https:\/\/zois.al\/sq\/wp-json\/wp\/v2\/media\/1778"}],"wp:attachment":[{"href":"https:\/\/zois.al\/sq\/wp-json\/wp\/v2\/media?parent=1815"}],"wp:term":[{"taxonomy":"product_brand","embeddable":true,"href":"https:\/\/zois.al\/sq\/wp-json\/wp\/v2\/product_brand?post=1815"},{"taxonomy":"product_cat","embeddable":true,"href":"https:\/\/zois.al\/sq\/wp-json\/wp\/v2\/product_cat?post=1815"},{"taxonomy":"product_tag","embeddable":true,"href":"https:\/\/zois.al\/sq\/wp-json\/wp\/v2\/product_tag?post=1815"}],"curies":[{"name":"wp","href":"https:\/\/api.w.org\/{rel}","templated":true}]}}