{"id":1818,"date":"2023-01-17T22:52:40","date_gmt":"2023-01-17T22:52:40","guid":{"rendered":"http:\/\/localhost\/zois\/?post_type=product&#038;p=1818"},"modified":"2024-12-03T19:38:55","modified_gmt":"2024-12-03T19:38:55","slug":"hair-beard-shampoo-1000ml","status":"publish","type":"product","link":"https:\/\/zois.al\/sq\/produkt\/hair-beard-shampoo-1000ml\/","title":{"rendered":"HAIR &#038; BEARD SHAMPOO"},"content":{"rendered":"<p><strong><span style=\"font-size: 12pt; color: #333333;\">P\u00ebrfitimet: <\/span><\/strong><\/p>\n<p><span style=\"font-size: 12.0pt; color: #333333; font-weight: normal;\">Ky produkt nga Chopperhead \u00ebsht\u00eb formuluar posa\u00e7\u00ebrisht p\u00ebr t\u00eb hequr papast\u00ebrtit\u00eb nga flok\u00ebt, mjekra dhe skalpi juaj. \u00cbsht\u00eb qet\u00ebsuese dhe ushqyese dhe \u00ebsht\u00eb projektuar p\u00ebr t\u00eb luftuar irritimin dhe skuqjen, si dhe zbokthin dhe kruajtjen. P\u00ebrb\u00ebr\u00ebsit e koncentruar t\u00eb till\u00eb si ekstraktet e kafes\u00eb, xhensenit dhe guaran\u00ebs ofrojn\u00eb p\u00ebrfitime antioksiduese dhe veprim ushqyes q\u00eb skalpi, flok\u00ebt dhe mjekra juaj t\u00eb mbeten t\u00eb sh\u00ebndetsh\u00ebm. P\u00ebrqafoni stilin tuaj mashkullor dhe p\u00ebrdorni nj\u00eb shampo p\u00ebr flok\u00eb dhe mjek\u00ebr t\u00eb formuluar p\u00ebr t\u00eb p\u00ebrmir\u00ebsuar bukurin\u00eb dhe stilin tuaj.<\/span><\/p>\n<p><span style=\"font-size: 12.0pt; color: #333333; font-weight: normal;\"><strong>Aplikimi:<\/strong> Masazhojeni n\u00eb l\u00ebkur\u00ebn e kok\u00ebs, n\u00eb flok\u00eb dhe mjek\u00ebr dhe m\u00eb pas shp\u00eblajeni me uj\u00eb t\u00eb bollsh\u00ebm.<\/span><\/p>\n<h1 style=\"margin: 0cm; text-align: justify; text-justify: inter-ideograph; background: white;\"><span style=\"font-size: 12.0pt; color: #333333; font-weight: normal;\">\u00a0<\/span><\/h1>","protected":false},"excerpt":{"rendered":"<p><strong>1000 ml\u00a0<\/strong><\/p>\n<p><span style=\"font-size: 12.0pt; color: #333333; font-weight: normal;\">Lufton irritimin, skuqjen, zbokthin dhe largon papast\u00ebrtit\u00eb nga skalpi, flok\u00ebt dhe mjekra.<\/span><\/p>","protected":false},"featured_media":1819,"comment_status":"open","ping_status":"closed","template":"","meta":{"site-sidebar-layout":"default","site-content-layout":"default","ast-site-content-layout":"default","site-content-style":"default","site-sidebar-style":"default","ast-global-header-display":"","ast-banner-title-visibility":"","ast-main-header-display":"","ast-hfb-above-header-display":"","ast-hfb-below-header-display":"","ast-hfb-mobile-header-display":"","site-post-title":"","ast-breadcrumbs-content":"","ast-featured-img":"","footer-sml-layout":"","ast-disable-related-posts":"","theme-transparent-header-meta":"default","adv-header-id-meta":"","stick-header-meta":"","header-above-stick-meta":"","header-main-stick-meta":"","header-below-stick-meta":"","astra-migrate-meta-layouts":"default","ast-page-background-enabled":"default","ast-page-background-meta":{"desktop":{"background-color":"var(--ast-global-color-4)","background-image":"","background-repeat":"repeat","background-position":"center center","background-size":"auto","background-attachment":"scroll","background-type":"","background-media":"","overlay-type":"","overlay-color":"","overlay-opacity":"","overlay-gradient":""},"tablet":{"background-color":"","background-image":"","background-repeat":"repeat","background-position":"center center","background-size":"auto","background-attachment":"scroll","background-type":"","background-media":"","overlay-type":"","overlay-color":"","overlay-opacity":"","overlay-gradient":""},"mobile":{"background-color":"","background-image":"","background-repeat":"repeat","background-position":"center center","background-size":"auto","background-attachment":"scroll","background-type":"","background-media":"","overlay-type":"","overlay-color":"","overlay-opacity":"","overlay-gradient":""}},"ast-content-background-meta":{"desktop":{"background-color":"var(--ast-global-color-5)","background-image":"","background-repeat":"repeat","background-position":"center center","background-size":"auto","background-attachment":"scroll","background-type":"","background-media":"","overlay-type":"","overlay-color":"","overlay-opacity":"","overlay-gradient":""},"tablet":{"background-color":"var(--ast-global-color-5)","background-image":"","background-repeat":"repeat","background-position":"center center","background-size":"auto","background-attachment":"scroll","background-type":"","background-media":"","overlay-type":"","overlay-color":"","overlay-opacity":"","overlay-gradient":""},"mobile":{"background-color":"var(--ast-global-color-5)","background-image":"","background-repeat":"repeat","background-position":"center center","background-size":"auto","background-attachment":"scroll","background-type":"","background-media":"","overlay-type":"","overlay-color":"","overlay-opacity":"","overlay-gradient":""}}},"product_brand":[],"product_cat":[27,55],"product_tag":[],"class_list":{"0":"post-1818","1":"product","2":"type-product","3":"status-publish","4":"has-post-thumbnail","6":"product_cat-chopperhead","7":"product_cat-hair-beard-care","8":"desktop-align-left","9":"tablet-align-left","10":"mobile-align-left","12":"first","13":"instock","14":"shipping-taxable","15":"purchasable","16":"product-type-simple"},"_links":{"self":[{"href":"https:\/\/zois.al\/sq\/wp-json\/wp\/v2\/product\/1818","targetHints":{"allow":["GET"]}}],"collection":[{"href":"https:\/\/zois.al\/sq\/wp-json\/wp\/v2\/product"}],"about":[{"href":"https:\/\/zois.al\/sq\/wp-json\/wp\/v2\/types\/product"}],"replies":[{"embeddable":true,"href":"https:\/\/zois.al\/sq\/wp-json\/wp\/v2\/comments?post=1818"}],"wp:featuredmedia":[{"embeddable":true,"href":"https:\/\/zois.al\/sq\/wp-json\/wp\/v2\/media\/1819"}],"wp:attachment":[{"href":"https:\/\/zois.al\/sq\/wp-json\/wp\/v2\/media?parent=1818"}],"wp:term":[{"taxonomy":"product_brand","embeddable":true,"href":"https:\/\/zois.al\/sq\/wp-json\/wp\/v2\/product_brand?post=1818"},{"taxonomy":"product_cat","embeddable":true,"href":"https:\/\/zois.al\/sq\/wp-json\/wp\/v2\/product_cat?post=1818"},{"taxonomy":"product_tag","embeddable":true,"href":"https:\/\/zois.al\/sq\/wp-json\/wp\/v2\/product_tag?post=1818"}],"curies":[{"name":"wp","href":"https:\/\/api.w.org\/{rel}","templated":true}]}}