{"id":1820,"date":"2023-01-17T22:57:47","date_gmt":"2023-01-17T22:57:47","guid":{"rendered":"http:\/\/localhost\/zois\/?post_type=product&#038;p=1820"},"modified":"2024-12-03T19:38:55","modified_gmt":"2024-12-03T19:38:55","slug":"leave-in-beard-oil-50ml","status":"publish","type":"product","link":"https:\/\/zois.al\/sq\/produkt\/leave-in-beard-oil-50ml\/","title":{"rendered":"LEAVE-IN BEARD OIL (50ml)"},"content":{"rendered":"<p style=\"margin: 0cm; text-align: justify; text-justify: inter-ideograph; background: white;\"><strong><span style=\"font-size: 12pt; color: #333333;\">P\u00ebrfitimet:<\/span><\/strong><\/p>\n<ul>\n<li style=\"text-align: justify; background: white;\"><span style=\"font-size: 12.0pt; color: #333333; font-weight: normal;\">Ushqen mjekr\u00ebn me vaj premium jo t\u00eb yndyrsh\u00ebm <\/span><\/li>\n<li style=\"text-align: justify; background: white;\"><span style=\"font-size: 12.0pt; color: #333333; font-weight: normal;\">Krijuar me produkte natyrale p\u00ebr nj\u00eb mjek\u00ebr t\u00eb but\u00eb dhe t\u00eb sh\u00ebndetshme.<\/span><\/li>\n<\/ul>\n<p style=\"margin: 0cm; text-align: justify; text-justify: inter-ideograph; background: white;\"><span style=\"font-size: 12.0pt; color: #333333; font-weight: normal;\">Chopperhead&#8217;s Leave in Beard Oil \u00ebsht\u00eb nj\u00eb vaj p\u00ebr hidratimin dhe zbutjen e mjekr\u00ebs tuaj. I l\u00eb qimet e fytyr\u00ebs t\u00eb buta dhe t\u00eb hidratuara fal\u00eb kompleksit t\u00eb tij jo t\u00eb yndyrsh\u00ebm. Vaji p\u00ebrmban ekstrakte kafeje, xhensen dhe guarana p\u00ebr t\u00eb ushqyer thell\u00ebsisht dhe n\u00eb m\u00ebnyr\u00eb efektive mjekr\u00ebn tuaj. <\/span><\/p>\n<p style=\"margin: 0cm; text-align: justify; text-justify: inter-ideograph; background: white;\">\n<p style=\"margin: 0cm; text-align: justify; text-justify: inter-ideograph; background: white;\"><span style=\"font-size: 12.0pt; color: #333333; font-weight: normal;\"><strong>Aplikimi:<\/strong> Vendosni nj\u00eb sasi t\u00eb vog\u00ebl n\u00eb p\u00ebll\u00ebmb\u00ebn e duarve dhe m\u00eb pas aplikojeni n\u00eb mjek\u00ebr.<\/span><\/p>\n<p style=\"margin: 0cm; text-align: justify; text-justify: inter-ideograph; background: white;\"><span style=\"font-size: 12.0pt; color: #333333; font-weight: normal;\">\u00a0<\/span><\/p>\n<p style=\"margin: 0cm; text-align: justify; text-justify: inter-ideograph; background: white;\"><span style=\"font-size: 12.0pt; color: #333333; font-weight: normal;\">\u00a0<\/span><\/p>","protected":false},"excerpt":{"rendered":"<h1 style=\"margin: 0cm; text-align: justify; text-justify: inter-ideograph; background: white;\"><span style=\"font-size: 12.0pt; color: #333333;\">50 ml<\/span><\/h1>\n<h1 style=\"margin: 0cm; text-align: justify; text-justify: inter-ideograph; background: white;\"><span style=\"font-size: 12.0pt; color: #333333; font-weight: normal;\">P\u00ebrdorni edhe ju vajin e mjekr\u00ebs t\u00eb preferuar nga \u00e7iklist\u00ebt, artist\u00ebt e tatuazheve dhe stilist\u00ebt kampion\u00eb t\u00eb flok\u00ebve.<\/span><\/h1>","protected":false},"featured_media":1823,"comment_status":"open","ping_status":"closed","template":"","meta":{"site-sidebar-layout":"default","site-content-layout":"default","ast-site-content-layout":"default","site-content-style":"default","site-sidebar-style":"default","ast-global-header-display":"","ast-banner-title-visibility":"","ast-main-header-display":"","ast-hfb-above-header-display":"","ast-hfb-below-header-display":"","ast-hfb-mobile-header-display":"","site-post-title":"","ast-breadcrumbs-content":"","ast-featured-img":"","footer-sml-layout":"","ast-disable-related-posts":"","theme-transparent-header-meta":"default","adv-header-id-meta":"","stick-header-meta":"","header-above-stick-meta":"","header-main-stick-meta":"","header-below-stick-meta":"","astra-migrate-meta-layouts":"default","ast-page-background-enabled":"default","ast-page-background-meta":{"desktop":{"background-color":"var(--ast-global-color-4)","background-image":"","background-repeat":"repeat","background-position":"center center","background-size":"auto","background-attachment":"scroll","background-type":"","background-media":"","overlay-type":"","overlay-color":"","overlay-opacity":"","overlay-gradient":""},"tablet":{"background-color":"","background-image":"","background-repeat":"repeat","background-position":"center center","background-size":"auto","background-attachment":"scroll","background-type":"","background-media":"","overlay-type":"","overlay-color":"","overlay-opacity":"","overlay-gradient":""},"mobile":{"background-color":"","background-image":"","background-repeat":"repeat","background-position":"center center","background-size":"auto","background-attachment":"scroll","background-type":"","background-media":"","overlay-type":"","overlay-color":"","overlay-opacity":"","overlay-gradient":""}},"ast-content-background-meta":{"desktop":{"background-color":"var(--ast-global-color-5)","background-image":"","background-repeat":"repeat","background-position":"center center","background-size":"auto","background-attachment":"scroll","background-type":"","background-media":"","overlay-type":"","overlay-color":"","overlay-opacity":"","overlay-gradient":""},"tablet":{"background-color":"var(--ast-global-color-5)","background-image":"","background-repeat":"repeat","background-position":"center center","background-size":"auto","background-attachment":"scroll","background-type":"","background-media":"","overlay-type":"","overlay-color":"","overlay-opacity":"","overlay-gradient":""},"mobile":{"background-color":"var(--ast-global-color-5)","background-image":"","background-repeat":"repeat","background-position":"center center","background-size":"auto","background-attachment":"scroll","background-type":"","background-media":"","overlay-type":"","overlay-color":"","overlay-opacity":"","overlay-gradient":""}}},"product_brand":[],"product_cat":[54,27],"product_tag":[],"class_list":{"0":"post-1820","1":"product","2":"type-product","3":"status-publish","4":"has-post-thumbnail","6":"product_cat-beard-care","7":"product_cat-chopperhead","8":"desktop-align-left","9":"tablet-align-left","10":"mobile-align-left","12":"first","13":"instock","14":"shipping-taxable","15":"purchasable","16":"product-type-simple"},"_links":{"self":[{"href":"https:\/\/zois.al\/sq\/wp-json\/wp\/v2\/product\/1820","targetHints":{"allow":["GET"]}}],"collection":[{"href":"https:\/\/zois.al\/sq\/wp-json\/wp\/v2\/product"}],"about":[{"href":"https:\/\/zois.al\/sq\/wp-json\/wp\/v2\/types\/product"}],"replies":[{"embeddable":true,"href":"https:\/\/zois.al\/sq\/wp-json\/wp\/v2\/comments?post=1820"}],"wp:featuredmedia":[{"embeddable":true,"href":"https:\/\/zois.al\/sq\/wp-json\/wp\/v2\/media\/1823"}],"wp:attachment":[{"href":"https:\/\/zois.al\/sq\/wp-json\/wp\/v2\/media?parent=1820"}],"wp:term":[{"taxonomy":"product_brand","embeddable":true,"href":"https:\/\/zois.al\/sq\/wp-json\/wp\/v2\/product_brand?post=1820"},{"taxonomy":"product_cat","embeddable":true,"href":"https:\/\/zois.al\/sq\/wp-json\/wp\/v2\/product_cat?post=1820"},{"taxonomy":"product_tag","embeddable":true,"href":"https:\/\/zois.al\/sq\/wp-json\/wp\/v2\/product_tag?post=1820"}],"curies":[{"name":"wp","href":"https:\/\/api.w.org\/{rel}","templated":true}]}}