{"id":1897,"date":"2023-01-19T20:49:55","date_gmt":"2023-01-19T20:49:55","guid":{"rendered":"http:\/\/localhost\/zois\/?post_type=product&#038;p=1897"},"modified":"2024-12-03T19:38:55","modified_gmt":"2024-12-03T19:38:55","slug":"b3-color-care-condicioner","status":"publish","type":"product","link":"https:\/\/zois.al\/sq\/produkt\/b3-color-care-condicioner\/","title":{"rendered":"B3 Color Care Conditioner"},"content":{"rendered":"<p><strong>P\u00ebrfitimet:<\/strong><\/p>\n<ul>\n<li>Hidraton flokun<\/li>\n<li>Ruan ngjyr\u00ebn e flokut<\/li>\n<li>Ndihmon n\u00eb parandalimin e k\u00ebputjes s\u00eb flokut<\/li>\n<li>Mbron nga oksidimi UVA\/UVB<\/li>\n<li>Pa silikon<\/li>\n<\/ul>\n<p><strong>P\u00ebrdorimi:<\/strong><\/p>\n<p style=\"text-align: justify;\">P\u00ebr rezultate optimale: Pas larjes me shampon b3 Color Care, aplikoni nj\u00eb sasi t\u00eb konsiderueshme t\u00eb balsamit n\u00eb t\u00eb gjith\u00eb flokun. L\u00ebreni t\u00eb veproj\u00eb n\u00eb flok\u00eb p\u00ebr nj\u00eb ose dy minuta dhe shp\u00eblajeni mir\u00eb.<\/p>","protected":false},"excerpt":{"rendered":"<p><strong>350 ml<\/strong><\/p>\n<p>Formul\u00eb ultra-hidratuese q\u00eb p\u00ebrdor teknologjin\u00eb e avancuar t\u00eb nd\u00ebrtimit t\u00eb flok\u00ebve p\u00ebr t\u00eb parandaluar d\u00ebmtimin e tyre dhe p\u00ebr t\u00eb ruajtur gjall\u00ebrin\u00eb e ngjyr\u00ebs.<\/p>","protected":false},"featured_media":1895,"comment_status":"open","ping_status":"closed","template":"","meta":{"site-sidebar-layout":"default","site-content-layout":"default","ast-site-content-layout":"default","site-content-style":"default","site-sidebar-style":"default","ast-global-header-display":"","ast-banner-title-visibility":"","ast-main-header-display":"","ast-hfb-above-header-display":"","ast-hfb-below-header-display":"","ast-hfb-mobile-header-display":"","site-post-title":"","ast-breadcrumbs-content":"","ast-featured-img":"","footer-sml-layout":"","ast-disable-related-posts":"","theme-transparent-header-meta":"default","adv-header-id-meta":"","stick-header-meta":"","header-above-stick-meta":"","header-main-stick-meta":"","header-below-stick-meta":"","astra-migrate-meta-layouts":"default","ast-page-background-enabled":"default","ast-page-background-meta":{"desktop":{"background-color":"var(--ast-global-color-4)","background-image":"","background-repeat":"repeat","background-position":"center center","background-size":"auto","background-attachment":"scroll","background-type":"","background-media":"","overlay-type":"","overlay-color":"","overlay-opacity":"","overlay-gradient":""},"tablet":{"background-color":"","background-image":"","background-repeat":"repeat","background-position":"center center","background-size":"auto","background-attachment":"scroll","background-type":"","background-media":"","overlay-type":"","overlay-color":"","overlay-opacity":"","overlay-gradient":""},"mobile":{"background-color":"","background-image":"","background-repeat":"repeat","background-position":"center center","background-size":"auto","background-attachment":"scroll","background-type":"","background-media":"","overlay-type":"","overlay-color":"","overlay-opacity":"","overlay-gradient":""}},"ast-content-background-meta":{"desktop":{"background-color":"var(--ast-global-color-5)","background-image":"","background-repeat":"repeat","background-position":"center center","background-size":"auto","background-attachment":"scroll","background-type":"","background-media":"","overlay-type":"","overlay-color":"","overlay-opacity":"","overlay-gradient":""},"tablet":{"background-color":"var(--ast-global-color-5)","background-image":"","background-repeat":"repeat","background-position":"center center","background-size":"auto","background-attachment":"scroll","background-type":"","background-media":"","overlay-type":"","overlay-color":"","overlay-opacity":"","overlay-gradient":""},"mobile":{"background-color":"var(--ast-global-color-5)","background-image":"","background-repeat":"repeat","background-position":"center center","background-size":"auto","background-attachment":"scroll","background-type":"","background-media":"","overlay-type":"","overlay-color":"","overlay-opacity":"","overlay-gradient":""}}},"product_brand":[],"product_cat":[26],"product_tag":[],"class_list":{"0":"post-1897","1":"product","2":"type-product","3":"status-publish","4":"has-post-thumbnail","6":"product_cat-brazilian-bondbuild3r","7":"desktop-align-left","8":"tablet-align-left","9":"mobile-align-left","11":"first","12":"instock","13":"shipping-taxable","14":"purchasable","15":"product-type-simple"},"_links":{"self":[{"href":"https:\/\/zois.al\/sq\/wp-json\/wp\/v2\/product\/1897","targetHints":{"allow":["GET"]}}],"collection":[{"href":"https:\/\/zois.al\/sq\/wp-json\/wp\/v2\/product"}],"about":[{"href":"https:\/\/zois.al\/sq\/wp-json\/wp\/v2\/types\/product"}],"replies":[{"embeddable":true,"href":"https:\/\/zois.al\/sq\/wp-json\/wp\/v2\/comments?post=1897"}],"wp:featuredmedia":[{"embeddable":true,"href":"https:\/\/zois.al\/sq\/wp-json\/wp\/v2\/media\/1895"}],"wp:attachment":[{"href":"https:\/\/zois.al\/sq\/wp-json\/wp\/v2\/media?parent=1897"}],"wp:term":[{"taxonomy":"product_brand","embeddable":true,"href":"https:\/\/zois.al\/sq\/wp-json\/wp\/v2\/product_brand?post=1897"},{"taxonomy":"product_cat","embeddable":true,"href":"https:\/\/zois.al\/sq\/wp-json\/wp\/v2\/product_cat?post=1897"},{"taxonomy":"product_tag","embeddable":true,"href":"https:\/\/zois.al\/sq\/wp-json\/wp\/v2\/product_tag?post=1897"}],"curies":[{"name":"wp","href":"https:\/\/api.w.org\/{rel}","templated":true}]}}