{"id":1898,"date":"2023-01-19T20:54:01","date_gmt":"2023-01-19T20:54:01","guid":{"rendered":"http:\/\/localhost\/zois\/?post_type=product&#038;p=1898"},"modified":"2024-12-03T19:38:55","modified_gmt":"2024-12-03T19:38:55","slug":"b3-color-protect-treatment","status":"publish","type":"product","link":"https:\/\/zois.al\/sq\/produkt\/b3-color-protect-treatment\/","title":{"rendered":"B3 Color Protect Treatment"},"content":{"rendered":"<p style=\"text-align: left;\"><strong>P\u00ebrfitimet:<\/strong><\/p>\n<ul style=\"text-align: left;\">\n<li>Mbron flok\u00ebt tuaj nga k\u00ebputja<\/li>\n<li>Ndihmon n\u00eb forcimin e flok\u00ebve<\/li>\n<li>Ofron hidratim intensiv<\/li>\n<li>Parandalon zbehjen e ngjyr\u00ebs pas boj\u00ebs<\/li>\n<\/ul>\n<p style=\"text-align: left;\"><strong>P\u00ebrdorimi:<\/strong><\/p>\n<p style=\"text-align: justify;\">Pas larjes me shampo, aplikoni nj\u00eb sasi t\u00eb konsiderueshme t\u00eb produktit duke nisur nga rr\u00ebnj\u00ebt deri te majat. L\u00ebreni t\u00eb veproj\u00eb p\u00ebr 5-10 minuta dhe m\u00eb pas shp\u00eblajeni mir\u00eb. P\u00ebrdoreni t\u00eb pakt\u00ebn dy her\u00eb n\u00eb jav\u00eb.<\/p>","protected":false},"excerpt":{"rendered":"<p><strong>180 ml<\/strong><\/p>\n<p>Trajtimi riparues javor forcon shpejt flok\u00ebt tuaj duke reduktuar d\u00ebmtimin, zgjatur ruajtjen e ngjyr\u00ebs dhe duke rikthyer but\u00ebsin\u00eb.<\/p>\n<p>&nbsp;<\/p>","protected":false},"featured_media":1885,"comment_status":"open","ping_status":"closed","template":"","meta":{"site-sidebar-layout":"default","site-content-layout":"default","ast-site-content-layout":"default","site-content-style":"default","site-sidebar-style":"default","ast-global-header-display":"","ast-banner-title-visibility":"","ast-main-header-display":"","ast-hfb-above-header-display":"","ast-hfb-below-header-display":"","ast-hfb-mobile-header-display":"","site-post-title":"","ast-breadcrumbs-content":"","ast-featured-img":"","footer-sml-layout":"","ast-disable-related-posts":"","theme-transparent-header-meta":"default","adv-header-id-meta":"","stick-header-meta":"","header-above-stick-meta":"","header-main-stick-meta":"","header-below-stick-meta":"","astra-migrate-meta-layouts":"default","ast-page-background-enabled":"default","ast-page-background-meta":{"desktop":{"background-color":"var(--ast-global-color-4)","background-image":"","background-repeat":"repeat","background-position":"center center","background-size":"auto","background-attachment":"scroll","background-type":"","background-media":"","overlay-type":"","overlay-color":"","overlay-opacity":"","overlay-gradient":""},"tablet":{"background-color":"","background-image":"","background-repeat":"repeat","background-position":"center center","background-size":"auto","background-attachment":"scroll","background-type":"","background-media":"","overlay-type":"","overlay-color":"","overlay-opacity":"","overlay-gradient":""},"mobile":{"background-color":"","background-image":"","background-repeat":"repeat","background-position":"center center","background-size":"auto","background-attachment":"scroll","background-type":"","background-media":"","overlay-type":"","overlay-color":"","overlay-opacity":"","overlay-gradient":""}},"ast-content-background-meta":{"desktop":{"background-color":"var(--ast-global-color-5)","background-image":"","background-repeat":"repeat","background-position":"center center","background-size":"auto","background-attachment":"scroll","background-type":"","background-media":"","overlay-type":"","overlay-color":"","overlay-opacity":"","overlay-gradient":""},"tablet":{"background-color":"var(--ast-global-color-5)","background-image":"","background-repeat":"repeat","background-position":"center center","background-size":"auto","background-attachment":"scroll","background-type":"","background-media":"","overlay-type":"","overlay-color":"","overlay-opacity":"","overlay-gradient":""},"mobile":{"background-color":"var(--ast-global-color-5)","background-image":"","background-repeat":"repeat","background-position":"center center","background-size":"auto","background-attachment":"scroll","background-type":"","background-media":"","overlay-type":"","overlay-color":"","overlay-opacity":"","overlay-gradient":""}}},"product_brand":[],"product_cat":[26],"product_tag":[],"class_list":{"0":"post-1898","1":"product","2":"type-product","3":"status-publish","4":"has-post-thumbnail","6":"product_cat-brazilian-bondbuild3r","7":"desktop-align-left","8":"tablet-align-left","9":"mobile-align-left","11":"first","12":"instock","13":"shipping-taxable","14":"purchasable","15":"product-type-simple"},"_links":{"self":[{"href":"https:\/\/zois.al\/sq\/wp-json\/wp\/v2\/product\/1898","targetHints":{"allow":["GET"]}}],"collection":[{"href":"https:\/\/zois.al\/sq\/wp-json\/wp\/v2\/product"}],"about":[{"href":"https:\/\/zois.al\/sq\/wp-json\/wp\/v2\/types\/product"}],"replies":[{"embeddable":true,"href":"https:\/\/zois.al\/sq\/wp-json\/wp\/v2\/comments?post=1898"}],"wp:featuredmedia":[{"embeddable":true,"href":"https:\/\/zois.al\/sq\/wp-json\/wp\/v2\/media\/1885"}],"wp:attachment":[{"href":"https:\/\/zois.al\/sq\/wp-json\/wp\/v2\/media?parent=1898"}],"wp:term":[{"taxonomy":"product_brand","embeddable":true,"href":"https:\/\/zois.al\/sq\/wp-json\/wp\/v2\/product_brand?post=1898"},{"taxonomy":"product_cat","embeddable":true,"href":"https:\/\/zois.al\/sq\/wp-json\/wp\/v2\/product_cat?post=1898"},{"taxonomy":"product_tag","embeddable":true,"href":"https:\/\/zois.al\/sq\/wp-json\/wp\/v2\/product_tag?post=1898"}],"curies":[{"name":"wp","href":"https:\/\/api.w.org\/{rel}","templated":true}]}}