{"id":1899,"date":"2023-01-19T20:56:11","date_gmt":"2023-01-19T20:56:11","guid":{"rendered":"http:\/\/localhost\/zois\/?post_type=product&#038;p=1899"},"modified":"2024-12-03T19:38:55","modified_gmt":"2024-12-03T19:38:55","slug":"ionic-color-lock-bonding-spray","status":"publish","type":"product","link":"https:\/\/zois.al\/sq\/produkt\/ionic-color-lock-bonding-spray\/","title":{"rendered":"Ionic Color Lock Bonding Spray"},"content":{"rendered":"<p><strong>P\u00ebrfitimet:<\/strong><\/p>\n<ul>\n<li>Stabilizon molekulat e ngjyrave<\/li>\n<li>Parandalon ndryshimin e pigmentit<\/li>\n<li>Kund\u00ebrvepron me zbehjen UV<\/li>\n<li>Mbron kund\u00ebr transferimit t\u00eb ngjyrave n\u00eb p\u00eblhura<\/li>\n<li>Largon papast\u00ebrtit\u00eb<\/li>\n<li>Redukton koh\u00ebn e stilimit<\/li>\n<li>Nuk e ndryshon ngjyr\u00ebn<\/li>\n<li>Pa silikon<\/li>\n<\/ul>\n<p>P\u00ebr rezultate optimale p\u00ebr profesionist\u00ebt n\u00eb sallon dhe p\u00ebr klient\u00ebt n\u00eb sht\u00ebpi, ju lutemi shikoni udh\u00ebzimet m\u00eb posht\u00eb.<\/p>\n<p><strong>P\u00ebrdorimi: <\/strong><\/p>\n<p>P\u00ebrdorimi individual: Tundeni shishen dhe m\u00eb pas aplikoni bujarisht produktin n\u00eb gjith\u00eb gjat\u00ebsin\u00eb pas larjes. Krihni flok\u00ebt nga rr\u00ebnja n\u00eb maj\u00eb dhe m\u00eb pas stilojini sipas d\u00ebshir\u00ebs.<\/p>\n<p>P\u00ebrdorimi profesional: Tundeni shishen dhe m\u00eb pas aplikoni bujarisht n\u00eb t\u00eb gjith\u00eb flok\u00ebt pas \u00e7do sh\u00ebrbimi t\u00eb lyerjes me boj\u00eb. Krihni flok\u00ebt nga rr\u00ebnja n\u00eb maj\u00eb dhe m\u00eb pas stilojini sipas d\u00ebshir\u00ebs.<\/p>","protected":false},"excerpt":{"rendered":"<p><strong>140 ml<\/strong><\/p>\n<p style=\"text-align: justify;\">Ky produkt \u00ebsht\u00eb prezantim i sistemit profesional mbrojt\u00ebs q\u00eb p\u00ebrdor nd\u00ebrtimin e lidhjeve t\u00eb reja + teknologjin\u00eb jonike p\u00ebr t\u00eb ndihmuar n\u00eb ruajtjen e gjall\u00ebris\u00eb s\u00eb ngjyr\u00ebs pas lyerjes.<\/p>\n<p><strong>\u00a0<\/strong><\/p>","protected":false},"featured_media":1890,"comment_status":"open","ping_status":"closed","template":"","meta":{"site-sidebar-layout":"default","site-content-layout":"default","ast-site-content-layout":"default","site-content-style":"default","site-sidebar-style":"default","ast-global-header-display":"","ast-banner-title-visibility":"","ast-main-header-display":"","ast-hfb-above-header-display":"","ast-hfb-below-header-display":"","ast-hfb-mobile-header-display":"","site-post-title":"","ast-breadcrumbs-content":"","ast-featured-img":"","footer-sml-layout":"","ast-disable-related-posts":"","theme-transparent-header-meta":"default","adv-header-id-meta":"","stick-header-meta":"","header-above-stick-meta":"","header-main-stick-meta":"","header-below-stick-meta":"","astra-migrate-meta-layouts":"default","ast-page-background-enabled":"default","ast-page-background-meta":{"desktop":{"background-color":"var(--ast-global-color-4)","background-image":"","background-repeat":"repeat","background-position":"center center","background-size":"auto","background-attachment":"scroll","background-type":"","background-media":"","overlay-type":"","overlay-color":"","overlay-opacity":"","overlay-gradient":""},"tablet":{"background-color":"","background-image":"","background-repeat":"repeat","background-position":"center center","background-size":"auto","background-attachment":"scroll","background-type":"","background-media":"","overlay-type":"","overlay-color":"","overlay-opacity":"","overlay-gradient":""},"mobile":{"background-color":"","background-image":"","background-repeat":"repeat","background-position":"center center","background-size":"auto","background-attachment":"scroll","background-type":"","background-media":"","overlay-type":"","overlay-color":"","overlay-opacity":"","overlay-gradient":""}},"ast-content-background-meta":{"desktop":{"background-color":"var(--ast-global-color-5)","background-image":"","background-repeat":"repeat","background-position":"center center","background-size":"auto","background-attachment":"scroll","background-type":"","background-media":"","overlay-type":"","overlay-color":"","overlay-opacity":"","overlay-gradient":""},"tablet":{"background-color":"var(--ast-global-color-5)","background-image":"","background-repeat":"repeat","background-position":"center center","background-size":"auto","background-attachment":"scroll","background-type":"","background-media":"","overlay-type":"","overlay-color":"","overlay-opacity":"","overlay-gradient":""},"mobile":{"background-color":"var(--ast-global-color-5)","background-image":"","background-repeat":"repeat","background-position":"center center","background-size":"auto","background-attachment":"scroll","background-type":"","background-media":"","overlay-type":"","overlay-color":"","overlay-opacity":"","overlay-gradient":""}}},"product_brand":[],"product_cat":[26],"product_tag":[],"class_list":{"0":"post-1899","1":"product","2":"type-product","3":"status-publish","4":"has-post-thumbnail","6":"product_cat-brazilian-bondbuild3r","7":"desktop-align-left","8":"tablet-align-left","9":"mobile-align-left","11":"first","12":"instock","13":"shipping-taxable","14":"purchasable","15":"product-type-simple"},"_links":{"self":[{"href":"https:\/\/zois.al\/sq\/wp-json\/wp\/v2\/product\/1899","targetHints":{"allow":["GET"]}}],"collection":[{"href":"https:\/\/zois.al\/sq\/wp-json\/wp\/v2\/product"}],"about":[{"href":"https:\/\/zois.al\/sq\/wp-json\/wp\/v2\/types\/product"}],"replies":[{"embeddable":true,"href":"https:\/\/zois.al\/sq\/wp-json\/wp\/v2\/comments?post=1899"}],"wp:featuredmedia":[{"embeddable":true,"href":"https:\/\/zois.al\/sq\/wp-json\/wp\/v2\/media\/1890"}],"wp:attachment":[{"href":"https:\/\/zois.al\/sq\/wp-json\/wp\/v2\/media?parent=1899"}],"wp:term":[{"taxonomy":"product_brand","embeddable":true,"href":"https:\/\/zois.al\/sq\/wp-json\/wp\/v2\/product_brand?post=1899"},{"taxonomy":"product_cat","embeddable":true,"href":"https:\/\/zois.al\/sq\/wp-json\/wp\/v2\/product_cat?post=1899"},{"taxonomy":"product_tag","embeddable":true,"href":"https:\/\/zois.al\/sq\/wp-json\/wp\/v2\/product_tag?post=1899"}],"curies":[{"name":"wp","href":"https:\/\/api.w.org\/{rel}","templated":true}]}}