{"id":1901,"date":"2023-01-19T20:59:07","date_gmt":"2023-01-19T20:59:07","guid":{"rendered":"http:\/\/localhost\/zois\/?post_type=product&#038;p=1901"},"modified":"2024-12-03T19:38:54","modified_gmt":"2024-12-03T19:38:54","slug":"ext-repair-condicioner","status":"publish","type":"product","link":"https:\/\/zois.al\/sq\/produkt\/ext-repair-condicioner\/","title":{"rendered":"Extension Repair Conditioner"},"content":{"rendered":"<p><strong>P\u00ebrfitimet:<\/strong><\/p>\n<ul>\n<li>Zb\u00ebrthehet dhe rimbushet<\/li>\n<li>Nuk ndikon tek lidhjet ose ngjit\u00ebsit e extensions<\/li>\n<li>Ndihmon n\u00eb parandalimin e thyerjes n\u00eb pikat ngjit\u00ebse<\/li>\n<li>Parandalon grumbullimin e papast\u00ebrtive n\u00eb kap\u00ebset\/ngjit\u00ebsit e extensions<\/li>\n<li>Mbron kund\u00ebr zbehjes s\u00eb ngjyr\u00ebs<\/li>\n<li>Pa silikon<\/li>\n<\/ul>\n<p><strong>P\u00ebrdorimi:<\/strong><\/p>\n<p>P\u00ebr rezultate optimale pas larjes me shampon riparuese b3 Extension, aplikoni nj\u00eb sasi t\u00eb madhe t\u00eb balsamit b3 Extension Repair n\u00eb t\u00eb gjith\u00eb flokun. L\u00ebreni t\u00eb veproj\u00eb p\u00ebr 2 deri n\u00eb 3 minuta dhe shp\u00eblajeni t\u00ebr\u00ebsisht. P\u00ebr flok\u00eb jasht\u00ebzakonisht t\u00eb that\u00eb dhe t\u00eb d\u00ebmtuar, l\u00ebreni p\u00ebr 10 minuta p\u00ebr t\u00eb rivendosur hidratimin n\u00eb flok\u00eb dhe \u00a0m\u00eb pas shp\u00eblajeni t\u00ebr\u00ebsisht.<\/p>\n<p>&nbsp;<\/p>","protected":false},"excerpt":{"rendered":"<p><strong>350 ml\u00a0<\/strong><\/p>\n<p style=\"text-align: justify;\">Trajtim multi-aktiv i cili riparon shenjat e d\u00ebmtimit t\u00eb flok\u00ebve natyral\u00eb dhe extensions dhe ndihmon n\u00eb mbajtjen e \u00a0flokut t\u00eb sh\u00ebndetsh\u00ebm. Gjithashtu ndikon n\u00eb zgjatjen e jet\u00ebgjat\u00ebsis\u00eb s\u00eb extensions.<\/p>\n<p>&nbsp;<\/p>","protected":false},"featured_media":1888,"comment_status":"open","ping_status":"closed","template":"","meta":{"site-sidebar-layout":"default","site-content-layout":"default","ast-site-content-layout":"default","site-content-style":"default","site-sidebar-style":"default","ast-global-header-display":"","ast-banner-title-visibility":"","ast-main-header-display":"","ast-hfb-above-header-display":"","ast-hfb-below-header-display":"","ast-hfb-mobile-header-display":"","site-post-title":"","ast-breadcrumbs-content":"","ast-featured-img":"","footer-sml-layout":"","ast-disable-related-posts":"","theme-transparent-header-meta":"default","adv-header-id-meta":"","stick-header-meta":"","header-above-stick-meta":"","header-main-stick-meta":"","header-below-stick-meta":"","astra-migrate-meta-layouts":"default","ast-page-background-enabled":"default","ast-page-background-meta":{"desktop":{"background-color":"var(--ast-global-color-4)","background-image":"","background-repeat":"repeat","background-position":"center center","background-size":"auto","background-attachment":"scroll","background-type":"","background-media":"","overlay-type":"","overlay-color":"","overlay-opacity":"","overlay-gradient":""},"tablet":{"background-color":"","background-image":"","background-repeat":"repeat","background-position":"center center","background-size":"auto","background-attachment":"scroll","background-type":"","background-media":"","overlay-type":"","overlay-color":"","overlay-opacity":"","overlay-gradient":""},"mobile":{"background-color":"","background-image":"","background-repeat":"repeat","background-position":"center center","background-size":"auto","background-attachment":"scroll","background-type":"","background-media":"","overlay-type":"","overlay-color":"","overlay-opacity":"","overlay-gradient":""}},"ast-content-background-meta":{"desktop":{"background-color":"var(--ast-global-color-5)","background-image":"","background-repeat":"repeat","background-position":"center center","background-size":"auto","background-attachment":"scroll","background-type":"","background-media":"","overlay-type":"","overlay-color":"","overlay-opacity":"","overlay-gradient":""},"tablet":{"background-color":"var(--ast-global-color-5)","background-image":"","background-repeat":"repeat","background-position":"center center","background-size":"auto","background-attachment":"scroll","background-type":"","background-media":"","overlay-type":"","overlay-color":"","overlay-opacity":"","overlay-gradient":""},"mobile":{"background-color":"var(--ast-global-color-5)","background-image":"","background-repeat":"repeat","background-position":"center center","background-size":"auto","background-attachment":"scroll","background-type":"","background-media":"","overlay-type":"","overlay-color":"","overlay-opacity":"","overlay-gradient":""}}},"product_brand":[],"product_cat":[26],"product_tag":[],"class_list":{"0":"post-1901","1":"product","2":"type-product","3":"status-publish","4":"has-post-thumbnail","6":"product_cat-brazilian-bondbuild3r","7":"desktop-align-left","8":"tablet-align-left","9":"mobile-align-left","11":"first","12":"instock","13":"shipping-taxable","14":"purchasable","15":"product-type-simple"},"_links":{"self":[{"href":"https:\/\/zois.al\/sq\/wp-json\/wp\/v2\/product\/1901","targetHints":{"allow":["GET"]}}],"collection":[{"href":"https:\/\/zois.al\/sq\/wp-json\/wp\/v2\/product"}],"about":[{"href":"https:\/\/zois.al\/sq\/wp-json\/wp\/v2\/types\/product"}],"replies":[{"embeddable":true,"href":"https:\/\/zois.al\/sq\/wp-json\/wp\/v2\/comments?post=1901"}],"wp:featuredmedia":[{"embeddable":true,"href":"https:\/\/zois.al\/sq\/wp-json\/wp\/v2\/media\/1888"}],"wp:attachment":[{"href":"https:\/\/zois.al\/sq\/wp-json\/wp\/v2\/media?parent=1901"}],"wp:term":[{"taxonomy":"product_brand","embeddable":true,"href":"https:\/\/zois.al\/sq\/wp-json\/wp\/v2\/product_brand?post=1901"},{"taxonomy":"product_cat","embeddable":true,"href":"https:\/\/zois.al\/sq\/wp-json\/wp\/v2\/product_cat?post=1901"},{"taxonomy":"product_tag","embeddable":true,"href":"https:\/\/zois.al\/sq\/wp-json\/wp\/v2\/product_tag?post=1901"}],"curies":[{"name":"wp","href":"https:\/\/api.w.org\/{rel}","templated":true}]}}