{"id":1902,"date":"2023-01-19T21:01:37","date_gmt":"2023-01-19T21:01:37","guid":{"rendered":"http:\/\/localhost\/zois\/?post_type=product&#038;p=1902"},"modified":"2024-12-03T19:38:54","modified_gmt":"2024-12-03T19:38:54","slug":"ionic-extension-refresh","status":"publish","type":"product","link":"https:\/\/zois.al\/sq\/produkt\/ionic-extension-refresh\/","title":{"rendered":"Ionic Extension Refresh"},"content":{"rendered":"<p><strong>P\u00ebrfitimet:<\/strong><\/p>\n<ul>\n<li>Riparon d\u00ebmtimet, zgjidh nyjet, mbyll kutikulat<\/li>\n<li>Nuk ngjit, nuk r\u00ebndon, nuk yndyros<\/li>\n<li>Mbron ngiyr\u00ebn nga shkarkimi<\/li>\n<li>Shkurton koh\u00ebn e tharjes<\/li>\n<li>Mbron pik\u00ebn ngjit\u00ebse<\/li>\n<li>Pa silikon<\/li>\n<\/ul>\n<p>Produkt pa shp\u00eblarje<\/p>\n<p><strong>P\u00ebrdorimi: <\/strong><\/p>\n<p>Tundeni mir\u00eb para p\u00ebrdorimit, aplikojeni n\u00eb t\u00eb gjith\u00eb gjat\u00ebsin\u00eb dhe krihni flok\u00ebt p\u00ebr p\u00ebrhapje m\u00eb t\u00eb mir\u00eb t\u00eb produktit. Stiloni\/thajini si zakonisht.<\/p>","protected":false},"excerpt":{"rendered":"<p><strong>140 ml<\/strong><\/p>\n<p style=\"text-align: justify;\">Formuluar p\u00ebr t\u00eb nj\u00ebtrajt\u00ebsuar pamjen e flok\u00ebve extension me ato natyral\u00eb duke ofruar nj\u00ebkoh\u00ebsisht mbrojtje maksimale ndaj mjeteve t\u00eb stilimit.<\/p>","protected":false},"featured_media":1892,"comment_status":"open","ping_status":"closed","template":"","meta":{"site-sidebar-layout":"default","site-content-layout":"default","ast-site-content-layout":"default","site-content-style":"default","site-sidebar-style":"default","ast-global-header-display":"","ast-banner-title-visibility":"","ast-main-header-display":"","ast-hfb-above-header-display":"","ast-hfb-below-header-display":"","ast-hfb-mobile-header-display":"","site-post-title":"","ast-breadcrumbs-content":"","ast-featured-img":"","footer-sml-layout":"","ast-disable-related-posts":"","theme-transparent-header-meta":"default","adv-header-id-meta":"","stick-header-meta":"","header-above-stick-meta":"","header-main-stick-meta":"","header-below-stick-meta":"","astra-migrate-meta-layouts":"default","ast-page-background-enabled":"default","ast-page-background-meta":{"desktop":{"background-color":"var(--ast-global-color-4)","background-image":"","background-repeat":"repeat","background-position":"center center","background-size":"auto","background-attachment":"scroll","background-type":"","background-media":"","overlay-type":"","overlay-color":"","overlay-opacity":"","overlay-gradient":""},"tablet":{"background-color":"","background-image":"","background-repeat":"repeat","background-position":"center center","background-size":"auto","background-attachment":"scroll","background-type":"","background-media":"","overlay-type":"","overlay-color":"","overlay-opacity":"","overlay-gradient":""},"mobile":{"background-color":"","background-image":"","background-repeat":"repeat","background-position":"center center","background-size":"auto","background-attachment":"scroll","background-type":"","background-media":"","overlay-type":"","overlay-color":"","overlay-opacity":"","overlay-gradient":""}},"ast-content-background-meta":{"desktop":{"background-color":"var(--ast-global-color-5)","background-image":"","background-repeat":"repeat","background-position":"center center","background-size":"auto","background-attachment":"scroll","background-type":"","background-media":"","overlay-type":"","overlay-color":"","overlay-opacity":"","overlay-gradient":""},"tablet":{"background-color":"var(--ast-global-color-5)","background-image":"","background-repeat":"repeat","background-position":"center center","background-size":"auto","background-attachment":"scroll","background-type":"","background-media":"","overlay-type":"","overlay-color":"","overlay-opacity":"","overlay-gradient":""},"mobile":{"background-color":"var(--ast-global-color-5)","background-image":"","background-repeat":"repeat","background-position":"center center","background-size":"auto","background-attachment":"scroll","background-type":"","background-media":"","overlay-type":"","overlay-color":"","overlay-opacity":"","overlay-gradient":""}}},"product_brand":[],"product_cat":[26],"product_tag":[],"class_list":{"0":"post-1902","1":"product","2":"type-product","3":"status-publish","4":"has-post-thumbnail","6":"product_cat-brazilian-bondbuild3r","7":"desktop-align-left","8":"tablet-align-left","9":"mobile-align-left","11":"first","12":"instock","13":"shipping-taxable","14":"purchasable","15":"product-type-simple"},"_links":{"self":[{"href":"https:\/\/zois.al\/sq\/wp-json\/wp\/v2\/product\/1902","targetHints":{"allow":["GET"]}}],"collection":[{"href":"https:\/\/zois.al\/sq\/wp-json\/wp\/v2\/product"}],"about":[{"href":"https:\/\/zois.al\/sq\/wp-json\/wp\/v2\/types\/product"}],"replies":[{"embeddable":true,"href":"https:\/\/zois.al\/sq\/wp-json\/wp\/v2\/comments?post=1902"}],"wp:featuredmedia":[{"embeddable":true,"href":"https:\/\/zois.al\/sq\/wp-json\/wp\/v2\/media\/1892"}],"wp:attachment":[{"href":"https:\/\/zois.al\/sq\/wp-json\/wp\/v2\/media?parent=1902"}],"wp:term":[{"taxonomy":"product_brand","embeddable":true,"href":"https:\/\/zois.al\/sq\/wp-json\/wp\/v2\/product_brand?post=1902"},{"taxonomy":"product_cat","embeddable":true,"href":"https:\/\/zois.al\/sq\/wp-json\/wp\/v2\/product_cat?post=1902"},{"taxonomy":"product_tag","embeddable":true,"href":"https:\/\/zois.al\/sq\/wp-json\/wp\/v2\/product_tag?post=1902"}],"curies":[{"name":"wp","href":"https:\/\/api.w.org\/{rel}","templated":true}]}}