{"id":1965,"date":"2023-01-19T22:30:13","date_gmt":"2023-01-19T22:30:13","guid":{"rendered":"http:\/\/localhost\/zois\/?post_type=product&#038;p=1965"},"modified":"2024-12-03T19:38:54","modified_gmt":"2024-12-03T19:38:54","slug":"follicle-activ-lotion","status":"publish","type":"product","link":"https:\/\/zois.al\/sq\/produkt\/follicle-activ-lotion\/","title":{"rendered":"FOLLICLE ACTIV LOTION"},"content":{"rendered":"<p>&#8211; Linja e kujdesit ditor &#8211;<\/p>\n<p><strong>84% p\u00ebrb\u00ebr\u00ebs me origjin\u00eb natyrale<\/strong><\/p>\n<p><strong>P\u00ebrfitimet:<\/strong><\/p>\n<ul>\n<li>Kujdes intensiv kund\u00ebr r\u00ebnies s\u00eb flok\u00ebve<\/li>\n<li>Rrit ankorimin e flok\u00ebve dhe stimulon rritjen e tyre<\/li>\n<\/ul>\n<p style=\"text-align: left;\"><strong>P\u00ebrdorimi:<\/strong><\/p>\n<p style=\"text-align: justify;\">Preferohet t\u00eb aplikohet n\u00eb m\u00ebngjes. Aplikoni 10 pompime n\u00eb l\u00ebkur\u00ebn e kok\u00ebs dhe m\u00eb pas masazhojeni. Pa shplarje.<\/p>\n<p style=\"text-align: justify;\">K\u00ebshillohet p\u00ebrdorimi 1 deri n\u00eb 2 her\u00eb n\u00eb dit\u00eb.<\/p>\n<p style=\"text-align: justify;\"><strong>P\u00ebrb\u00ebr\u00ebsit:<\/strong><\/p>\n<p style=\"text-align: justify;\">Uj\u00eb, butylene glycol, pentylene glycol, phenoxyethanol, tetrasodium disuccinoyl cystine, citric acid, panthenol, chlorphenesin, ppg-26-buteth-26, peg-40 hydrogenated castor oil, ethylhexylglycerin, glycerin, alcohol, tris(tetramethylhydroxypiperidinol), pinus sylvestris oil, citrus medica limonium (lemon) peel oil, limonene, melaleuca alternifolia (tea tree) leaf oil, cananga odorata flower oil, coriandrum sativum (coriander) fruit oil, linalool, apigenin, citrus aurantifolia (lime) oil, eugenia caryophyllus bud oil \/ eugenia caryphyllus (clove) flower oil, thymus vulgaris flower\/leaf oil \/ thymus vulgaris (thyme) oil, rosmarinus officinalis (rosemary) leaf oil, pogostemon cablin leaf oil, oleanolic acid, santalum album (sandalwood) oil, commiphora myrrha oil, tocopherol, biotinoyl tripeptide-1, ginkgo biloba leaf extract,panax ginseng root extract, vitis vinifera (grape) leaf extract, sodium benzoate, potassium sorbate.<\/p>\n<p style=\"text-align: justify;\">Lista e p\u00ebrb\u00ebr\u00ebsve t\u00eb p\u00ebrdorur n\u00eb formulimin e produkteve t\u00eb flok\u00ebve modifikohet rregullisht. Para p\u00ebrdorimit, sigurohuni q\u00eb t\u00eb kontrolloni list\u00ebn e p\u00ebrb\u00ebr\u00ebsve n\u00eb paketim p\u00ebr t\u00eb verifikuar se p\u00ebrb\u00ebr\u00ebsit jan\u00eb t\u00eb p\u00ebrshtatsh\u00ebm p\u00ebr p\u00ebrdorimin tuaj personal.<\/p>\n<p>&nbsp;<\/p>","protected":false},"excerpt":{"rendered":"<p><strong>100 ml <\/strong><\/p>\n<p style=\"text-align: justify;\">Formuluar posa\u00e7\u00ebrisht p\u00ebr t\u00eb luftuar r\u00ebnien e flok\u00ebve dhe p\u00ebr t\u00eb stimuluar rritjen e tyre. P\u00ebrb\u00ebrja e tij e bazuar n\u00eb ekstrakte bimore dhe nj\u00eb kompleks t\u00eb patentuar FGA rrit ndjesh\u00ebm ankorimin e flok\u00ebve dhe nxit rritjen e tyre. Flok\u00ebt rifitojn\u00eb forc\u00ebn dhe vitalitetin, jan\u00eb m\u00eb t\u00eb dendur dhe m\u00eb t\u00eb bukur.<\/p>","protected":false},"featured_media":1949,"comment_status":"open","ping_status":"closed","template":"","meta":{"site-sidebar-layout":"default","site-content-layout":"default","ast-site-content-layout":"default","site-content-style":"default","site-sidebar-style":"default","ast-global-header-display":"","ast-banner-title-visibility":"","ast-main-header-display":"","ast-hfb-above-header-display":"","ast-hfb-below-header-display":"","ast-hfb-mobile-header-display":"","site-post-title":"","ast-breadcrumbs-content":"","ast-featured-img":"","footer-sml-layout":"","ast-disable-related-posts":"","theme-transparent-header-meta":"default","adv-header-id-meta":"","stick-header-meta":"","header-above-stick-meta":"","header-main-stick-meta":"","header-below-stick-meta":"","astra-migrate-meta-layouts":"default","ast-page-background-enabled":"default","ast-page-background-meta":{"desktop":{"background-color":"var(--ast-global-color-4)","background-image":"","background-repeat":"repeat","background-position":"center center","background-size":"auto","background-attachment":"scroll","background-type":"","background-media":"","overlay-type":"","overlay-color":"","overlay-opacity":"","overlay-gradient":""},"tablet":{"background-color":"","background-image":"","background-repeat":"repeat","background-position":"center center","background-size":"auto","background-attachment":"scroll","background-type":"","background-media":"","overlay-type":"","overlay-color":"","overlay-opacity":"","overlay-gradient":""},"mobile":{"background-color":"","background-image":"","background-repeat":"repeat","background-position":"center center","background-size":"auto","background-attachment":"scroll","background-type":"","background-media":"","overlay-type":"","overlay-color":"","overlay-opacity":"","overlay-gradient":""}},"ast-content-background-meta":{"desktop":{"background-color":"var(--ast-global-color-5)","background-image":"","background-repeat":"repeat","background-position":"center center","background-size":"auto","background-attachment":"scroll","background-type":"","background-media":"","overlay-type":"","overlay-color":"","overlay-opacity":"","overlay-gradient":""},"tablet":{"background-color":"var(--ast-global-color-5)","background-image":"","background-repeat":"repeat","background-position":"center center","background-size":"auto","background-attachment":"scroll","background-type":"","background-media":"","overlay-type":"","overlay-color":"","overlay-opacity":"","overlay-gradient":""},"mobile":{"background-color":"var(--ast-global-color-5)","background-image":"","background-repeat":"repeat","background-position":"center center","background-size":"auto","background-attachment":"scroll","background-type":"","background-media":"","overlay-type":"","overlay-color":"","overlay-opacity":"","overlay-gradient":""}}},"product_brand":[],"product_cat":[57,28],"product_tag":[],"class_list":{"0":"post-1965","1":"product","2":"type-product","3":"status-publish","4":"has-post-thumbnail","6":"product_cat-follicle-activ","7":"product_cat-hairfax","8":"desktop-align-left","9":"tablet-align-left","10":"mobile-align-left","12":"first","13":"instock","14":"shipping-taxable","15":"purchasable","16":"product-type-simple"},"_links":{"self":[{"href":"https:\/\/zois.al\/sq\/wp-json\/wp\/v2\/product\/1965","targetHints":{"allow":["GET"]}}],"collection":[{"href":"https:\/\/zois.al\/sq\/wp-json\/wp\/v2\/product"}],"about":[{"href":"https:\/\/zois.al\/sq\/wp-json\/wp\/v2\/types\/product"}],"replies":[{"embeddable":true,"href":"https:\/\/zois.al\/sq\/wp-json\/wp\/v2\/comments?post=1965"}],"wp:featuredmedia":[{"embeddable":true,"href":"https:\/\/zois.al\/sq\/wp-json\/wp\/v2\/media\/1949"}],"wp:attachment":[{"href":"https:\/\/zois.al\/sq\/wp-json\/wp\/v2\/media?parent=1965"}],"wp:term":[{"taxonomy":"product_brand","embeddable":true,"href":"https:\/\/zois.al\/sq\/wp-json\/wp\/v2\/product_brand?post=1965"},{"taxonomy":"product_cat","embeddable":true,"href":"https:\/\/zois.al\/sq\/wp-json\/wp\/v2\/product_cat?post=1965"},{"taxonomy":"product_tag","embeddable":true,"href":"https:\/\/zois.al\/sq\/wp-json\/wp\/v2\/product_tag?post=1965"}],"curies":[{"name":"wp","href":"https:\/\/api.w.org\/{rel}","templated":true}]}}